{"id":16742,"date":"2026-04-22T18:48:56","date_gmt":"2026-04-22T16:48:56","guid":{"rendered":"https:\/\/poleandaerialart.com\/?page_id=16742"},"modified":"2026-04-22T19:16:45","modified_gmt":"2026-04-22T17:16:45","slug":"paah-paw-2026-spring","status":"publish","type":"page","link":"https:\/\/poleandaerialart.com\/en\/paah-paw-2026-spring\/","title":{"rendered":"PAAH &#038; PAW 2026 spring"},"content":{"rendered":"\t\t<div data-elementor-type=\"wp-page\" data-elementor-id=\"16742\" class=\"elementor elementor-16742 elementor-16741\" data-elementor-post-type=\"page\">\n\t\t\t\t<div class=\"elementor-element elementor-element-9c02840 e-flex e-con-boxed e-con e-parent\" data-id=\"9c02840\" data-element_type=\"container\">\n\t\t\t\t\t<div class=\"e-con-inner\">\n\t\t\t\t<div class=\"elementor-element elementor-element-0b7d7c7 elementor-widget elementor-widget-heading\" data-id=\"0b7d7c7\" data-element_type=\"widget\" data-widget_type=\"heading.default\">\n\t\t\t\t<div class=\"elementor-widget-container\">\n\t\t\t\t\t<span class=\"elementor-heading-title elementor-size-default\">pole &amp; aerial art<\/span>\t\t\t\t<\/div>\n\t\t\t\t<\/div>\n\t\t\t\t<div class=\"elementor-element elementor-element-7654518 elementor-widget elementor-widget-heading\" data-id=\"7654518\" data-element_type=\"widget\" data-widget_type=\"heading.default\">\n\t\t\t\t<div class=\"elementor-widget-container\">\n\t\t\t\t\t<h2 class=\"elementor-heading-title elementor-size-default\">PAAH &amp; PAW 2026 spring<\/h2>\t\t\t\t<\/div>\n\t\t\t\t<\/div>\n\t\t\t\t<div class=\"elementor-element elementor-element-2fe58f9 elementor-widget-divider--view-line elementor-widget elementor-widget-divider\" data-id=\"2fe58f9\" data-element_type=\"widget\" data-widget_type=\"divider.default\">\n\t\t\t\t<div class=\"elementor-widget-container\">\n\t\t\t\t\t\t\t<div class=\"elementor-divider\">\n\t\t\t<span class=\"elementor-divider-separator\">\n\t\t\t\t\t\t<\/span>\n\t\t<\/div>\n\t\t\t\t\t\t<\/div>\n\t\t\t\t<\/div>\n\t\t\t\t\t<\/div>\n\t\t\t\t<\/div>\n\t\t<div class=\"elementor-element elementor-element-a1d424d elementor-hidden-desktop elementor-hidden-tablet elementor-hidden-mobile e-flex e-con-boxed e-con e-parent\" data-id=\"a1d424d\" data-element_type=\"container\">\n\t\t\t\t\t<div class=\"e-con-inner\">\n\t\t\t\t<div class=\"elementor-element elementor-element-dec0047 elementor-align-center elementor-mobile-align-left elementor-widget elementor-widget-button\" data-id=\"dec0047\" data-element_type=\"widget\" data-widget_type=\"button.default\">\n\t\t\t\t<div class=\"elementor-widget-container\">\n\t\t\t\t\t\t\t\t\t<div class=\"elementor-button-wrapper\">\n\t\t\t\t\t<a class=\"elementor-button elementor-button-link elementor-size-sm\" href=\"#\">\n\t\t\t\t\t\t<span class=\"elementor-button-content-wrapper\">\n\t\t\t\t\t\t\t\t\t<span class=\"elementor-button-text\">MEGVESZEM A PONTOZ\u00d3LAPOMAT<\/span>\n\t\t\t\t\t<\/span>\n\t\t\t\t\t<\/a>\n\t\t\t\t<\/div>\n\t\t\t\t\t\t\t\t<\/div>\n\t\t\t\t<\/div>\n\t\t\t\t\t<\/div>\n\t\t\t\t<\/div>\n\t\t<div class=\"elementor-element elementor-element-b3bc091 e-flex e-con-boxed e-con e-parent\" data-id=\"b3bc091\" data-element_type=\"container\">\n\t\t\t\t\t<div class=\"e-con-inner\">\n\t\t\t\t<div class=\"elementor-element elementor-element-4bbc0f4 elementor-widget elementor-widget-text-editor\" data-id=\"4bbc0f4\" data-element_type=\"widget\" data-widget_type=\"text-editor.default\">\n\t\t\t\t<div class=\"elementor-widget-container\">\n\t\t\t\t\t\t\t\t\t<p><b>Pole and Aerial ART HUNGARY &amp; WORLD CUP Qualification 2026<\/b><b><br \/><\/b><b>Competition and Anniversary ART SHOW<\/b><\/p><p><b>30-31 May 2026<\/b><span style=\"font-weight: 400;\">\u00a0\u2013 <\/span><a href=\"https:\/\/uprendezvenyter.hu\/\"><span style=\"font-weight: 400;\">UP Rendezv\u00e9nyt\u00e9r<\/span><span style=\"font-weight: 400;\"><br \/><\/span><\/a><span style=\"font-weight: 400;\">1042 Budapest, Szent Istv\u00e1n square 13-14.<\/span><\/p><h5>\u00a0<\/h5><h5><b>Saturday 30 May 2026<\/b><\/h5><p><b>PoleART &amp; ExoART categories<br \/>Anniversary ART SHOW<br \/>YLZ\u00c9 &#8211; SAME performance<\/b><\/p><p>Detailed program plan coming soon.<\/p><h5><b>Sunday 31 May 2026<br \/><\/b><\/h5><p><b>AerialART categories<\/b><\/p><p>Detailed program plan coming soon.<\/p><p>\u00a0<\/p><p><b>The previously running starting order for the competitors is the guiding principle for entering the stage.<\/b><\/p><p><b>We reserve the right to change the programme.<\/b><\/p>\t\t\t\t\t\t\t\t<\/div>\n\t\t\t\t<\/div>\n\t\t\t\t\t<\/div>\n\t\t\t\t<\/div>\n\t\t\t\t<\/div>\n\t\t","protected":false},"excerpt":{"rendered":"<p>pole &amp; aerial art PAAH &amp; PAW 2026 spring MEGVESZEM A PONTOZ\u00d3LAPOMAT Pole and Aerial ART HUNGARY &amp; WORLD CUP Qualification 2026Competition and Anniversary ART SHOW 30-31 May 2026\u00a0\u2013 UP Rendezv\u00e9nyt\u00e9r1042 Budapest, Szent Istv\u00e1n square 13-14. \u00a0 Saturday 30 May [&hellip;]<\/p>\n","protected":false},"author":2,"featured_media":0,"parent":0,"menu_order":14,"comment_status":"closed","ping_status":"closed","template":"full-width.php","meta":{"footnotes":""},"class_list":["post-16742","page","type-page","status-publish","hentry"],"yoast_head":"<!-- This site is optimized with the Yoast SEO plugin v26.6 - https:\/\/yoast.com\/wordpress\/plugins\/seo\/ -->\n<title>PAAH &amp; PAW 2026 spring - Pole &amp; Aerial Art<\/title>\n<meta name=\"robots\" content=\"index, follow, max-snippet:-1, max-image-preview:large, max-video-preview:-1\" \/>\n<link rel=\"canonical\" href=\"https:\/\/poleandaerialart.com\/en\/paah-paw-2026-spring\/\" \/>\n<meta property=\"og:locale\" content=\"en_US\" \/>\n<meta property=\"og:type\" content=\"article\" \/>\n<meta property=\"og:title\" content=\"PAAH &amp; PAW 2026 spring - Pole &amp; Aerial Art\" \/>\n<meta property=\"og:description\" content=\"pole &amp; aerial art PAAH &amp; PAW 2026 spring MEGVESZEM A PONTOZ\u00d3LAPOMAT Pole and Aerial ART HUNGARY &amp; WORLD CUP Qualification 2026Competition and Anniversary ART SHOW 30-31 May 2026\u00a0\u2013 UP Rendezv\u00e9nyt\u00e9r1042 Budapest, Szent Istv\u00e1n square 13-14. \u00a0 Saturday 30 May [&hellip;]\" \/>\n<meta property=\"og:url\" content=\"https:\/\/poleandaerialart.com\/en\/paah-paw-2026-spring\/\" \/>\n<meta property=\"og:site_name\" content=\"Pole &amp; Aerial Art\" \/>\n<meta property=\"article:modified_time\" content=\"2026-04-22T17:16:45+00:00\" \/>\n<meta property=\"og:image\" content=\"https:\/\/poleandaerialart.com\/wp-content\/uploads\/2024\/10\/RGP_8744-Edit.jpg\" \/>\n\t<meta property=\"og:image:width\" content=\"2048\" \/>\n\t<meta property=\"og:image:height\" content=\"1151\" \/>\n\t<meta property=\"og:image:type\" content=\"image\/jpeg\" \/>\n<meta name=\"twitter:card\" content=\"summary_large_image\" \/>\n<meta name=\"twitter:label1\" content=\"Est. reading time\" \/>\n\t<meta name=\"twitter:data1\" content=\"1 minute\" \/>\n<script type=\"application\/ld+json\" class=\"yoast-schema-graph\">{\"@context\":\"https:\/\/schema.org\",\"@graph\":[{\"@type\":\"WebPage\",\"@id\":\"https:\/\/poleandaerialart.com\/en\/paah-paw-2026-spring\/\",\"url\":\"https:\/\/poleandaerialart.com\/en\/paah-paw-2026-spring\/\",\"name\":\"PAAH & PAW 2026 spring - Pole &amp; Aerial Art\",\"isPartOf\":{\"@id\":\" https:\/\/poleandaerialart.com\/#website\"},\"datePublished\":\"2026-04-22T16:48:56+00:00\",\"dateModified\":\"2026-04-22T17:16:45+00:00\",\"breadcrumb\":{\"@id\":\"https:\/\/poleandaerialart.com\/en\/paah-paw-2026-spring\/#breadcrumb\"},\"inLanguage\":\"en-US\",\"potentialAction\":[{\"@type\":\"ReadAction\",\"target\":[\"https:\/\/poleandaerialart.com\/en\/paah-paw-2026-spring\/\"]}]},{\"@type\":\"BreadcrumbList\",\"@id\":\"https:\/\/poleandaerialart.com\/en\/paah-paw-2026-spring\/#breadcrumb\",\"itemListElement\":[{\"@type\":\"ListItem\",\"position\":1,\"name\":\"Home\",\"item\":\"https:\/\/poleandaerialart.com\/\"},{\"@type\":\"ListItem\",\"position\":2,\"name\":\"PAAH &#038; PAW 2026 spring\"}]},{\"@type\":\"WebSite\",\"@id\":\" https:\/\/poleandaerialart.com\/#website\",\"url\":\" https:\/\/poleandaerialart.com\/\",\"name\":\"Pole &amp; Aerial Art\",\"description\":\"\",\"potentialAction\":[{\"@type\":\"SearchAction\",\"target\":{\"@type\":\"EntryPoint\",\"urlTemplate\":\" https:\/\/poleandaerialart.com\/?s={search_term_string}\"},\"query-input\":{\"@type\":\"PropertyValueSpecification\",\"valueRequired\":true,\"valueName\":\"search_term_string\"}}],\"inLanguage\":\"en-US\"}]}<\/script>\n<!-- \/ Yoast SEO plugin. -->","yoast_head_json":{"title":"PAAH & PAW 2026 spring - Pole &amp; Aerial Art","robots":{"index":"index","follow":"follow","max-snippet":"max-snippet:-1","max-image-preview":"max-image-preview:large","max-video-preview":"max-video-preview:-1"},"canonical":"https:\/\/poleandaerialart.com\/en\/paah-paw-2026-spring\/","og_locale":"en_US","og_type":"article","og_title":"PAAH & PAW 2026 spring - Pole &amp; Aerial Art","og_description":"pole &amp; aerial art PAAH &amp; PAW 2026 spring MEGVESZEM A PONTOZ\u00d3LAPOMAT Pole and Aerial ART HUNGARY &amp; WORLD CUP Qualification 2026Competition and Anniversary ART SHOW 30-31 May 2026\u00a0\u2013 UP Rendezv\u00e9nyt\u00e9r1042 Budapest, Szent Istv\u00e1n square 13-14. \u00a0 Saturday 30 May [&hellip;]","og_url":"https:\/\/poleandaerialart.com\/en\/paah-paw-2026-spring\/","og_site_name":"Pole &amp; Aerial Art","article_modified_time":"2026-04-22T17:16:45+00:00","og_image":[{"width":2048,"height":1151,"url":"https:\/\/poleandaerialart.com\/wp-content\/uploads\/2024\/10\/RGP_8744-Edit.jpg","type":"image\/jpeg"}],"twitter_card":"summary_large_image","twitter_misc":{"Est. reading time":"1 minute"},"schema":{"@context":"https:\/\/schema.org","@graph":[{"@type":"WebPage","@id":"https:\/\/poleandaerialart.com\/en\/paah-paw-2026-spring\/","url":"https:\/\/poleandaerialart.com\/en\/paah-paw-2026-spring\/","name":"PAAH & PAW 2026 spring - Pole &amp; Aerial Art","isPartOf":{"@id":" https:\/\/poleandaerialart.com\/#website"},"datePublished":"2026-04-22T16:48:56+00:00","dateModified":"2026-04-22T17:16:45+00:00","breadcrumb":{"@id":"https:\/\/poleandaerialart.com\/en\/paah-paw-2026-spring\/#breadcrumb"},"inLanguage":"en-US","potentialAction":[{"@type":"ReadAction","target":["https:\/\/poleandaerialart.com\/en\/paah-paw-2026-spring\/"]}]},{"@type":"BreadcrumbList","@id":"https:\/\/poleandaerialart.com\/en\/paah-paw-2026-spring\/#breadcrumb","itemListElement":[{"@type":"ListItem","position":1,"name":"Home","item":"https:\/\/poleandaerialart.com\/"},{"@type":"ListItem","position":2,"name":"PAAH &#038; PAW 2026 spring"}]},{"@type":"WebSite","@id":" https:\/\/poleandaerialart.com\/#website","url":" https:\/\/poleandaerialart.com\/","name":"Pole &amp; Aerial Art","description":"","potentialAction":[{"@type":"SearchAction","target":{"@type":"EntryPoint","urlTemplate":" https:\/\/poleandaerialart.com\/?s={search_term_string}"},"query-input":{"@type":"PropertyValueSpecification","valueRequired":true,"valueName":"search_term_string"}}],"inLanguage":"en-US"}]}},"_links":{"self":[{"href":"https:\/\/poleandaerialart.com\/en\/wp-json\/wp\/v2\/pages\/16742","targetHints":{"allow":["GET"]}}],"collection":[{"href":"https:\/\/poleandaerialart.com\/en\/wp-json\/wp\/v2\/pages"}],"about":[{"href":"https:\/\/poleandaerialart.com\/en\/wp-json\/wp\/v2\/types\/page"}],"author":[{"embeddable":true,"href":"https:\/\/poleandaerialart.com\/en\/wp-json\/wp\/v2\/users\/2"}],"replies":[{"embeddable":true,"href":"https:\/\/poleandaerialart.com\/en\/wp-json\/wp\/v2\/comments?post=16742"}],"version-history":[{"count":7,"href":"https:\/\/poleandaerialart.com\/en\/wp-json\/wp\/v2\/pages\/16742\/revisions"}],"predecessor-version":[{"id":16758,"href":"https:\/\/poleandaerialart.com\/en\/wp-json\/wp\/v2\/pages\/16742\/revisions\/16758"}],"wp:attachment":[{"href":"https:\/\/poleandaerialart.com\/en\/wp-json\/wp\/v2\/media?parent=16742"}],"curies":[{"name":"wp","href":"https:\/\/api.w.org\/{rel}","templated":true}]}}