{"id":14673,"date":"2025-03-09T18:53:49","date_gmt":"2025-03-09T17:53:49","guid":{"rendered":"https:\/\/poleandaerialart.com\/?page_id=14673"},"modified":"2026-04-23T11:36:27","modified_gmt":"2026-04-23T09:36:27","slug":"jury-2026-spring","status":"publish","type":"page","link":"https:\/\/poleandaerialart.com\/en\/jury-2026-spring\/","title":{"rendered":"Jury &#8211; 2026 spring"},"content":{"rendered":"\t\t<div data-elementor-type=\"wp-page\" data-elementor-id=\"14673\" class=\"elementor elementor-14673\" data-elementor-post-type=\"page\">\n\t\t\t\t<div class=\"elementor-element elementor-element-f132cd1 e-grid e-con-full e-con e-parent\" data-id=\"f132cd1\" data-element_type=\"container\" data-e-type=\"container\">\n\t\t\t\t<div class=\"elementor-element elementor-element-922d1bc elementor-position-top elementor-widget elementor-widget-image-box\" data-id=\"922d1bc\" data-element_type=\"widget\" data-e-type=\"widget\" data-widget_type=\"image-box.default\">\n\t\t\t\t<div class=\"elementor-widget-container\">\n\t\t\t\t\t<div class=\"elementor-image-box-wrapper\"><figure class=\"elementor-image-box-img\"><a href=\"https:\/\/www.instagram.com\/eggstravaganza__\/\" target=\"_blank\" tabindex=\"-1\"><img fetchpriority=\"high\" decoding=\"async\" width=\"550\" height=\"550\" src=\"https:\/\/poleandaerialart.com\/wp-content\/uploads\/2026\/04\/Eggstravaganza-1-550x550.jpg\" class=\"attachment-arabesque_mikado_square size-arabesque_mikado_square wp-image-16783\" alt=\"\" srcset=\"https:\/\/poleandaerialart.com\/wp-content\/uploads\/2026\/04\/Eggstravaganza-1-550x550.jpg 550w, https:\/\/poleandaerialart.com\/wp-content\/uploads\/2026\/04\/Eggstravaganza-1-150x150.jpg 150w, https:\/\/poleandaerialart.com\/wp-content\/uploads\/2026\/04\/Eggstravaganza-1-1100x1100.jpg 1100w, https:\/\/poleandaerialart.com\/wp-content\/uploads\/2026\/04\/Eggstravaganza-1-300x300.jpg 300w, https:\/\/poleandaerialart.com\/wp-content\/uploads\/2026\/04\/Eggstravaganza-1-100x100.jpg 100w\" sizes=\"(max-width: 550px) 100vw, 550px\" \/><\/a><\/figure><div class=\"elementor-image-box-content\"><h3 class=\"elementor-image-box-title\"><a href=\"https:\/\/www.instagram.com\/eggstravaganza__\/\" target=\"_blank\"><h4 data-elementor-setting-key=\"title\" data-pen-placeholder=\"Ide \u00edrj...\">eggstravaganza<span style=\"font-size: 30px;letter-spacing: 0.06em\"><\/span><\/h4><\/a><\/h3><p class=\"elementor-image-box-description\"><span style=\"font-weight: 600\">Pole and ExoART\u200b<\/span><span style=\"font-weight: 600\"> <\/span><br>Exotic and pole dancing artist, instructor and performer<\/p><\/div><\/div>\t\t\t\t<\/div>\n\t\t\t\t<\/div>\n\t\t\t\t<div class=\"elementor-element elementor-element-0407e14 elementor-position-top elementor-widget elementor-widget-image-box\" data-id=\"0407e14\" data-element_type=\"widget\" data-e-type=\"widget\" data-widget_type=\"image-box.default\">\n\t\t\t\t<div class=\"elementor-widget-container\">\n\t\t\t\t\t<div class=\"elementor-image-box-wrapper\"><figure class=\"elementor-image-box-img\"><a href=\"https:\/\/www.instagram.com\/silnarurka\/\" target=\"_blank\" tabindex=\"-1\"><img decoding=\"async\" width=\"550\" height=\"550\" src=\"https:\/\/poleandaerialart.com\/wp-content\/uploads\/2026\/04\/Cezary-1-550x550.jpg\" class=\"attachment-arabesque_mikado_square size-arabesque_mikado_square wp-image-16782\" alt=\"\" srcset=\"https:\/\/poleandaerialart.com\/wp-content\/uploads\/2026\/04\/Cezary-1-550x550.jpg 550w, https:\/\/poleandaerialart.com\/wp-content\/uploads\/2026\/04\/Cezary-1-150x150.jpg 150w, https:\/\/poleandaerialart.com\/wp-content\/uploads\/2026\/04\/Cezary-1-1100x1100.jpg 1100w, https:\/\/poleandaerialart.com\/wp-content\/uploads\/2026\/04\/Cezary-1-300x300.jpg 300w, https:\/\/poleandaerialart.com\/wp-content\/uploads\/2026\/04\/Cezary-1-100x100.jpg 100w\" sizes=\"(max-width: 550px) 100vw, 550px\" \/><\/a><\/figure><div class=\"elementor-image-box-content\"><h3 class=\"elementor-image-box-title\"><a href=\"https:\/\/www.instagram.com\/silnarurka\/\" target=\"_blank\"><h4 data-elementor-setting-key=\"title\" data-pen-placeholder=\"Ide \u00edrj...\">cezary dymowski<span style=\"font-size: 30px;letter-spacing: 0.06em\"><\/span><\/h4><\/a><\/h3><p class=\"elementor-image-box-description\"><span style=\"font-weight: 600\">Pole and ExoART\u200b<\/span><span style=\"font-weight: 600\"> <\/span><br>Pole dance artist, instructor and athlete<\/p><\/div><\/div>\t\t\t\t<\/div>\n\t\t\t\t<\/div>\n\t\t\t\t<div class=\"elementor-element elementor-element-f37736b elementor-position-top elementor-widget elementor-widget-image-box\" data-id=\"f37736b\" data-element_type=\"widget\" data-e-type=\"widget\" data-widget_type=\"image-box.default\">\n\t\t\t\t<div class=\"elementor-widget-container\">\n\t\t\t\t\t<div class=\"elementor-image-box-wrapper\"><figure class=\"elementor-image-box-img\"><a href=\"https:\/\/www.instagram.com\/barbaraborczi\/\" target=\"_blank\" tabindex=\"-1\"><img decoding=\"async\" width=\"550\" height=\"550\" src=\"https:\/\/poleandaerialart.com\/wp-content\/uploads\/2026\/04\/BorcziBarbi-1-550x550.jpg\" class=\"attachment-arabesque_mikado_square size-arabesque_mikado_square wp-image-16780\" alt=\"\" srcset=\"https:\/\/poleandaerialart.com\/wp-content\/uploads\/2026\/04\/BorcziBarbi-1-550x550.jpg 550w, https:\/\/poleandaerialart.com\/wp-content\/uploads\/2026\/04\/BorcziBarbi-1-150x150.jpg 150w, https:\/\/poleandaerialart.com\/wp-content\/uploads\/2026\/04\/BorcziBarbi-1-1100x1100.jpg 1100w, https:\/\/poleandaerialart.com\/wp-content\/uploads\/2026\/04\/BorcziBarbi-1-300x300.jpg 300w, https:\/\/poleandaerialart.com\/wp-content\/uploads\/2026\/04\/BorcziBarbi-1-100x100.jpg 100w\" sizes=\"(max-width: 550px) 100vw, 550px\" \/><\/a><\/figure><div class=\"elementor-image-box-content\"><h3 class=\"elementor-image-box-title\"><a href=\"https:\/\/www.instagram.com\/barbaraborczi\/\" target=\"_blank\"><h4 data-elementor-setting-key=\"title\" data-pen-placeholder=\"Ide \u00edrj...\">barbara csord\u00e1s-b\u00f6rczi<span style=\"font-size: 30px;letter-spacing: 0.06em\"><\/span><\/h4><\/a><\/h3><p class=\"elementor-image-box-description\"><span style=\"font-weight: 600\">Pole and ExoART\u200b<\/span><span style=\"font-weight: 600\"> <\/span><br>Dancer, founder of the two-time WOD winner ART KINGDOM Dance Community, choreographer<\/p><\/div><\/div>\t\t\t\t<\/div>\n\t\t\t\t<\/div>\n\t\t\t\t<div class=\"elementor-element elementor-element-18bc930 elementor-widget__width-inherit elementor-position-top elementor-widget elementor-widget-image-box\" data-id=\"18bc930\" data-element_type=\"widget\" data-e-type=\"widget\" data-widget_type=\"image-box.default\">\n\t\t\t\t<div class=\"elementor-widget-container\">\n\t\t\t\t\t<div class=\"elementor-image-box-wrapper\"><figure class=\"elementor-image-box-img\"><a href=\"https:\/\/www.instagram.com\/zs.gabor\/\" tabindex=\"-1\"><img loading=\"lazy\" decoding=\"async\" width=\"550\" height=\"550\" src=\"https:\/\/poleandaerialart.com\/wp-content\/uploads\/2024\/10\/Gabi-550x550.jpg\" class=\"attachment-arabesque_mikado_square size-arabesque_mikado_square wp-image-13070\" alt=\"\" srcset=\"https:\/\/poleandaerialart.com\/wp-content\/uploads\/2024\/10\/Gabi-550x550.jpg 550w, https:\/\/poleandaerialart.com\/wp-content\/uploads\/2024\/10\/Gabi-150x150.jpg 150w, https:\/\/poleandaerialart.com\/wp-content\/uploads\/2024\/10\/Gabi-700x700.jpg 700w, https:\/\/poleandaerialart.com\/wp-content\/uploads\/2024\/10\/Gabi-1100x1100.jpg 1100w, https:\/\/poleandaerialart.com\/wp-content\/uploads\/2024\/10\/Gabi-300x300.jpg 300w, https:\/\/poleandaerialart.com\/wp-content\/uploads\/2024\/10\/Gabi-100x100.jpg 100w\" sizes=\"(max-width: 550px) 100vw, 550px\" \/><\/a><\/figure><div class=\"elementor-image-box-content\"><h3 class=\"elementor-image-box-title\"><a href=\"https:\/\/www.instagram.com\/zs.gabor\/\"><h4 data-elementor-setting-key=\"title\" data-pen-placeholder=\"Ide \u00edrj...\">G\u00e1bor Zs\u00edros<span style=\"font-size: 30px;letter-spacing: 0.06em\"><\/span><\/h4><\/a><\/h3><p class=\"elementor-image-box-description\"><span style=\"font-weight: 600\">Aerial ART<\/span><span style=\"font-weight: 600\"> <\/span><br>Choreographer and dancer and artist of the Recirquel company<\/p><\/div><\/div>\t\t\t\t<\/div>\n\t\t\t\t<\/div>\n\t\t\t\t<div class=\"elementor-element elementor-element-3555134 elementor-position-top elementor-widget elementor-widget-image-box\" data-id=\"3555134\" data-element_type=\"widget\" data-e-type=\"widget\" data-widget_type=\"image-box.default\">\n\t\t\t\t<div class=\"elementor-widget-container\">\n\t\t\t\t\t<div class=\"elementor-image-box-wrapper\"><figure class=\"elementor-image-box-img\"><a href=\"https:\/\/www.instagram.com\/renato_illes\/\" tabindex=\"-1\"><img loading=\"lazy\" decoding=\"async\" width=\"550\" height=\"550\" src=\"https:\/\/poleandaerialart.com\/wp-content\/uploads\/2025\/03\/IMG_6234-550x550.jpeg\" class=\"attachment-arabesque_mikado_square size-arabesque_mikado_square wp-image-14874\" alt=\"\" srcset=\"https:\/\/poleandaerialart.com\/wp-content\/uploads\/2025\/03\/IMG_6234-550x550.jpeg 550w, https:\/\/poleandaerialart.com\/wp-content\/uploads\/2025\/03\/IMG_6234-150x150.jpeg 150w, https:\/\/poleandaerialart.com\/wp-content\/uploads\/2025\/03\/IMG_6234-700x700.jpeg 700w, https:\/\/poleandaerialart.com\/wp-content\/uploads\/2025\/03\/IMG_6234-1100x1100.jpeg 1100w, https:\/\/poleandaerialart.com\/wp-content\/uploads\/2025\/03\/IMG_6234-300x300.jpeg 300w, https:\/\/poleandaerialart.com\/wp-content\/uploads\/2025\/03\/IMG_6234-100x100.jpeg 100w\" sizes=\"(max-width: 550px) 100vw, 550px\" \/><\/a><\/figure><div class=\"elementor-image-box-content\"><h3 class=\"elementor-image-box-title\"><a href=\"https:\/\/www.instagram.com\/renato_illes\/\"><h4 data-elementor-setting-key=\"title\" data-pen-placeholder=\"Ide \u00edrj...\">Ren\u00e1t\u00f3 Ill\u00e9s<span style=\"font-size: 30px;letter-spacing: 0.06em\"><\/span><\/h4><\/a><\/h3><p class=\"elementor-image-box-description\"><span style=\"font-weight: 600\">Aerial ART<\/span><span style=\"font-weight: 600\"> <\/span><br>Dancer, choreographer and artist of the Recirquel company<\/p><\/div><\/div>\t\t\t\t<\/div>\n\t\t\t\t<\/div>\n\t\t\t\t<div class=\"elementor-element elementor-element-8bb1158 elementor-position-top elementor-widget elementor-widget-image-box\" data-id=\"8bb1158\" data-element_type=\"widget\" data-e-type=\"widget\" data-widget_type=\"image-box.default\">\n\t\t\t\t<div class=\"elementor-widget-container\">\n\t\t\t\t\t<div class=\"elementor-image-box-wrapper\"><figure class=\"elementor-image-box-img\"><a href=\"https:\/\/www.instagram.com\/saranagyhegyi\/\" tabindex=\"-1\"><img loading=\"lazy\" decoding=\"async\" width=\"550\" height=\"550\" src=\"https:\/\/poleandaerialart.com\/wp-content\/uploads\/2026\/04\/saranagyhegyi-1-550x550.jpg\" class=\"attachment-arabesque_mikado_square size-arabesque_mikado_square wp-image-16779\" alt=\"\" srcset=\"https:\/\/poleandaerialart.com\/wp-content\/uploads\/2026\/04\/saranagyhegyi-1-550x550.jpg 550w, https:\/\/poleandaerialart.com\/wp-content\/uploads\/2026\/04\/saranagyhegyi-1-150x150.jpg 150w, https:\/\/poleandaerialart.com\/wp-content\/uploads\/2026\/04\/saranagyhegyi-1-1100x1100.jpg 1100w, https:\/\/poleandaerialart.com\/wp-content\/uploads\/2026\/04\/saranagyhegyi-1-300x300.jpg 300w, https:\/\/poleandaerialart.com\/wp-content\/uploads\/2026\/04\/saranagyhegyi-1-100x100.jpg 100w\" sizes=\"(max-width: 550px) 100vw, 550px\" \/><\/a><\/figure><div class=\"elementor-image-box-content\"><h3 class=\"elementor-image-box-title\"><a href=\"https:\/\/www.instagram.com\/saranagyhegyi\/\"><h4 data-elementor-setting-key=\"title\" data-pen-placeholder=\"Ide \u00edrj...\">s\u00e1ra nagyhegyi<span style=\"font-size: 30px;letter-spacing: 0.06em\"><\/span><\/h4><\/a><\/h3><p class=\"elementor-image-box-description\"><span style=\"font-weight: 600\">Aerial ART\u200b<\/span><span style=\"font-weight: 600\"> <\/span><br>Professional circus performer, dancer and aerialist<\/p><\/div><\/div>\t\t\t\t<\/div>\n\t\t\t\t<\/div>\n\t\t\t\t<\/div>\n\t\t\t\t<\/div>\n\t\t","protected":false},"excerpt":{"rendered":"<p>eggstravaganza Pole and ExoART\u200b Exotic and pole dancing artist, instructor and performer cezary dymowski Pole and ExoART\u200b Pole dance artist, instructor and athlete barbara csord\u00e1s-b\u00f6rczi Pole and ExoART\u200b Dancer, founder of the two-time WOD winner ART KINGDOM Dance Community, choreographer [&hellip;]<\/p>\n","protected":false},"author":2,"featured_media":0,"parent":0,"menu_order":20,"comment_status":"closed","ping_status":"closed","template":"full-width.php","meta":{"footnotes":""},"class_list":["post-14673","page","type-page","status-publish","hentry"],"yoast_head":"<!-- This site is optimized with the Yoast SEO plugin v27.4 - https:\/\/yoast.com\/product\/yoast-seo-wordpress\/ -->\n<title>Jury - 2026 spring - Pole &amp; Aerial Art<\/title>\n<meta name=\"robots\" content=\"index, follow, max-snippet:-1, max-image-preview:large, max-video-preview:-1\" \/>\n<link rel=\"canonical\" href=\"https:\/\/poleandaerialart.com\/en\/jury-2026-spring\/\" \/>\n<meta property=\"og:locale\" content=\"en_US\" \/>\n<meta property=\"og:type\" content=\"article\" \/>\n<meta property=\"og:title\" content=\"Jury - 2026 spring - Pole &amp; Aerial Art\" \/>\n<meta property=\"og:description\" content=\"eggstravaganza Pole and ExoART\u200b Exotic and pole dancing artist, instructor and performer cezary dymowski Pole and ExoART\u200b Pole dance artist, instructor and athlete barbara csord\u00e1s-b\u00f6rczi Pole and ExoART\u200b Dancer, founder of the two-time WOD winner ART KINGDOM Dance Community, choreographer [&hellip;]\" \/>\n<meta property=\"og:url\" content=\"https:\/\/poleandaerialart.com\/en\/jury-2026-spring\/\" \/>\n<meta property=\"og:site_name\" content=\"Pole &amp; Aerial Art\" \/>\n<meta property=\"article:modified_time\" content=\"2026-04-23T09:36:27+00:00\" \/>\n<meta property=\"og:image\" content=\"https:\/\/poleandaerialart.com\/wp-content\/uploads\/2026\/04\/Eggstravaganza-1-550x550.jpg\" \/>\n<meta name=\"twitter:card\" content=\"summary_large_image\" \/>\n<meta name=\"twitter:label1\" content=\"Est. reading time\" \/>\n\t<meta name=\"twitter:data1\" content=\"2 minutes\" \/>\n<script type=\"application\/ld+json\" class=\"yoast-schema-graph\">{\"@context\":\"https:\\\/\\\/schema.org\",\"@graph\":[{\"@type\":\"WebPage\",\"@id\":\"https:\\\/\\\/poleandaerialart.com\\\/en\\\/jury-2026-spring\\\/\",\"url\":\"https:\\\/\\\/poleandaerialart.com\\\/en\\\/jury-2026-spring\\\/\",\"name\":\"Jury - 2026 spring - Pole &amp; Aerial Art\",\"isPartOf\":{\"@id\":\" https:\\\/\\\/poleandaerialart.com\\\/#website\"},\"primaryImageOfPage\":{\"@id\":\"https:\\\/\\\/poleandaerialart.com\\\/en\\\/jury-2026-spring\\\/#primaryimage\"},\"image\":{\"@id\":\"https:\\\/\\\/poleandaerialart.com\\\/en\\\/jury-2026-spring\\\/#primaryimage\"},\"thumbnailUrl\":\"https:\\\/\\\/poleandaerialart.com\\\/wp-content\\\/uploads\\\/2026\\\/04\\\/Eggstravaganza-1-550x550.jpg\",\"datePublished\":\"2025-03-09T17:53:49+00:00\",\"dateModified\":\"2026-04-23T09:36:27+00:00\",\"breadcrumb\":{\"@id\":\"https:\\\/\\\/poleandaerialart.com\\\/en\\\/jury-2026-spring\\\/#breadcrumb\"},\"inLanguage\":\"en-US\",\"potentialAction\":[{\"@type\":\"ReadAction\",\"target\":[\"https:\\\/\\\/poleandaerialart.com\\\/en\\\/jury-2026-spring\\\/\"]}]},{\"@type\":\"ImageObject\",\"inLanguage\":\"en-US\",\"@id\":\"https:\\\/\\\/poleandaerialart.com\\\/en\\\/jury-2026-spring\\\/#primaryimage\",\"url\":\"https:\\\/\\\/poleandaerialart.com\\\/wp-content\\\/uploads\\\/2026\\\/04\\\/Eggstravaganza-1-550x550.jpg\",\"contentUrl\":\"https:\\\/\\\/poleandaerialart.com\\\/wp-content\\\/uploads\\\/2026\\\/04\\\/Eggstravaganza-1-550x550.jpg\"},{\"@type\":\"BreadcrumbList\",\"@id\":\"https:\\\/\\\/poleandaerialart.com\\\/en\\\/jury-2026-spring\\\/#breadcrumb\",\"itemListElement\":[{\"@type\":\"ListItem\",\"position\":1,\"name\":\"Home\",\"item\":\"https:\\\/\\\/poleandaerialart.com\\\/\"},{\"@type\":\"ListItem\",\"position\":2,\"name\":\"Jury &#8211; 2026 spring\"}]},{\"@type\":\"WebSite\",\"@id\":\" https:\\\/\\\/poleandaerialart.com\\\/#website\",\"url\":\" https:\\\/\\\/poleandaerialart.com\\\/\",\"name\":\"Pole &amp; Aerial Art\",\"description\":\"\",\"potentialAction\":[{\"@type\":\"SearchAction\",\"target\":{\"@type\":\"EntryPoint\",\"urlTemplate\":\" https:\\\/\\\/poleandaerialart.com\\\/?s={search_term_string}\"},\"query-input\":{\"@type\":\"PropertyValueSpecification\",\"valueRequired\":true,\"valueName\":\"search_term_string\"}}],\"inLanguage\":\"en-US\"}]}<\/script>\n<!-- \/ Yoast SEO plugin. -->","yoast_head_json":{"title":"Jury - 2026 spring - Pole &amp; Aerial Art","robots":{"index":"index","follow":"follow","max-snippet":"max-snippet:-1","max-image-preview":"max-image-preview:large","max-video-preview":"max-video-preview:-1"},"canonical":"https:\/\/poleandaerialart.com\/en\/jury-2026-spring\/","og_locale":"en_US","og_type":"article","og_title":"Jury - 2026 spring - Pole &amp; Aerial Art","og_description":"eggstravaganza Pole and ExoART\u200b Exotic and pole dancing artist, instructor and performer cezary dymowski Pole and ExoART\u200b Pole dance artist, instructor and athlete barbara csord\u00e1s-b\u00f6rczi Pole and ExoART\u200b Dancer, founder of the two-time WOD winner ART KINGDOM Dance Community, choreographer [&hellip;]","og_url":"https:\/\/poleandaerialart.com\/en\/jury-2026-spring\/","og_site_name":"Pole &amp; Aerial Art","article_modified_time":"2026-04-23T09:36:27+00:00","og_image":[{"url":"https:\/\/poleandaerialart.com\/wp-content\/uploads\/2026\/04\/Eggstravaganza-1-550x550.jpg","type":"","width":"","height":""}],"twitter_card":"summary_large_image","twitter_misc":{"Est. reading time":"2 minutes"},"schema":{"@context":"https:\/\/schema.org","@graph":[{"@type":"WebPage","@id":"https:\/\/poleandaerialart.com\/en\/jury-2026-spring\/","url":"https:\/\/poleandaerialart.com\/en\/jury-2026-spring\/","name":"Jury - 2026 spring - Pole &amp; Aerial Art","isPartOf":{"@id":" https:\/\/poleandaerialart.com\/#website"},"primaryImageOfPage":{"@id":"https:\/\/poleandaerialart.com\/en\/jury-2026-spring\/#primaryimage"},"image":{"@id":"https:\/\/poleandaerialart.com\/en\/jury-2026-spring\/#primaryimage"},"thumbnailUrl":"https:\/\/poleandaerialart.com\/wp-content\/uploads\/2026\/04\/Eggstravaganza-1-550x550.jpg","datePublished":"2025-03-09T17:53:49+00:00","dateModified":"2026-04-23T09:36:27+00:00","breadcrumb":{"@id":"https:\/\/poleandaerialart.com\/en\/jury-2026-spring\/#breadcrumb"},"inLanguage":"en-US","potentialAction":[{"@type":"ReadAction","target":["https:\/\/poleandaerialart.com\/en\/jury-2026-spring\/"]}]},{"@type":"ImageObject","inLanguage":"en-US","@id":"https:\/\/poleandaerialart.com\/en\/jury-2026-spring\/#primaryimage","url":"https:\/\/poleandaerialart.com\/wp-content\/uploads\/2026\/04\/Eggstravaganza-1-550x550.jpg","contentUrl":"https:\/\/poleandaerialart.com\/wp-content\/uploads\/2026\/04\/Eggstravaganza-1-550x550.jpg"},{"@type":"BreadcrumbList","@id":"https:\/\/poleandaerialart.com\/en\/jury-2026-spring\/#breadcrumb","itemListElement":[{"@type":"ListItem","position":1,"name":"Home","item":"https:\/\/poleandaerialart.com\/"},{"@type":"ListItem","position":2,"name":"Jury &#8211; 2026 spring"}]},{"@type":"WebSite","@id":" https:\/\/poleandaerialart.com\/#website","url":" https:\/\/poleandaerialart.com\/","name":"Pole &amp; Aerial Art","description":"","potentialAction":[{"@type":"SearchAction","target":{"@type":"EntryPoint","urlTemplate":" https:\/\/poleandaerialart.com\/?s={search_term_string}"},"query-input":{"@type":"PropertyValueSpecification","valueRequired":true,"valueName":"search_term_string"}}],"inLanguage":"en-US"}]}},"_links":{"self":[{"href":"https:\/\/poleandaerialart.com\/en\/wp-json\/wp\/v2\/pages\/14673","targetHints":{"allow":["GET"]}}],"collection":[{"href":"https:\/\/poleandaerialart.com\/en\/wp-json\/wp\/v2\/pages"}],"about":[{"href":"https:\/\/poleandaerialart.com\/en\/wp-json\/wp\/v2\/types\/page"}],"author":[{"embeddable":true,"href":"https:\/\/poleandaerialart.com\/en\/wp-json\/wp\/v2\/users\/2"}],"replies":[{"embeddable":true,"href":"https:\/\/poleandaerialart.com\/en\/wp-json\/wp\/v2\/comments?post=14673"}],"version-history":[{"count":15,"href":"https:\/\/poleandaerialart.com\/en\/wp-json\/wp\/v2\/pages\/14673\/revisions"}],"predecessor-version":[{"id":16786,"href":"https:\/\/poleandaerialart.com\/en\/wp-json\/wp\/v2\/pages\/14673\/revisions\/16786"}],"wp:attachment":[{"href":"https:\/\/poleandaerialart.com\/en\/wp-json\/wp\/v2\/media?parent=14673"}],"curies":[{"name":"wp","href":"https:\/\/api.w.org\/{rel}","templated":true}]}}