{"id":13136,"date":"2024-10-29T14:34:26","date_gmt":"2024-10-29T13:34:26","guid":{"rendered":"https:\/\/poleandaerialart.com\/?page_id=13136"},"modified":"2025-11-03T16:43:09","modified_gmt":"2025-11-03T15:43:09","slug":"paah_paw_2025","status":"publish","type":"page","link":"https:\/\/poleandaerialart.com\/en\/paah_paw_2025\/","title":{"rendered":"PAAH &#038; PAW 2025 autumn"},"content":{"rendered":"\t\t<div data-elementor-type=\"wp-page\" data-elementor-id=\"13136\" class=\"elementor elementor-13136\" data-elementor-post-type=\"page\">\n\t\t\t\t<div class=\"elementor-element elementor-element-9c02840 e-flex e-con-boxed e-con e-parent\" data-id=\"9c02840\" data-element_type=\"container\">\n\t\t\t\t\t<div class=\"e-con-inner\">\n\t\t\t\t<div class=\"elementor-element elementor-element-0b7d7c7 elementor-widget elementor-widget-heading\" data-id=\"0b7d7c7\" data-element_type=\"widget\" data-widget_type=\"heading.default\">\n\t\t\t\t<div class=\"elementor-widget-container\">\n\t\t\t\t\t<span class=\"elementor-heading-title elementor-size-default\">pole &amp; aerial art<\/span>\t\t\t\t<\/div>\n\t\t\t\t<\/div>\n\t\t\t\t<div class=\"elementor-element elementor-element-7654518 elementor-widget elementor-widget-heading\" data-id=\"7654518\" data-element_type=\"widget\" data-widget_type=\"heading.default\">\n\t\t\t\t<div class=\"elementor-widget-container\">\n\t\t\t\t\t<h2 class=\"elementor-heading-title elementor-size-default\">PAAH &amp; PAW 2025<\/h2>\t\t\t\t<\/div>\n\t\t\t\t<\/div>\n\t\t\t\t<div class=\"elementor-element elementor-element-2fe58f9 elementor-widget-divider--view-line elementor-widget elementor-widget-divider\" data-id=\"2fe58f9\" data-element_type=\"widget\" data-widget_type=\"divider.default\">\n\t\t\t\t<div class=\"elementor-widget-container\">\n\t\t\t\t\t\t\t<div class=\"elementor-divider\">\n\t\t\t<span class=\"elementor-divider-separator\">\n\t\t\t\t\t\t<\/span>\n\t\t<\/div>\n\t\t\t\t\t\t<\/div>\n\t\t\t\t<\/div>\n\t\t\t\t\t<\/div>\n\t\t\t\t<\/div>\n\t\t<div class=\"elementor-element elementor-element-a1d424d elementor-hidden-desktop elementor-hidden-tablet elementor-hidden-mobile e-flex e-con-boxed e-con e-parent\" data-id=\"a1d424d\" data-element_type=\"container\">\n\t\t\t\t\t<div class=\"e-con-inner\">\n\t\t\t\t<div class=\"elementor-element elementor-element-dec0047 elementor-align-center elementor-mobile-align-left elementor-widget elementor-widget-button\" data-id=\"dec0047\" data-element_type=\"widget\" data-widget_type=\"button.default\">\n\t\t\t\t<div class=\"elementor-widget-container\">\n\t\t\t\t\t\t\t\t\t<div class=\"elementor-button-wrapper\">\n\t\t\t\t\t<a class=\"elementor-button elementor-button-link elementor-size-sm\" href=\"#\">\n\t\t\t\t\t\t<span class=\"elementor-button-content-wrapper\">\n\t\t\t\t\t\t\t\t\t<span class=\"elementor-button-text\">MEGVESZEM A PONTOZ\u00d3LAPOMAT<\/span>\n\t\t\t\t\t<\/span>\n\t\t\t\t\t<\/a>\n\t\t\t\t<\/div>\n\t\t\t\t\t\t\t\t<\/div>\n\t\t\t\t<\/div>\n\t\t\t\t\t<\/div>\n\t\t\t\t<\/div>\n\t\t<div class=\"elementor-element elementor-element-b3bc091 e-flex e-con-boxed e-con e-parent\" data-id=\"b3bc091\" data-element_type=\"container\">\n\t\t\t\t\t<div class=\"e-con-inner\">\n\t\t\t\t<div class=\"elementor-element elementor-element-4bbc0f4 elementor-widget elementor-widget-text-editor\" data-id=\"4bbc0f4\" data-element_type=\"widget\" data-widget_type=\"text-editor.default\">\n\t\t\t\t<div class=\"elementor-widget-container\">\n\t\t\t\t\t\t\t\t\t<p><b>Pole and Aerial ART HUNGARY &amp; Pole and Aerial ART WORLD CUP 2025<\/b><b><br \/><\/b><b>Competition and Free Creative Space<\/b><\/p><p><b>8-9 November 2025<\/b><span style=\"font-weight: 400;\"> \u2013 <\/span><a href=\"https:\/\/uprendezvenyter.hu\/\"><span style=\"font-weight: 400;\">UP Rendezv\u00e9nyt\u00e9r<\/span><span style=\"font-weight: 400;\"><br \/><\/span><\/a><span style=\"font-weight: 400;\">1042 Budapest, Szent Istv\u00e1n square 13-14.<\/span><\/p><h5><span style=\"font-weight: 400;\">\u00a0<\/span><\/h5><h5><b>Saturday 8 November 2025 \u2013 AerialART categories<\/b><\/h5><p><span style=\"font-weight: 400;\">6:00 \u2013 7:50 &#8211; <\/span><span style=\"font-weight: 400;\">Stage rehearsals<\/span><\/p><p><span style=\"font-weight: 400;\">8:00 &#8211; 9:25<\/span><span style=\"font-weight: 400;\"><br \/><\/span><span style=\"font-weight: 400;\">Amateur, semi-pro HOOP, Hammock Junior I.<\/span><\/p><p><span style=\"font-weight: 400;\">9:25 &#8211; 9:35 Break +\u00a0 stage check &#8211; Junior III.<\/span><\/p><p><span style=\"font-weight: 400;\">9:35 &#8211; 11:15<\/span><span style=\"font-weight: 400;\"><br \/><\/span><span style=\"font-weight: 400;\">Semi-pro, pro HOOP Junior I., <\/span><span style=\"font-weight: 400;\"><br \/><\/span><span style=\"font-weight: 400;\">Amateur, semi-pro, pro SILK\u00a0 Junior I.<\/span><span style=\"font-weight: 400;\"><br \/><\/span><span style=\"font-weight: 400;\">Amateur HAMMOCK Junior I.<\/span><\/p><p><span style=\"font-weight: 400;\">11:15 &#8211; 11:25\u00a0 Break + stage check &#8211; Junior III.<\/span><\/p><p><span style=\"font-weight: 400;\">11:25 &#8211; 13:20<\/span><span style=\"font-weight: 400;\"><br \/><\/span><span style=\"font-weight: 400;\">Amateur, semi-pro HOOP, LOOPS Junior II.<\/span><\/p><p><span style=\"font-weight: 400;\">13:20 &#8211; 13:30\u00a0 Break + stage check &#8211; Junior III.<\/span><\/p><p><span style=\"font-weight: 400;\">13:30 &#8211; 14:55<\/span><span style=\"font-weight: 400;\"><br \/><\/span><span style=\"font-weight: 400;\">Semi-pro, pro, star HOOP &#8211; Junior II.<\/span><\/p><p><span style=\"font-weight: 400;\">14:55 &#8211; 15:05\u00a0 Break + stage check &#8211; Junior III.<\/span><\/p><p><span style=\"font-weight: 400;\">15:05 &#8211; 16:30<\/span><span style=\"font-weight: 400;\"><br \/><\/span><span style=\"font-weight: 400;\">Amateur, semi-pro, pro SILK, HAMMOCK Junior II.<\/span><\/p><p><span style=\"font-weight: 400;\">16:30 &#8211; 17:00 Break +stage check &#8211; Junior III., Adults<\/span><\/p><p><b>AWARDS CEREMONY &#8211; Junior I-II.<\/b><\/p><p><span style=\"font-weight: 400;\">17:45 &#8211; 19:45<\/span><span style=\"font-weight: 400;\"><br \/><\/span><span style=\"font-weight: 400;\">Amateur, semi-pro, pro HOOP, SILK, HAMMOCK, AERIAL POLE Junior III.<\/span><\/p><p><span style=\"font-weight: 400;\">19:45 &#8211; 20:00 Break &#8211; stage check &#8211; Adult<\/span><\/p><p><span style=\"font-weight: 400;\">20:00 &#8211; 21:50<\/span><span style=\"font-weight: 400;\"><br \/><\/span><span style=\"font-weight: 400;\">Amateur, semi-pro, pro HOOP, HAMMOCK, SILK, CHAIN, LOOPS, AERIAL POLE Adults<\/span><\/p><p><b>AWARDS CEREMONY &#8211; Junior III. &amp; Adults<\/b><\/p><h5><b>Sunday 9 November 2025 \u2013 PoleART, ExoART categories<\/b><\/h5><p><span style=\"font-weight: 400;\">6:00 \u2013 7:50 &#8211; <\/span><span style=\"font-weight: 400;\">Stage rehearsals<\/span><\/p><p><span style=\"font-weight: 400;\">8:00 &#8211; 9:30<\/span><span style=\"font-weight: 400;\"><br \/><\/span><span style=\"font-weight: 400;\">Amateur, semi-pro, pro Junior I.<\/span><\/p><p><span style=\"font-weight: 400;\">9:30 &#8211; 9:40 Break + stage check &#8211; Adults<\/span><\/p><p><span style=\"font-weight: 400;\">9:40 &#8211; 11:30<\/span><span style=\"font-weight: 400;\"><br \/><\/span><span style=\"font-weight: 400;\">Amateur, Semi-pro Junior II.<\/span><\/p><p><span style=\"font-weight: 400;\">11:30 &#8211; 11:40 Break + stage check &#8211; Adults<\/span><\/p><p><span style=\"font-weight: 400;\">11:40 &#8211; 13:30<\/span><span style=\"font-weight: 400;\"><br \/><\/span><span style=\"font-weight: 400;\">Semi-pro, pro, star Junior I., II., III<\/span><\/p><p><span style=\"font-weight: 400;\">13:30 &#8211; 14:00 Break + stage check &#8211; Adults<\/span><\/p><p><b>JUNIORS<\/b> <b>AWARDS CEREMONY<\/b><\/p><p><span style=\"font-weight: 400;\">14:30 &#8211; 15:50<\/span><span style=\"font-weight: 400;\"><br \/><\/span><span style=\"font-weight: 400;\">Amateur, semi-pro Adult I. and team<\/span><\/p><p><span style=\"font-weight: 400;\">15:50 &#8211; 16:00 &#8211; Break + stage rehearsals Adults<\/span><\/p><p><span style=\"font-weight: 400;\">16:00 &#8211; 17:10<\/span><span style=\"font-weight: 400;\"><br \/><\/span><span style=\"font-weight: 400;\">Semi-pro, Pro, Star, FCS Adults, Seniors<\/span><\/p><p><span style=\"font-weight: 400;\">17:10 &#8211; 17:20 &#8211; Break + ExoART stage rehearsals<\/span><\/p><p><span style=\"font-weight: 400;\">17:20<\/span><span style=\"font-weight: 400;\"><br \/><\/span><span style=\"font-weight: 400;\">Amateur, Semi-pro, Pro ExoART 18+<\/span><\/p><p><span style=\"font-weight: 400;\">18:30 \u2013 guest performances and<\/span><\/p><p><b>ADULTS AWARDS CEREMONY<\/b><\/p><p><b>The previously running starting order for the competitors is the guiding principle for entering the stage.<\/b><\/p><p><b>We reserve the right to change the programme.<\/b><\/p>\t\t\t\t\t\t\t\t<\/div>\n\t\t\t\t<\/div>\n\t\t\t\t\t<\/div>\n\t\t\t\t<\/div>\n\t\t\t\t<\/div>\n\t\t","protected":false},"excerpt":{"rendered":"<p>pole &amp; aerial art PAAH &amp; PAW 2025 MEGVESZEM A PONTOZ\u00d3LAPOMAT Pole and Aerial ART HUNGARY &amp; Pole and Aerial ART WORLD CUP 2025Competition and Free Creative Space 8-9 November 2025 \u2013 UP Rendezv\u00e9nyt\u00e9r1042 Budapest, Szent Istv\u00e1n square 13-14. \u00a0 [&hellip;]<\/p>\n","protected":false},"author":2,"featured_media":0,"parent":0,"menu_order":14,"comment_status":"closed","ping_status":"closed","template":"full-width.php","meta":{"footnotes":""},"class_list":["post-13136","page","type-page","status-publish","hentry"],"yoast_head":"<!-- This site is optimized with the Yoast SEO plugin v26.6 - https:\/\/yoast.com\/wordpress\/plugins\/seo\/ -->\n<title>PAAH &amp; PAW 2025 autumn - Pole &amp; Aerial Art<\/title>\n<meta name=\"robots\" content=\"index, follow, max-snippet:-1, max-image-preview:large, max-video-preview:-1\" \/>\n<link rel=\"canonical\" href=\"https:\/\/poleandaerialart.com\/en\/paah_paw_2025\/\" \/>\n<meta property=\"og:locale\" content=\"en_US\" \/>\n<meta property=\"og:type\" content=\"article\" \/>\n<meta property=\"og:title\" content=\"PAAH &amp; PAW 2025 autumn - Pole &amp; Aerial Art\" \/>\n<meta property=\"og:description\" content=\"pole &amp; aerial art PAAH &amp; PAW 2025 MEGVESZEM A PONTOZ\u00d3LAPOMAT Pole and Aerial ART HUNGARY &amp; Pole and Aerial ART WORLD CUP 2025Competition and Free Creative Space 8-9 November 2025 \u2013 UP Rendezv\u00e9nyt\u00e9r1042 Budapest, Szent Istv\u00e1n square 13-14. \u00a0 [&hellip;]\" \/>\n<meta property=\"og:url\" content=\"https:\/\/poleandaerialart.com\/en\/paah_paw_2025\/\" \/>\n<meta property=\"og:site_name\" content=\"Pole &amp; Aerial Art\" \/>\n<meta property=\"article:modified_time\" content=\"2025-11-03T15:43:09+00:00\" \/>\n<meta property=\"og:image\" content=\"https:\/\/poleandaerialart.com\/wp-content\/uploads\/2024\/10\/RGP_8744-Edit.jpg\" \/>\n\t<meta property=\"og:image:width\" content=\"2048\" \/>\n\t<meta property=\"og:image:height\" content=\"1151\" \/>\n\t<meta property=\"og:image:type\" content=\"image\/jpeg\" \/>\n<meta name=\"twitter:card\" content=\"summary_large_image\" \/>\n<meta name=\"twitter:label1\" content=\"Est. reading time\" \/>\n\t<meta name=\"twitter:data1\" content=\"2 minutes\" \/>\n<script type=\"application\/ld+json\" class=\"yoast-schema-graph\">{\"@context\":\"https:\/\/schema.org\",\"@graph\":[{\"@type\":\"WebPage\",\"@id\":\"https:\/\/poleandaerialart.com\/en\/paah_paw_2025\/\",\"url\":\"https:\/\/poleandaerialart.com\/en\/paah_paw_2025\/\",\"name\":\"PAAH & PAW 2025 autumn - Pole &amp; Aerial Art\",\"isPartOf\":{\"@id\":\" https:\/\/poleandaerialart.com\/#website\"},\"datePublished\":\"2024-10-29T13:34:26+00:00\",\"dateModified\":\"2025-11-03T15:43:09+00:00\",\"breadcrumb\":{\"@id\":\"https:\/\/poleandaerialart.com\/en\/paah_paw_2025\/#breadcrumb\"},\"inLanguage\":\"en-US\",\"potentialAction\":[{\"@type\":\"ReadAction\",\"target\":[\"https:\/\/poleandaerialart.com\/en\/paah_paw_2025\/\"]}]},{\"@type\":\"BreadcrumbList\",\"@id\":\"https:\/\/poleandaerialart.com\/en\/paah_paw_2025\/#breadcrumb\",\"itemListElement\":[{\"@type\":\"ListItem\",\"position\":1,\"name\":\"Home\",\"item\":\"https:\/\/poleandaerialart.com\/\"},{\"@type\":\"ListItem\",\"position\":2,\"name\":\"PAAH &#038; PAW 2025 autumn\"}]},{\"@type\":\"WebSite\",\"@id\":\" https:\/\/poleandaerialart.com\/#website\",\"url\":\" https:\/\/poleandaerialart.com\/\",\"name\":\"Pole &amp; Aerial Art\",\"description\":\"\",\"potentialAction\":[{\"@type\":\"SearchAction\",\"target\":{\"@type\":\"EntryPoint\",\"urlTemplate\":\" https:\/\/poleandaerialart.com\/?s={search_term_string}\"},\"query-input\":{\"@type\":\"PropertyValueSpecification\",\"valueRequired\":true,\"valueName\":\"search_term_string\"}}],\"inLanguage\":\"en-US\"}]}<\/script>\n<!-- \/ Yoast SEO plugin. -->","yoast_head_json":{"title":"PAAH & PAW 2025 autumn - Pole &amp; Aerial Art","robots":{"index":"index","follow":"follow","max-snippet":"max-snippet:-1","max-image-preview":"max-image-preview:large","max-video-preview":"max-video-preview:-1"},"canonical":"https:\/\/poleandaerialart.com\/en\/paah_paw_2025\/","og_locale":"en_US","og_type":"article","og_title":"PAAH & PAW 2025 autumn - Pole &amp; Aerial Art","og_description":"pole &amp; aerial art PAAH &amp; PAW 2025 MEGVESZEM A PONTOZ\u00d3LAPOMAT Pole and Aerial ART HUNGARY &amp; Pole and Aerial ART WORLD CUP 2025Competition and Free Creative Space 8-9 November 2025 \u2013 UP Rendezv\u00e9nyt\u00e9r1042 Budapest, Szent Istv\u00e1n square 13-14. \u00a0 [&hellip;]","og_url":"https:\/\/poleandaerialart.com\/en\/paah_paw_2025\/","og_site_name":"Pole &amp; Aerial Art","article_modified_time":"2025-11-03T15:43:09+00:00","og_image":[{"width":2048,"height":1151,"url":"https:\/\/poleandaerialart.com\/wp-content\/uploads\/2024\/10\/RGP_8744-Edit.jpg","type":"image\/jpeg"}],"twitter_card":"summary_large_image","twitter_misc":{"Est. reading time":"2 minutes"},"schema":{"@context":"https:\/\/schema.org","@graph":[{"@type":"WebPage","@id":"https:\/\/poleandaerialart.com\/en\/paah_paw_2025\/","url":"https:\/\/poleandaerialart.com\/en\/paah_paw_2025\/","name":"PAAH & PAW 2025 autumn - Pole &amp; Aerial Art","isPartOf":{"@id":" https:\/\/poleandaerialart.com\/#website"},"datePublished":"2024-10-29T13:34:26+00:00","dateModified":"2025-11-03T15:43:09+00:00","breadcrumb":{"@id":"https:\/\/poleandaerialart.com\/en\/paah_paw_2025\/#breadcrumb"},"inLanguage":"en-US","potentialAction":[{"@type":"ReadAction","target":["https:\/\/poleandaerialart.com\/en\/paah_paw_2025\/"]}]},{"@type":"BreadcrumbList","@id":"https:\/\/poleandaerialart.com\/en\/paah_paw_2025\/#breadcrumb","itemListElement":[{"@type":"ListItem","position":1,"name":"Home","item":"https:\/\/poleandaerialart.com\/"},{"@type":"ListItem","position":2,"name":"PAAH &#038; PAW 2025 autumn"}]},{"@type":"WebSite","@id":" https:\/\/poleandaerialart.com\/#website","url":" https:\/\/poleandaerialart.com\/","name":"Pole &amp; Aerial Art","description":"","potentialAction":[{"@type":"SearchAction","target":{"@type":"EntryPoint","urlTemplate":" https:\/\/poleandaerialart.com\/?s={search_term_string}"},"query-input":{"@type":"PropertyValueSpecification","valueRequired":true,"valueName":"search_term_string"}}],"inLanguage":"en-US"}]}},"_links":{"self":[{"href":"https:\/\/poleandaerialart.com\/en\/wp-json\/wp\/v2\/pages\/13136","targetHints":{"allow":["GET"]}}],"collection":[{"href":"https:\/\/poleandaerialart.com\/en\/wp-json\/wp\/v2\/pages"}],"about":[{"href":"https:\/\/poleandaerialart.com\/en\/wp-json\/wp\/v2\/types\/page"}],"author":[{"embeddable":true,"href":"https:\/\/poleandaerialart.com\/en\/wp-json\/wp\/v2\/users\/2"}],"replies":[{"embeddable":true,"href":"https:\/\/poleandaerialart.com\/en\/wp-json\/wp\/v2\/comments?post=13136"}],"version-history":[{"count":9,"href":"https:\/\/poleandaerialart.com\/en\/wp-json\/wp\/v2\/pages\/13136\/revisions"}],"predecessor-version":[{"id":15702,"href":"https:\/\/poleandaerialart.com\/en\/wp-json\/wp\/v2\/pages\/13136\/revisions\/15702"}],"wp:attachment":[{"href":"https:\/\/poleandaerialart.com\/en\/wp-json\/wp\/v2\/media?parent=13136"}],"curies":[{"name":"wp","href":"https:\/\/api.w.org\/{rel}","templated":true}]}}