{"id":12091,"date":"2024-08-28T11:01:49","date_gmt":"2024-08-28T09:01:49","guid":{"rendered":"https:\/\/poleandaerialart.com\/?page_id=12091"},"modified":"2024-08-28T17:13:36","modified_gmt":"2024-08-28T15:13:36","slug":"exoticart-workshop","status":"publish","type":"page","link":"https:\/\/poleandaerialart.com\/en\/exoticart-workshop\/","title":{"rendered":"ExoticART workshop"},"content":{"rendered":"\t\t<div data-elementor-type=\"wp-page\" data-elementor-id=\"12091\" class=\"elementor elementor-12091 elementor-12090\" data-elementor-post-type=\"page\">\n\t\t\t\t<div class=\"elementor-element elementor-element-9c02840 e-flex e-con-boxed e-con e-parent\" data-id=\"9c02840\" data-element_type=\"container\">\n\t\t\t\t\t<div class=\"e-con-inner\">\n\t\t\t\t<div class=\"elementor-element elementor-element-0b7d7c7 elementor-widget elementor-widget-heading\" data-id=\"0b7d7c7\" data-element_type=\"widget\" data-widget_type=\"heading.default\">\n\t\t\t\t<div class=\"elementor-widget-container\">\n\t\t\t\t\t<span class=\"elementor-heading-title elementor-size-default\">pole &amp; aerial art<\/span>\t\t\t\t<\/div>\n\t\t\t\t<\/div>\n\t\t\t\t<div class=\"elementor-element elementor-element-7654518 elementor-widget elementor-widget-heading\" data-id=\"7654518\" data-element_type=\"widget\" data-widget_type=\"heading.default\">\n\t\t\t\t<div class=\"elementor-widget-container\">\n\t\t\t\t\t<h2 class=\"elementor-heading-title elementor-size-default\">Exotic ART workshop<\/h2>\t\t\t\t<\/div>\n\t\t\t\t<\/div>\n\t\t\t\t<div class=\"elementor-element elementor-element-2fe58f9 elementor-widget-divider--view-line elementor-widget elementor-widget-divider\" data-id=\"2fe58f9\" data-element_type=\"widget\" data-widget_type=\"divider.default\">\n\t\t\t\t<div class=\"elementor-widget-container\">\n\t\t\t\t\t\t\t<div class=\"elementor-divider\">\n\t\t\t<span class=\"elementor-divider-separator\">\n\t\t\t\t\t\t<\/span>\n\t\t<\/div>\n\t\t\t\t\t\t<\/div>\n\t\t\t\t<\/div>\n\t\t\t\t\t<\/div>\n\t\t\t\t<\/div>\n\t\t<div class=\"elementor-element elementor-element-6a8f011 e-flex e-con-boxed e-con e-parent\" data-id=\"6a8f011\" data-element_type=\"container\">\n\t\t\t\t\t<div class=\"e-con-inner\">\n\t\t\t\t<div class=\"elementor-element elementor-element-a7d3af8 elementor-widget elementor-widget-text-editor\" data-id=\"a7d3af8\" data-element_type=\"widget\" data-widget_type=\"text-editor.default\">\n\t\t\t\t<div class=\"elementor-widget-container\">\n\t\t\t\t\t\t\t\t\t<p style=\"text-align: center;\">This year, ExoticART will appear on the stage of Pole and Aerial Art Hungary for the 4th time, as a new style direction, which we dreamed up and brought to life in 2021 with the goal of creating a genre. \ud83d\udd4a\ufe0f\ud83d\ude0c<\/p><p style=\"text-align: center;\">We cordially invite you to the training of the <strong>Pole and Aerial Art Academy<\/strong>, where we will delve into this wonderful genre.<\/p><p style=\"text-align: center;\">For us, success means that you get the most out of yourself with proper preparation and knowledge, and you can show the best version of yourself on stage. For this, in addition to theoretical and practical knowledge, adequate mental and physical preparation is essential.<\/p><p style=\"text-align: center;\">We would like to contribute to this process within the framework of this workshop.<\/p><p style=\"text-align: center;\">At the workshop, let&#8217;s delve into what dance art means on a theoretical and practical level, and within that, ExoticART.<br \/>Our goals include that:<\/p><ul style=\"text-align: center;\"><li>let us inspire you<\/li><li>let us help you with your preparation processes,<\/li><li>the more successful you can be during your preparation,<\/li><li>let this fantastic genre gain as much recognition as possible.<\/li><\/ul><p style=\"text-align: center;\"><strong>Why is this training for you?<\/strong><\/p><ul style=\"text-align: center;\"><li>&#8230;because every new insight and new impression influences, helps and guides the creative process.<\/li><li>&#8230;because we do not overrule your existing or half-finished choreography, we do not rate it.<\/li><li>&#8230;because we help you to be sure that you are on the right track. And if you&#8217;re looking for your way, we&#8217;ll help you with the initial steps.<\/li><li>&#8230;because we explain how PAAH interprets the concept of Exo Art, what parameters the jury members score based on and what they mean exactly, not only in theory, but also in practice.<\/li><li>&#8230;because you might be stuck in your preparation, maybe you are unsure how to proceed, or on the contrary,<\/li><li>\u2026because you feel that what you are doing and how you are doing it is good, but you need confirmation directly from the perspective of the competition.<\/li><li>&#8230;because regardless of racing, you want to immerse yourself in the world of ExoticART.<\/li><\/ul><p style=\"text-align: center;\">We look forward to:<\/p><p style=\"text-align: center;\"><a href=\"https:\/\/www.instagram.com\/barbara_poledancer\/\" target=\"_blank\" rel=\"noopener\">Barbara Holler-R\u00e1cz (IG)<\/a> &amp; <a href=\"https:\/\/www.instagram.com\/nikolettmolnar\/\" target=\"_blank\" rel=\"noopener\">Moln\u00e1r Nikolett (IG)<\/a><\/p>\t\t\t\t\t\t\t\t<\/div>\n\t\t\t\t<\/div>\n\t\t\t\t\t<\/div>\n\t\t\t\t<\/div>\n\t\t<div class=\"elementor-element elementor-element-27e4b5e e-flex e-con-boxed e-con e-parent\" data-id=\"27e4b5e\" data-element_type=\"container\">\n\t\t\t\t\t<div class=\"e-con-inner\">\n\t\t\t\t<div class=\"elementor-element elementor-element-0522f67 elementor-widget-divider--view-line elementor-widget elementor-widget-divider\" data-id=\"0522f67\" data-element_type=\"widget\" data-widget_type=\"divider.default\">\n\t\t\t\t<div class=\"elementor-widget-container\">\n\t\t\t\t\t\t\t<div class=\"elementor-divider\">\n\t\t\t<span class=\"elementor-divider-separator\">\n\t\t\t\t\t\t<\/span>\n\t\t<\/div>\n\t\t\t\t\t\t<\/div>\n\t\t\t\t<\/div>\n\t\t\t\t\t<\/div>\n\t\t\t\t<\/div>\n\t\t<div class=\"elementor-element elementor-element-b3bc091 e-flex e-con-boxed e-con e-parent\" data-id=\"b3bc091\" data-element_type=\"container\">\n\t\t\t\t\t<div class=\"e-con-inner\">\n\t\t\t\t<div class=\"elementor-element elementor-element-4bbc0f4 elementor-widget elementor-widget-text-editor\" data-id=\"4bbc0f4\" data-element_type=\"widget\" data-widget_type=\"text-editor.default\">\n\t\t\t\t<div class=\"elementor-widget-container\">\n\t\t\t\t\t\t\t\t\t<p><span style=\"font-weight: 400;\">Application deadline for the training: <strong>SEPTEMBER 18<\/strong><\/span><\/p><p><span style=\"font-weight: 400;\">Training day: <strong>SEPTEMBER 22<\/strong><\/span><\/p><ul><li>time: 16:00 \u2013 18:45<\/li><li>duration 2x 75 minutes (with a 15-minute break)<\/li><\/ul><p><span style=\"font-weight: 400;\">Location of the training: <strong>offline<\/strong> &amp; <strong>online\u00a0<br \/><\/strong>Offline<strong>: R\u00fadvil\u00e1g St\u00fadi\u00f3: <a tabindex=\"0\" href=\"https:\/\/www.google.com\/maps\/place\/\/data=!4m2!3m1!1s0x4741dc808c4f4731:0x95c5915c80fc9498?sa=X&amp;ved=1t:8290&amp;ictx=111\" data-url=\"\/maps\/place\/\/data=!4m2!3m1!1s0x4741dc808c4f4731:0x95c5915c80fc9498?sa=X&amp;ved=2ahUKEwj5npGkq5eIAxX_ExAIHXeXCIoQ4kB6BAgTEAA\">Budapest, Ter\u00e9z krt. 9, 1067<\/a><\/strong><\/span><\/p><p><span style=\"font-weight: 400;\">The price of the training: <strong>HUF 11,000<\/strong><\/span><\/p><p><span style=\"font-weight: 400;\">After the application, we will send you additional information by e-mail.<\/span><\/p><p><strong>The application becomes valid upon submission of the form and receipt of the price of the training.<\/strong><\/p>\t\t\t\t\t\t\t\t<\/div>\n\t\t\t\t<\/div>\n\t\t\t\t\t<\/div>\n\t\t\t\t<\/div>\n\t\t<div class=\"elementor-element elementor-element-7ab497e e-flex e-con-boxed e-con e-parent\" data-id=\"7ab497e\" data-element_type=\"container\">\n\t\t\t\t\t<div class=\"e-con-inner\">\n\t\t\t\t<div class=\"elementor-element elementor-element-77d82e0 elementor-widget elementor-widget-shortcode\" data-id=\"77d82e0\" data-element_type=\"widget\" data-widget_type=\"shortcode.default\">\n\t\t\t\t<div class=\"elementor-widget-container\">\n\t\t\t\t\t\t\t<div class=\"elementor-shortcode\"><\/div>\n\t\t\t\t\t\t<\/div>\n\t\t\t\t<\/div>\n\t\t\t\t\t<\/div>\n\t\t\t\t<\/div>\n\t\t\t\t<\/div>\n\t\t","protected":false},"excerpt":{"rendered":"<p>pole &amp; aerial art Exotic ART workshop This year, ExoticART will appear on the stage of Pole and Aerial Art Hungary for the 4th time, as a new style direction, which we dreamed up and brought to life in 2021 [&hellip;]<\/p>\n","protected":false},"author":2,"featured_media":0,"parent":0,"menu_order":14,"comment_status":"closed","ping_status":"closed","template":"full-width.php","meta":{"footnotes":""},"class_list":["post-12091","page","type-page","status-publish","hentry"],"yoast_head":"<!-- This site is optimized with the Yoast SEO plugin v26.6 - https:\/\/yoast.com\/wordpress\/plugins\/seo\/ -->\n<title>ExoticART workshop - Pole &amp; Aerial Art<\/title>\n<meta name=\"robots\" content=\"index, follow, max-snippet:-1, max-image-preview:large, max-video-preview:-1\" \/>\n<link rel=\"canonical\" href=\"https:\/\/poleandaerialart.com\/en\/exoticart-workshop\/\" \/>\n<meta property=\"og:locale\" content=\"en_US\" \/>\n<meta property=\"og:type\" content=\"article\" \/>\n<meta property=\"og:title\" content=\"ExoticART workshop - Pole &amp; Aerial Art\" \/>\n<meta property=\"og:description\" content=\"pole &amp; aerial art Exotic ART workshop This year, ExoticART will appear on the stage of Pole and Aerial Art Hungary for the 4th time, as a new style direction, which we dreamed up and brought to life in 2021 [&hellip;]\" \/>\n<meta property=\"og:url\" content=\"https:\/\/poleandaerialart.com\/en\/exoticart-workshop\/\" \/>\n<meta property=\"og:site_name\" content=\"Pole &amp; Aerial Art\" \/>\n<meta property=\"article:modified_time\" content=\"2024-08-28T15:13:36+00:00\" \/>\n<meta property=\"og:image\" content=\"https:\/\/poleandaerialart.com\/wp-content\/uploads\/2024\/08\/JPEG-kep-ECCAFEB76B2A-1.jpeg\" \/>\n\t<meta property=\"og:image:width\" content=\"1365\" \/>\n\t<meta property=\"og:image:height\" content=\"1365\" \/>\n\t<meta property=\"og:image:type\" content=\"image\/jpeg\" \/>\n<meta name=\"twitter:card\" content=\"summary_large_image\" \/>\n<meta name=\"twitter:label1\" content=\"Est. reading time\" \/>\n\t<meta name=\"twitter:data1\" content=\"3 minutes\" \/>\n<script type=\"application\/ld+json\" class=\"yoast-schema-graph\">{\"@context\":\"https:\/\/schema.org\",\"@graph\":[{\"@type\":\"WebPage\",\"@id\":\"https:\/\/poleandaerialart.com\/en\/exoticart-workshop\/\",\"url\":\"https:\/\/poleandaerialart.com\/en\/exoticart-workshop\/\",\"name\":\"ExoticART workshop - Pole &amp; Aerial Art\",\"isPartOf\":{\"@id\":\" https:\/\/poleandaerialart.com\/#website\"},\"datePublished\":\"2024-08-28T09:01:49+00:00\",\"dateModified\":\"2024-08-28T15:13:36+00:00\",\"breadcrumb\":{\"@id\":\"https:\/\/poleandaerialart.com\/en\/exoticart-workshop\/#breadcrumb\"},\"inLanguage\":\"en-US\",\"potentialAction\":[{\"@type\":\"ReadAction\",\"target\":[\"https:\/\/poleandaerialart.com\/en\/exoticart-workshop\/\"]}]},{\"@type\":\"BreadcrumbList\",\"@id\":\"https:\/\/poleandaerialart.com\/en\/exoticart-workshop\/#breadcrumb\",\"itemListElement\":[{\"@type\":\"ListItem\",\"position\":1,\"name\":\"Home\",\"item\":\"https:\/\/poleandaerialart.com\/\"},{\"@type\":\"ListItem\",\"position\":2,\"name\":\"ExoticART workshop\"}]},{\"@type\":\"WebSite\",\"@id\":\" https:\/\/poleandaerialart.com\/#website\",\"url\":\" https:\/\/poleandaerialart.com\/\",\"name\":\"Pole &amp; Aerial Art\",\"description\":\"\",\"potentialAction\":[{\"@type\":\"SearchAction\",\"target\":{\"@type\":\"EntryPoint\",\"urlTemplate\":\" https:\/\/poleandaerialart.com\/?s={search_term_string}\"},\"query-input\":{\"@type\":\"PropertyValueSpecification\",\"valueRequired\":true,\"valueName\":\"search_term_string\"}}],\"inLanguage\":\"en-US\"}]}<\/script>\n<!-- \/ Yoast SEO plugin. -->","yoast_head_json":{"title":"ExoticART workshop - Pole &amp; Aerial Art","robots":{"index":"index","follow":"follow","max-snippet":"max-snippet:-1","max-image-preview":"max-image-preview:large","max-video-preview":"max-video-preview:-1"},"canonical":"https:\/\/poleandaerialart.com\/en\/exoticart-workshop\/","og_locale":"en_US","og_type":"article","og_title":"ExoticART workshop - Pole &amp; Aerial Art","og_description":"pole &amp; aerial art Exotic ART workshop This year, ExoticART will appear on the stage of Pole and Aerial Art Hungary for the 4th time, as a new style direction, which we dreamed up and brought to life in 2021 [&hellip;]","og_url":"https:\/\/poleandaerialart.com\/en\/exoticart-workshop\/","og_site_name":"Pole &amp; Aerial Art","article_modified_time":"2024-08-28T15:13:36+00:00","og_image":[{"width":1365,"height":1365,"url":"https:\/\/poleandaerialart.com\/wp-content\/uploads\/2024\/08\/JPEG-kep-ECCAFEB76B2A-1.jpeg","type":"image\/jpeg"}],"twitter_card":"summary_large_image","twitter_misc":{"Est. reading time":"3 minutes"},"schema":{"@context":"https:\/\/schema.org","@graph":[{"@type":"WebPage","@id":"https:\/\/poleandaerialart.com\/en\/exoticart-workshop\/","url":"https:\/\/poleandaerialart.com\/en\/exoticart-workshop\/","name":"ExoticART workshop - Pole &amp; Aerial Art","isPartOf":{"@id":" https:\/\/poleandaerialart.com\/#website"},"datePublished":"2024-08-28T09:01:49+00:00","dateModified":"2024-08-28T15:13:36+00:00","breadcrumb":{"@id":"https:\/\/poleandaerialart.com\/en\/exoticart-workshop\/#breadcrumb"},"inLanguage":"en-US","potentialAction":[{"@type":"ReadAction","target":["https:\/\/poleandaerialart.com\/en\/exoticart-workshop\/"]}]},{"@type":"BreadcrumbList","@id":"https:\/\/poleandaerialart.com\/en\/exoticart-workshop\/#breadcrumb","itemListElement":[{"@type":"ListItem","position":1,"name":"Home","item":"https:\/\/poleandaerialart.com\/"},{"@type":"ListItem","position":2,"name":"ExoticART workshop"}]},{"@type":"WebSite","@id":" https:\/\/poleandaerialart.com\/#website","url":" https:\/\/poleandaerialart.com\/","name":"Pole &amp; Aerial Art","description":"","potentialAction":[{"@type":"SearchAction","target":{"@type":"EntryPoint","urlTemplate":" https:\/\/poleandaerialart.com\/?s={search_term_string}"},"query-input":{"@type":"PropertyValueSpecification","valueRequired":true,"valueName":"search_term_string"}}],"inLanguage":"en-US"}]}},"_links":{"self":[{"href":"https:\/\/poleandaerialart.com\/en\/wp-json\/wp\/v2\/pages\/12091","targetHints":{"allow":["GET"]}}],"collection":[{"href":"https:\/\/poleandaerialart.com\/en\/wp-json\/wp\/v2\/pages"}],"about":[{"href":"https:\/\/poleandaerialart.com\/en\/wp-json\/wp\/v2\/types\/page"}],"author":[{"embeddable":true,"href":"https:\/\/poleandaerialart.com\/en\/wp-json\/wp\/v2\/users\/2"}],"replies":[{"embeddable":true,"href":"https:\/\/poleandaerialart.com\/en\/wp-json\/wp\/v2\/comments?post=12091"}],"version-history":[{"count":5,"href":"https:\/\/poleandaerialart.com\/en\/wp-json\/wp\/v2\/pages\/12091\/revisions"}],"predecessor-version":[{"id":12157,"href":"https:\/\/poleandaerialart.com\/en\/wp-json\/wp\/v2\/pages\/12091\/revisions\/12157"}],"wp:attachment":[{"href":"https:\/\/poleandaerialart.com\/en\/wp-json\/wp\/v2\/media?parent=12091"}],"curies":[{"name":"wp","href":"https:\/\/api.w.org\/{rel}","templated":true}]}}