{"id":11548,"date":"2024-05-05T23:09:29","date_gmt":"2024-05-05T21:09:29","guid":{"rendered":"https:\/\/poleandaerialart.com\/paah-2024\/"},"modified":"2024-10-17T21:57:12","modified_gmt":"2024-10-17T19:57:12","slug":"paah-2024","status":"publish","type":"page","link":"https:\/\/poleandaerialart.com\/en\/paah-2024\/","title":{"rendered":"PAAH 2024"},"content":{"rendered":"\t\t<div data-elementor-type=\"wp-page\" data-elementor-id=\"11548\" class=\"elementor elementor-11548 elementor-10963\" data-elementor-post-type=\"page\">\n\t\t\t\t<div class=\"elementor-element elementor-element-9c02840 e-flex e-con-boxed e-con e-parent\" data-id=\"9c02840\" data-element_type=\"container\">\n\t\t\t\t\t<div class=\"e-con-inner\">\n\t\t\t\t<div class=\"elementor-element elementor-element-0b7d7c7 elementor-widget elementor-widget-heading\" data-id=\"0b7d7c7\" data-element_type=\"widget\" data-widget_type=\"heading.default\">\n\t\t\t\t<div class=\"elementor-widget-container\">\n\t\t\t\t\t<span class=\"elementor-heading-title elementor-size-default\">pole &amp; aerial art<\/span>\t\t\t\t<\/div>\n\t\t\t\t<\/div>\n\t\t\t\t<div class=\"elementor-element elementor-element-7654518 elementor-widget elementor-widget-heading\" data-id=\"7654518\" data-element_type=\"widget\" data-widget_type=\"heading.default\">\n\t\t\t\t<div class=\"elementor-widget-container\">\n\t\t\t\t\t<h2 class=\"elementor-heading-title elementor-size-default\">PAAH 2024<\/h2>\t\t\t\t<\/div>\n\t\t\t\t<\/div>\n\t\t\t\t<div class=\"elementor-element elementor-element-2fe58f9 elementor-widget-divider--view-line elementor-widget elementor-widget-divider\" data-id=\"2fe58f9\" data-element_type=\"widget\" data-widget_type=\"divider.default\">\n\t\t\t\t<div class=\"elementor-widget-container\">\n\t\t\t\t\t\t\t<div class=\"elementor-divider\">\n\t\t\t<span class=\"elementor-divider-separator\">\n\t\t\t\t\t\t<\/span>\n\t\t<\/div>\n\t\t\t\t\t\t<\/div>\n\t\t\t\t<\/div>\n\t\t\t\t\t<\/div>\n\t\t\t\t<\/div>\n\t\t<div class=\"elementor-element elementor-element-a1d424d elementor-hidden-desktop elementor-hidden-tablet elementor-hidden-mobile e-flex e-con-boxed e-con e-parent\" data-id=\"a1d424d\" data-element_type=\"container\">\n\t\t\t\t\t<div class=\"e-con-inner\">\n\t\t\t\t<div class=\"elementor-element elementor-element-dec0047 elementor-align-center elementor-mobile-align-left elementor-widget elementor-widget-button\" data-id=\"dec0047\" data-element_type=\"widget\" data-widget_type=\"button.default\">\n\t\t\t\t<div class=\"elementor-widget-container\">\n\t\t\t\t\t\t\t\t\t<div class=\"elementor-button-wrapper\">\n\t\t\t\t\t<a class=\"elementor-button elementor-button-link elementor-size-sm\" href=\"#\">\n\t\t\t\t\t\t<span class=\"elementor-button-content-wrapper\">\n\t\t\t\t\t\t\t\t\t<span class=\"elementor-button-text\">MEGVESZEM A PONTOZ\u00d3LAPOMAT<\/span>\n\t\t\t\t\t<\/span>\n\t\t\t\t\t<\/a>\n\t\t\t\t<\/div>\n\t\t\t\t\t\t\t\t<\/div>\n\t\t\t\t<\/div>\n\t\t\t\t\t<\/div>\n\t\t\t\t<\/div>\n\t\t<div class=\"elementor-element elementor-element-b3bc091 e-flex e-con-boxed e-con e-parent\" data-id=\"b3bc091\" data-element_type=\"container\">\n\t\t\t\t\t<div class=\"e-con-inner\">\n\t\t\t\t<div class=\"elementor-element elementor-element-4bbc0f4 elementor-widget elementor-widget-text-editor\" data-id=\"4bbc0f4\" data-element_type=\"widget\" data-widget_type=\"text-editor.default\">\n\t\t\t\t<div class=\"elementor-widget-container\">\n\t\t\t\t\t\t\t\t\t<p><b>Pole and Aerial Art Hungary 2024\u00a0<br \/><\/b><b><\/b><strong>Competition and Free Creative Space<\/strong><br \/>9-10 November 2024 \u2013 <a href=\"https:\/\/uprendezvenyter.hu\/\" target=\"_blank\" rel=\"noopener\">UP Rendezv\u00e9nyt\u00e9r<\/a><br \/>1042 Budapest, Szent Istv\u00e1n square 13-14.<\/p><h5>\u00a0<\/h5><h5><b>Saturday 9th November 2024 &#8211; Pole art categories<\/b><\/h5><p>Stage rehearsals<br \/>from 7:00 (as scheduled)<b><br \/><\/b><\/p><p><b>START: 9:45<\/b><\/p><p>9:45 &#8211; 10:40 AMATEUR Junior I. individual<\/p><p>10:40 &#8211; 10:50 AMATEUR Junior I. doubles<\/p><p>10:50 &#8211; 11:10 AMATEUR Junior II. and Junior III. individual (merged)<\/p><p>Break + Stage rehearsals<\/p><p>11:20 &#8211; 11:35 SEMI-PRO Junior I. and Junior II. individual (merged)<\/p><p>11:35 &#8211; 12:30 SEMI-PRO Junior III. individual<\/p><p>12:30 &#8211; 12:40 AMATEUR Junior II. and Junior III. doubles (merged)<\/p><p>12:40 &#8211; 12:55 SEMI-PRO Junior II. and Junior III. doubles and team (merged)<\/p><p>Break + Stage rehearsals<\/p><p>13:05 &#8211; 13:25 PRO Junior II. individual<\/p><p>13:25 &#8211; 13:55 PRO Junior III. individual<\/p><p>13:55 &#8211; 14:10 PRO Junior II. and Junior III. doubles (merged)<\/p><p><b>JUNIORS AWARDS CEREMONY +<\/b> <b>Adult stage rehearsals<\/b><\/p><p>15:00 &#8211; 16:05 AMATEUR Adult I. and Adult II. individual (merged)<\/p><p><b>Break + Stage rehearsals<\/b><\/p><p>16:20 &#8211; 17:25 SEMI-PRO Adult I. individual<\/p><p>17:25 &#8211; 17:35 AMATEUR and SEMI-PRO Adult I. doubles (merged)<\/p><p>17:35 &#8211; 18:00 SEMI-PRO Adult II. individual<\/p><p><b>Break + Stage rehearsals<\/b><\/p><p>18:10 &#8211; 18:40 AMATEUR and SEMI-PRO Senior doubles<\/p><p>18:55 &#8211; 19:30 PROFI Adult I. and Adult II. individual<\/p><p>19:30 &#8211; 19:45 PROFI Adult II. \u00e9s Senior individual<\/p><p><b>Break + Stage rehearsals<\/b><\/p><p>20:00 &#8211; 20:45 GLAMOUR and EXOTIC ART Amateur, Semi-pro and Pro<\/p><p><b>ADULTS AWARDS CEREMONY<\/b><\/p><h5>\u00a0<\/h5><h5><b>Sunday 10th November 2024 (aerial art categories)<\/b><\/h5><p>Junior stage check<br \/>6:00 &#8211; 7:45<\/p><p><b>START: 8:00<\/b><\/p><p>8:00 &#8211; 8:25 AMATEUR Hammock Junior I. individual<\/p><p>8:25 &#8211; 8:35 AMATEUR Hammock Junior II. individual<\/p><p>8:35 &#8211; 8:45 AMATEUR Silk Junior I. individual<\/p><p>8:45 &#8211; 9:05 AMATEUR Silk Junior II. individual<\/p><p>9:05 &#8211; 9:20 AMATEUR Silk Junior III. individual<\/p><p>9:20 &#8211; 10:05 AMATEUR Hoop Junior I. individual<\/p><p><b>Break<\/b><\/p><p>10:15 &#8211; 10:40 AMATEUR Hoop Junior II. individual<\/p><p>10:40 &#8211; 10:55 AMATEUR Hoop Junior III. individual<\/p><p>10:55 &#8211; 11:10 AMATEUR Hoop Junior I. and Junior II. doubles (merged)<\/p><p>11:10 &#8211; 11:25 SEMI-PRO Hammock Junior I., Junior II. and Junior III. individual (merged)<\/p><p>11:25 &#8211; 11:40 PRO Hammock Junior I., Junior II. and Junior III. individual (merged)<\/p><p>11:40 &#8211; 12:05 SEMI-PRO Silk Junior I. individual<\/p><p>12:05 &#8211; 12:30 SEMI-PRO Silk Junior II. individual<\/p><p>12:30 &#8211; 12:45 SEMI-PRO Silk Junior III. individual<\/p><p><b>Break<\/b><\/p><p>12:55 &#8211; 13:10 SEMI-PRO Hammock Junior II. doubles, PROFI Hoop Junior III. doubles and PRO Silk Junior III. team (merged)<\/p><p>13:10 &#8211; 13:35 SEMI-PRO Hoop Junior I. individual<\/p><p>13:35 &#8211; 14:15 SEMI-PRO Hoop Junior II. individual<\/p><p>14:15 &#8211; 14:50 SEMI-PRO Hoop Junior III. individual<\/p><p><b>Break<\/b><\/p><p>15:00 &#8211; 15:25 PRO Hoop Junior II. individual<\/p><p>15:25 &#8211; 16:00 PRO Hoop Junior III. individual<\/p><p>16:00 &#8211; 16:100 AMATEUR FreeStyle Junior I. and Junior II. doubles (merged)<\/p><p>16:10 &#8211; 16:20 SEMI-PRO and PRO FreeStyle Junior I. and Junior III. doubles (merged)<\/p><p>16:20 &#8211; 16:40 AMATEUR and SEMI-PRO FreeStyle Junior II. individual<\/p><p>16:40 &#8211; 16:55 PRO FreeStyle Junior III. individual<\/p><p><b>JUNIOR AWARDS CEREMONY +<\/b> <b>Adults stage check<\/b><\/p><p>18:00 &#8211; 18:25 AMATEUR Hammock Adult I. individual<\/p><p>18:25 &#8211; 18:40 PRO Hammock and Silk Adult I. individual (merged)<\/p><p>18:40 &#8211; 19:10 AMATEUR and SEMI-PRO Silk Adult I. and Adult II. individual<\/p><p>19:10 &#8211; 19:20 AMATEUR FreeStyle Adult I. individual<\/p><p>19:20 &#8211; 19:35 SEMI-PRO FreeStyle Adult I. individual<\/p><p>19:35 &#8211; 19:45 PRO FreeStyle Adult I. and Adult II. individual (merged)<\/p><p><b>Break<\/b><\/p><p>19:55 &#8211; 20:20 AMATEUR Hoop Adult I. and Adult II. individual (merged)<\/p><p>20:20 &#8211; 20:45 SEMI-PRO Hoop Adult I. individual<\/p><p>20:45 &#8211; 21:15 PRO Hoop Adult I., Adult II. and Senior individual (merged)<\/p><p><b>ADULTS AWARDS CEREMONY<\/b><\/p><h5>\u00a0<\/h5><p><b>We reserve the right to change the programme.<\/b><\/p>\t\t\t\t\t\t\t\t<\/div>\n\t\t\t\t<\/div>\n\t\t\t\t\t<\/div>\n\t\t\t\t<\/div>\n\t\t\t\t<\/div>\n\t\t","protected":false},"excerpt":{"rendered":"<p>pole &amp; aerial art PAAH 2024 MEGVESZEM A PONTOZ\u00d3LAPOMAT Pole and Aerial Art Hungary 2024 Competition and Free Creative Space 9-10 November 2024 \u2013 UP Rendezv\u00e9nyt\u00e9r 1042 Budapest, Szent Istv\u00e1n square 13-14. Saturday 9th November 2024 &#8211; Pole art categories [&hellip;]<\/p>\n","protected":false},"author":1,"featured_media":0,"parent":0,"menu_order":14,"comment_status":"closed","ping_status":"closed","template":"full-width.php","meta":{"footnotes":""},"class_list":["post-11548","page","type-page","status-publish","hentry"],"yoast_head":"<!-- This site is optimized with the Yoast SEO plugin v26.6 - https:\/\/yoast.com\/wordpress\/plugins\/seo\/ -->\n<title>PAAH 2024 - Pole &amp; Aerial Art<\/title>\n<meta name=\"robots\" content=\"index, follow, max-snippet:-1, max-image-preview:large, max-video-preview:-1\" \/>\n<link rel=\"canonical\" href=\"https:\/\/poleandaerialart.com\/en\/paah-2024\/\" \/>\n<meta property=\"og:locale\" content=\"en_US\" \/>\n<meta property=\"og:type\" content=\"article\" \/>\n<meta property=\"og:title\" content=\"PAAH 2024 - Pole &amp; Aerial Art\" \/>\n<meta property=\"og:description\" content=\"pole &amp; aerial art PAAH 2024 MEGVESZEM A PONTOZ\u00d3LAPOMAT Pole and Aerial Art Hungary 2024 Competition and Free Creative Space 9-10 November 2024 \u2013 UP Rendezv\u00e9nyt\u00e9r 1042 Budapest, Szent Istv\u00e1n square 13-14. Saturday 9th November 2024 &#8211; Pole art categories [&hellip;]\" \/>\n<meta property=\"og:url\" content=\"https:\/\/poleandaerialart.com\/en\/paah-2024\/\" \/>\n<meta property=\"og:site_name\" content=\"Pole &amp; Aerial Art\" \/>\n<meta property=\"article:modified_time\" content=\"2024-10-17T19:57:12+00:00\" \/>\n<meta property=\"og:image\" content=\"https:\/\/poleandaerialart.com\/wp-content\/uploads\/2024\/10\/RGP_8744-Edit.jpg\" \/>\n\t<meta property=\"og:image:width\" content=\"2048\" \/>\n\t<meta property=\"og:image:height\" content=\"1151\" \/>\n\t<meta property=\"og:image:type\" content=\"image\/jpeg\" \/>\n<meta name=\"twitter:card\" content=\"summary_large_image\" \/>\n<meta name=\"twitter:label1\" content=\"Est. reading time\" \/>\n\t<meta name=\"twitter:data1\" content=\"3 minutes\" \/>\n<script type=\"application\/ld+json\" class=\"yoast-schema-graph\">{\"@context\":\"https:\/\/schema.org\",\"@graph\":[{\"@type\":\"WebPage\",\"@id\":\"https:\/\/poleandaerialart.com\/en\/paah-2024\/\",\"url\":\"https:\/\/poleandaerialart.com\/en\/paah-2024\/\",\"name\":\"PAAH 2024 - Pole &amp; Aerial Art\",\"isPartOf\":{\"@id\":\" https:\/\/poleandaerialart.com\/#website\"},\"datePublished\":\"2024-05-05T21:09:29+00:00\",\"dateModified\":\"2024-10-17T19:57:12+00:00\",\"breadcrumb\":{\"@id\":\"https:\/\/poleandaerialart.com\/en\/paah-2024\/#breadcrumb\"},\"inLanguage\":\"en-US\",\"potentialAction\":[{\"@type\":\"ReadAction\",\"target\":[\"https:\/\/poleandaerialart.com\/en\/paah-2024\/\"]}]},{\"@type\":\"BreadcrumbList\",\"@id\":\"https:\/\/poleandaerialart.com\/en\/paah-2024\/#breadcrumb\",\"itemListElement\":[{\"@type\":\"ListItem\",\"position\":1,\"name\":\"Home\",\"item\":\"https:\/\/poleandaerialart.com\/\"},{\"@type\":\"ListItem\",\"position\":2,\"name\":\"PAAH 2024\"}]},{\"@type\":\"WebSite\",\"@id\":\" https:\/\/poleandaerialart.com\/#website\",\"url\":\" https:\/\/poleandaerialart.com\/\",\"name\":\"Pole &amp; Aerial Art\",\"description\":\"\",\"potentialAction\":[{\"@type\":\"SearchAction\",\"target\":{\"@type\":\"EntryPoint\",\"urlTemplate\":\" https:\/\/poleandaerialart.com\/?s={search_term_string}\"},\"query-input\":{\"@type\":\"PropertyValueSpecification\",\"valueRequired\":true,\"valueName\":\"search_term_string\"}}],\"inLanguage\":\"en-US\"}]}<\/script>\n<!-- \/ Yoast SEO plugin. -->","yoast_head_json":{"title":"PAAH 2024 - Pole &amp; Aerial Art","robots":{"index":"index","follow":"follow","max-snippet":"max-snippet:-1","max-image-preview":"max-image-preview:large","max-video-preview":"max-video-preview:-1"},"canonical":"https:\/\/poleandaerialart.com\/en\/paah-2024\/","og_locale":"en_US","og_type":"article","og_title":"PAAH 2024 - Pole &amp; Aerial Art","og_description":"pole &amp; aerial art PAAH 2024 MEGVESZEM A PONTOZ\u00d3LAPOMAT Pole and Aerial Art Hungary 2024 Competition and Free Creative Space 9-10 November 2024 \u2013 UP Rendezv\u00e9nyt\u00e9r 1042 Budapest, Szent Istv\u00e1n square 13-14. Saturday 9th November 2024 &#8211; Pole art categories [&hellip;]","og_url":"https:\/\/poleandaerialart.com\/en\/paah-2024\/","og_site_name":"Pole &amp; Aerial Art","article_modified_time":"2024-10-17T19:57:12+00:00","og_image":[{"width":2048,"height":1151,"url":"https:\/\/poleandaerialart.com\/wp-content\/uploads\/2024\/10\/RGP_8744-Edit.jpg","type":"image\/jpeg"}],"twitter_card":"summary_large_image","twitter_misc":{"Est. reading time":"3 minutes"},"schema":{"@context":"https:\/\/schema.org","@graph":[{"@type":"WebPage","@id":"https:\/\/poleandaerialart.com\/en\/paah-2024\/","url":"https:\/\/poleandaerialart.com\/en\/paah-2024\/","name":"PAAH 2024 - Pole &amp; Aerial Art","isPartOf":{"@id":" https:\/\/poleandaerialart.com\/#website"},"datePublished":"2024-05-05T21:09:29+00:00","dateModified":"2024-10-17T19:57:12+00:00","breadcrumb":{"@id":"https:\/\/poleandaerialart.com\/en\/paah-2024\/#breadcrumb"},"inLanguage":"en-US","potentialAction":[{"@type":"ReadAction","target":["https:\/\/poleandaerialart.com\/en\/paah-2024\/"]}]},{"@type":"BreadcrumbList","@id":"https:\/\/poleandaerialart.com\/en\/paah-2024\/#breadcrumb","itemListElement":[{"@type":"ListItem","position":1,"name":"Home","item":"https:\/\/poleandaerialart.com\/"},{"@type":"ListItem","position":2,"name":"PAAH 2024"}]},{"@type":"WebSite","@id":" https:\/\/poleandaerialart.com\/#website","url":" https:\/\/poleandaerialart.com\/","name":"Pole &amp; Aerial Art","description":"","potentialAction":[{"@type":"SearchAction","target":{"@type":"EntryPoint","urlTemplate":" https:\/\/poleandaerialart.com\/?s={search_term_string}"},"query-input":{"@type":"PropertyValueSpecification","valueRequired":true,"valueName":"search_term_string"}}],"inLanguage":"en-US"}]}},"_links":{"self":[{"href":"https:\/\/poleandaerialart.com\/en\/wp-json\/wp\/v2\/pages\/11548","targetHints":{"allow":["GET"]}}],"collection":[{"href":"https:\/\/poleandaerialart.com\/en\/wp-json\/wp\/v2\/pages"}],"about":[{"href":"https:\/\/poleandaerialart.com\/en\/wp-json\/wp\/v2\/types\/page"}],"author":[{"embeddable":true,"href":"https:\/\/poleandaerialart.com\/en\/wp-json\/wp\/v2\/users\/1"}],"replies":[{"embeddable":true,"href":"https:\/\/poleandaerialart.com\/en\/wp-json\/wp\/v2\/comments?post=11548"}],"version-history":[{"count":5,"href":"https:\/\/poleandaerialart.com\/en\/wp-json\/wp\/v2\/pages\/11548\/revisions"}],"predecessor-version":[{"id":12863,"href":"https:\/\/poleandaerialart.com\/en\/wp-json\/wp\/v2\/pages\/11548\/revisions\/12863"}],"wp:attachment":[{"href":"https:\/\/poleandaerialart.com\/en\/wp-json\/wp\/v2\/media?parent=11548"}],"curies":[{"name":"wp","href":"https:\/\/api.w.org\/{rel}","templated":true}]}}