{"id":11542,"date":"2024-05-05T23:07:27","date_gmt":"2024-05-05T21:07:27","guid":{"rendered":"https:\/\/poleandaerialart.com\/paah-2023\/"},"modified":"2024-05-06T21:53:46","modified_gmt":"2024-05-06T19:53:46","slug":"paah-2023","status":"publish","type":"page","link":"https:\/\/poleandaerialart.com\/en\/paah-2023\/","title":{"rendered":"PAAH 2023"},"content":{"rendered":"\t\t<div data-elementor-type=\"wp-page\" data-elementor-id=\"11542\" class=\"elementor elementor-11542 elementor-10956\" data-elementor-post-type=\"page\">\n\t\t\t\t<div class=\"elementor-element elementor-element-9c02840 e-flex e-con-boxed e-con e-parent\" data-id=\"9c02840\" data-element_type=\"container\">\n\t\t\t\t\t<div class=\"e-con-inner\">\n\t\t\t\t<div class=\"elementor-element elementor-element-0b7d7c7 elementor-widget elementor-widget-heading\" data-id=\"0b7d7c7\" data-element_type=\"widget\" data-widget_type=\"heading.default\">\n\t\t\t\t<div class=\"elementor-widget-container\">\n\t\t\t\t\t<span class=\"elementor-heading-title elementor-size-default\">pole &amp; aerial art<\/span>\t\t\t\t<\/div>\n\t\t\t\t<\/div>\n\t\t\t\t<div class=\"elementor-element elementor-element-7654518 elementor-widget elementor-widget-heading\" data-id=\"7654518\" data-element_type=\"widget\" data-widget_type=\"heading.default\">\n\t\t\t\t<div class=\"elementor-widget-container\">\n\t\t\t\t\t<h2 class=\"elementor-heading-title elementor-size-default\">PAAH 2023<\/h2>\t\t\t\t<\/div>\n\t\t\t\t<\/div>\n\t\t\t\t<div class=\"elementor-element elementor-element-2fe58f9 elementor-widget-divider--view-line elementor-widget elementor-widget-divider\" data-id=\"2fe58f9\" data-element_type=\"widget\" data-widget_type=\"divider.default\">\n\t\t\t\t<div class=\"elementor-widget-container\">\n\t\t\t\t\t\t\t<div class=\"elementor-divider\">\n\t\t\t<span class=\"elementor-divider-separator\">\n\t\t\t\t\t\t<\/span>\n\t\t<\/div>\n\t\t\t\t\t\t<\/div>\n\t\t\t\t<\/div>\n\t\t\t\t\t<\/div>\n\t\t\t\t<\/div>\n\t\t<div class=\"elementor-element elementor-element-b3bc091 e-flex e-con-boxed e-con e-parent\" data-id=\"b3bc091\" data-element_type=\"container\">\n\t\t\t\t\t<div class=\"e-con-inner\">\n\t\t\t\t<div class=\"elementor-element elementor-element-4bbc0f4 elementor-widget elementor-widget-text-editor\" data-id=\"4bbc0f4\" data-element_type=\"widget\" data-widget_type=\"text-editor.default\">\n\t\t\t\t<div class=\"elementor-widget-container\">\n\t\t\t\t\t\t\t\t\t<p><b><i>Pole and Aerial Art Hungary<br \/><\/i><\/b><i><strong>Competition and Free Creative Space<\/strong><br \/>10-11 November 2023 \u2013 <\/i><a href=\"https:\/\/uprendezvenyter.hu\/\" target=\"_blank\" rel=\"noopener\"><i>UP Rendezv\u00e9nyt\u00e9r<\/i><\/a><br \/><i>1042 Budapest, Szent Istv\u00e1n square 13-14.<\/i><\/p><h5><b>FRIDAY, 10TH NOVEMBER 2023 (AERIAL ART CATEGORIES)<\/b><\/h5><p><i>Rehearsal<\/i><i><br \/><\/i><em>7:00 \u2013 7:32 \u2013 Junior I. Hammock individual amateur, Silk individual amateur<br \/>7:32 \u2013 8:12 \u2013 Junior I. Hoop individual amateur, Hoop duo amateur<br \/>8:12 \u2013 8:56 \u2013 Junior I. Hammock individual pro, Silk individual pro, Hoop, individual pro<\/em><\/p><p><b>1. block 9:00 \u2013 10:15<\/b><b><br \/><\/b>AMATEUR Hammock \u2013 individual \u2013 Junior I.<br \/>AMATEUR Silk \u2013 individual \u2013 Junior I.<\/p><p><i>Break + Rehearsal<\/i><b><i><br \/><\/i><\/b><em>10:20 \u2013 10:28 \u2013 Junior II. Silk individual amateur<\/em><\/p><p><b>2. block 10:30 \u2013 12:05<\/b><b><br \/><\/b>AMATEUR Hoop \u2013 Junior I. individual<br \/>AMATEUR Hoop \u2013 Junior II. duo<\/p><p><i>Break + Rehearsal<\/i><b><i><br \/><\/i><\/b><i>12:10 \u2013 12:36 \u2013 Junior II. Hoop individual amateur, Hammock individual pro, Silk individual pro<\/i><\/p><p><b>3. block 12:45 \u2013 14:30<br \/><\/b>PRO Hammock \u2013 Junior I. individual<br \/>PRO Silk \u2013 Junior I. individual<br \/>PRO Hoop \u2013 Junior I. individual<\/p><p><i>Break + Rehearsal<\/i><i><br \/><\/i><i>14:35 \u2013 14:55 \u2013 Junior II. Hoop individual pro<\/i><\/p><p><b>4. block 15:00 \u2013 16:20<\/b><b><br \/><\/b>AMATEUR Silk \u2013 individual Junior II.<br \/>AMATEUR Hoop \u2013 individual Junior II.<br \/>PRO Hammock \u2013 individual Junior II.<br \/>PRO Silk \u2013 individual Junior II.<\/p><p><em>Break + Rehearsal<br \/><\/em><i>16:25 \u2013 16:43 \u2013 Junior II. Hoop duo merged, Junior II. Freestyle merged, Junior I Freestyle merged<\/i><\/p><p><b>5. block 16:50 \u2013 18:20<\/b><b><br \/><\/b>PRO Hoop \u2013 individual Junior II.<br \/>MERGED Hoop\u00a0 \u2013 duo Junior II.<br \/>MERGED Freestyle \u2013 individual Junior II.<br \/>MERGED Freestyle \u2013 individual Junior I.<\/p><p><b>AWARDS CEREMONY + <\/b><b>Adults Rehearsal<\/b><\/p><p><b>6. block 19:30 \u2013 21.45<br \/><\/b>MERGED Silk, Hammock \u2013 Adult<br \/>FREE Creative Space \u2013 Freestyle, Hoop<br \/>AMATEUR Hoop \u2013 individual Adult<br \/>MERGED Hoop \u2013 duo Adult<br \/>PRO Hoop \u2013 individual Adult<\/p><p><b>AWARDS CEREMONY<\/b><\/p><h5><b>S<\/b><b>ATURDAY, 11TH NOVEMBER 2023 (POLE ART CATEGORIES)<\/b><\/h5><p><i>Rehearsal<\/i><b><i><br \/><\/i><\/b><i>7:30 \u2013 8:08 \u2013 Junior I. individual amateur, FREE Creative Space Junior I. individual, FREE Creative Space Junior II. duo, Junior II. individual amateur<\/i><i><br \/><\/i><i>8:08 \u2013 8:44 \u2013 Junior I. individual pro, Junior II. individual pro, Junior II. duo merged, FREE Creative Space Junior II. team<\/i><i><br \/><\/i><i>8:44 \u2013 9:28 \u2013 Adult individual amateur<\/i><\/p><p><b>1.block 9:45 \u2013 11:30<\/b><b><br \/><\/b>AMATEUR \u2013 individual \u2013 Junior I.<br \/>FREE Creative Space \u2013 individual \u2013 Junior I.<br \/>FREE Creative Space \u2013 du \u2013 Junior II.<br \/>AMATEUR \u2013 individual \u2013 Junior II.<\/p><p><i>Break + Rehearsal<\/i><i><br \/><\/i><i>11:30 \u2013 11:36 Senior individual amateur, Senior-Adult merged duo\u00a0<\/i><\/p><p><b>2. block 11:45 \u2013 13:10<\/b><b><br \/><\/b>PRO \u2013 individual \u2013 Junior I.<br \/>PRO \u2013 individual \u2013 Junior II.<br \/>MERGED \u2013 du \u2013 Junior II.<br \/>FREE Creative Space \u2013 team \u2013 Junior II.<\/p><p><i>Break + Rehearsal<br \/><\/i>13:10 \u2013 13:39 Adult individual profi, FREE Creative Space adult<\/p><p><b>3. block 13:45 \u2013 15:35<\/b><b><br \/><\/b>AMATEUR \u2013 individual \u2013 Adult<\/p><p><i>Break + Rehearsal<\/i><i><br \/><\/i><i>15:35 \u2013 15:55 Adult individual GEA<\/i><\/p><p><b>4. block 16:10 \u2013 18:20<\/b><b><br \/><\/b>AMATEUR \u2013 individual \u2013 Senior<br \/>MERGED \u2013 duo \u2013 Senior, Adult<br \/>PRO \u2013 individual \u2013 Adult<b><\/b><b><br \/><\/b>FREE Creative Space \u2013 individual and duo Adult, Senior<br \/>PRO \u2013 Aerial Pole \u2013 individual \u2013 Adult<\/p><p><b>18:20 GALA + AWARDS CEREMONY<\/b><\/p><p><b>5. block 19:15 \u2013 20:05<\/b><b><br \/><\/b>AMATEUR \u2013 individual \u2013 GEA<br \/>PRO \u2013 individual \u2013 GEA<\/p><p><b>AWARDS CEREMONY \u2013 GEA<\/b><\/p><p><b><i>We reserve the right to change the program.<\/i><\/b><\/p>\t\t\t\t\t\t\t\t<\/div>\n\t\t\t\t<\/div>\n\t\t\t\t\t<\/div>\n\t\t\t\t<\/div>\n\t\t\t\t<\/div>\n\t\t","protected":false},"excerpt":{"rendered":"<p>pole &#038; aerial art PAAH 2023 Pole and Aerial Art HungaryCompetition and Free Creative Space10-11 November 2023 \u2013 UP Rendezv\u00e9nyt\u00e9r1042 Budapest, Szent Istv\u00e1n square 13-14. FRIDAY, 10TH NOVEMBER 2023 (AERIAL ART CATEGORIES) Rehearsal7:00 \u2013 7:32 \u2013 Junior I. Hammock individual [&hellip;]<\/p>\n","protected":false},"author":1,"featured_media":0,"parent":0,"menu_order":14,"comment_status":"closed","ping_status":"closed","template":"full-width.php","meta":{"footnotes":""},"class_list":["post-11542","page","type-page","status-publish","hentry"],"yoast_head":"<!-- This site is optimized with the Yoast SEO plugin v26.6 - https:\/\/yoast.com\/wordpress\/plugins\/seo\/ -->\n<title>PAAH 2023 - Pole &amp; Aerial Art<\/title>\n<meta name=\"robots\" content=\"index, follow, max-snippet:-1, max-image-preview:large, max-video-preview:-1\" \/>\n<link rel=\"canonical\" href=\"https:\/\/poleandaerialart.com\/en\/paah-2023\/\" \/>\n<meta property=\"og:locale\" content=\"en_US\" \/>\n<meta property=\"og:type\" content=\"article\" \/>\n<meta property=\"og:title\" content=\"PAAH 2023 - Pole &amp; Aerial Art\" \/>\n<meta property=\"og:description\" content=\"pole &#038; aerial art PAAH 2023 Pole and Aerial Art HungaryCompetition and Free Creative Space10-11 November 2023 \u2013 UP Rendezv\u00e9nyt\u00e9r1042 Budapest, Szent Istv\u00e1n square 13-14. FRIDAY, 10TH NOVEMBER 2023 (AERIAL ART CATEGORIES) Rehearsal7:00 \u2013 7:32 \u2013 Junior I. Hammock individual [&hellip;]\" \/>\n<meta property=\"og:url\" content=\"https:\/\/poleandaerialart.com\/en\/paah-2023\/\" \/>\n<meta property=\"og:site_name\" content=\"Pole &amp; Aerial Art\" \/>\n<meta property=\"article:modified_time\" content=\"2024-05-06T19:53:46+00:00\" \/>\n<meta property=\"og:image\" content=\"https:\/\/poleandaerialart.com\/wp-content\/uploads\/2021\/11\/Cofi2.jpg\" \/>\n\t<meta property=\"og:image:width\" content=\"640\" \/>\n\t<meta property=\"og:image:height\" content=\"640\" \/>\n\t<meta property=\"og:image:type\" content=\"image\/jpeg\" \/>\n<meta name=\"twitter:card\" content=\"summary_large_image\" \/>\n<meta name=\"twitter:label1\" content=\"Est. reading time\" \/>\n\t<meta name=\"twitter:data1\" content=\"2 minutes\" \/>\n<script type=\"application\/ld+json\" class=\"yoast-schema-graph\">{\"@context\":\"https:\/\/schema.org\",\"@graph\":[{\"@type\":\"WebPage\",\"@id\":\"https:\/\/poleandaerialart.com\/en\/paah-2023\/\",\"url\":\"https:\/\/poleandaerialart.com\/en\/paah-2023\/\",\"name\":\"PAAH 2023 - Pole &amp; Aerial Art\",\"isPartOf\":{\"@id\":\" https:\/\/poleandaerialart.com\/#website\"},\"datePublished\":\"2024-05-05T21:07:27+00:00\",\"dateModified\":\"2024-05-06T19:53:46+00:00\",\"breadcrumb\":{\"@id\":\"https:\/\/poleandaerialart.com\/en\/paah-2023\/#breadcrumb\"},\"inLanguage\":\"en-US\",\"potentialAction\":[{\"@type\":\"ReadAction\",\"target\":[\"https:\/\/poleandaerialart.com\/en\/paah-2023\/\"]}]},{\"@type\":\"BreadcrumbList\",\"@id\":\"https:\/\/poleandaerialart.com\/en\/paah-2023\/#breadcrumb\",\"itemListElement\":[{\"@type\":\"ListItem\",\"position\":1,\"name\":\"Home\",\"item\":\"https:\/\/poleandaerialart.com\/\"},{\"@type\":\"ListItem\",\"position\":2,\"name\":\"PAAH 2023\"}]},{\"@type\":\"WebSite\",\"@id\":\" https:\/\/poleandaerialart.com\/#website\",\"url\":\" https:\/\/poleandaerialart.com\/\",\"name\":\"Pole &amp; Aerial Art\",\"description\":\"\",\"potentialAction\":[{\"@type\":\"SearchAction\",\"target\":{\"@type\":\"EntryPoint\",\"urlTemplate\":\" https:\/\/poleandaerialart.com\/?s={search_term_string}\"},\"query-input\":{\"@type\":\"PropertyValueSpecification\",\"valueRequired\":true,\"valueName\":\"search_term_string\"}}],\"inLanguage\":\"en-US\"}]}<\/script>\n<!-- \/ Yoast SEO plugin. -->","yoast_head_json":{"title":"PAAH 2023 - Pole &amp; Aerial Art","robots":{"index":"index","follow":"follow","max-snippet":"max-snippet:-1","max-image-preview":"max-image-preview:large","max-video-preview":"max-video-preview:-1"},"canonical":"https:\/\/poleandaerialart.com\/en\/paah-2023\/","og_locale":"en_US","og_type":"article","og_title":"PAAH 2023 - Pole &amp; Aerial Art","og_description":"pole &#038; aerial art PAAH 2023 Pole and Aerial Art HungaryCompetition and Free Creative Space10-11 November 2023 \u2013 UP Rendezv\u00e9nyt\u00e9r1042 Budapest, Szent Istv\u00e1n square 13-14. FRIDAY, 10TH NOVEMBER 2023 (AERIAL ART CATEGORIES) Rehearsal7:00 \u2013 7:32 \u2013 Junior I. Hammock individual [&hellip;]","og_url":"https:\/\/poleandaerialart.com\/en\/paah-2023\/","og_site_name":"Pole &amp; Aerial Art","article_modified_time":"2024-05-06T19:53:46+00:00","og_image":[{"width":640,"height":640,"url":"https:\/\/poleandaerialart.com\/wp-content\/uploads\/2021\/11\/Cofi2.jpg","type":"image\/jpeg"}],"twitter_card":"summary_large_image","twitter_misc":{"Est. reading time":"2 minutes"},"schema":{"@context":"https:\/\/schema.org","@graph":[{"@type":"WebPage","@id":"https:\/\/poleandaerialart.com\/en\/paah-2023\/","url":"https:\/\/poleandaerialart.com\/en\/paah-2023\/","name":"PAAH 2023 - Pole &amp; Aerial Art","isPartOf":{"@id":" https:\/\/poleandaerialart.com\/#website"},"datePublished":"2024-05-05T21:07:27+00:00","dateModified":"2024-05-06T19:53:46+00:00","breadcrumb":{"@id":"https:\/\/poleandaerialart.com\/en\/paah-2023\/#breadcrumb"},"inLanguage":"en-US","potentialAction":[{"@type":"ReadAction","target":["https:\/\/poleandaerialart.com\/en\/paah-2023\/"]}]},{"@type":"BreadcrumbList","@id":"https:\/\/poleandaerialart.com\/en\/paah-2023\/#breadcrumb","itemListElement":[{"@type":"ListItem","position":1,"name":"Home","item":"https:\/\/poleandaerialart.com\/"},{"@type":"ListItem","position":2,"name":"PAAH 2023"}]},{"@type":"WebSite","@id":" https:\/\/poleandaerialart.com\/#website","url":" https:\/\/poleandaerialart.com\/","name":"Pole &amp; Aerial Art","description":"","potentialAction":[{"@type":"SearchAction","target":{"@type":"EntryPoint","urlTemplate":" https:\/\/poleandaerialart.com\/?s={search_term_string}"},"query-input":{"@type":"PropertyValueSpecification","valueRequired":true,"valueName":"search_term_string"}}],"inLanguage":"en-US"}]}},"_links":{"self":[{"href":"https:\/\/poleandaerialart.com\/en\/wp-json\/wp\/v2\/pages\/11542","targetHints":{"allow":["GET"]}}],"collection":[{"href":"https:\/\/poleandaerialart.com\/en\/wp-json\/wp\/v2\/pages"}],"about":[{"href":"https:\/\/poleandaerialart.com\/en\/wp-json\/wp\/v2\/types\/page"}],"author":[{"embeddable":true,"href":"https:\/\/poleandaerialart.com\/en\/wp-json\/wp\/v2\/users\/1"}],"replies":[{"embeddable":true,"href":"https:\/\/poleandaerialart.com\/en\/wp-json\/wp\/v2\/comments?post=11542"}],"version-history":[{"count":4,"href":"https:\/\/poleandaerialart.com\/en\/wp-json\/wp\/v2\/pages\/11542\/revisions"}],"predecessor-version":[{"id":11546,"href":"https:\/\/poleandaerialart.com\/en\/wp-json\/wp\/v2\/pages\/11542\/revisions\/11546"}],"wp:attachment":[{"href":"https:\/\/poleandaerialart.com\/en\/wp-json\/wp\/v2\/media?parent=11542"}],"curies":[{"name":"wp","href":"https:\/\/api.w.org\/{rel}","templated":true}]}}