{"id":11530,"date":"2018-12-28T12:02:38","date_gmt":"2018-12-28T11:02:38","guid":{"rendered":"https:\/\/poleandaerialart.com\/paah-2021\/"},"modified":"2024-05-06T21:50:52","modified_gmt":"2024-05-06T19:50:52","slug":"paah-2021","status":"publish","type":"page","link":"https:\/\/poleandaerialart.com\/en\/paah-2021\/","title":{"rendered":"PAAH 2021"},"content":{"rendered":"\t\t<div data-elementor-type=\"wp-page\" data-elementor-id=\"11530\" class=\"elementor elementor-11530 elementor-6182\" data-elementor-post-type=\"page\">\n\t\t\t\t<div class=\"elementor-element elementor-element-9c02840 e-flex e-con-boxed e-con e-parent\" data-id=\"9c02840\" data-element_type=\"container\">\n\t\t\t\t\t<div class=\"e-con-inner\">\n\t\t\t\t<div class=\"elementor-element elementor-element-0b7d7c7 elementor-widget elementor-widget-heading\" data-id=\"0b7d7c7\" data-element_type=\"widget\" data-widget_type=\"heading.default\">\n\t\t\t\t<div class=\"elementor-widget-container\">\n\t\t\t\t\t<span class=\"elementor-heading-title elementor-size-default\">pole &amp; aerial art<\/span>\t\t\t\t<\/div>\n\t\t\t\t<\/div>\n\t\t\t\t<div class=\"elementor-element elementor-element-7654518 elementor-widget elementor-widget-heading\" data-id=\"7654518\" data-element_type=\"widget\" data-widget_type=\"heading.default\">\n\t\t\t\t<div class=\"elementor-widget-container\">\n\t\t\t\t\t<h2 class=\"elementor-heading-title elementor-size-default\">PAAH 2021<\/h2>\t\t\t\t<\/div>\n\t\t\t\t<\/div>\n\t\t\t\t<div class=\"elementor-element elementor-element-2fe58f9 elementor-widget-divider--view-line elementor-widget elementor-widget-divider\" data-id=\"2fe58f9\" data-element_type=\"widget\" data-widget_type=\"divider.default\">\n\t\t\t\t<div class=\"elementor-widget-container\">\n\t\t\t\t\t\t\t<div class=\"elementor-divider\">\n\t\t\t<span class=\"elementor-divider-separator\">\n\t\t\t\t\t\t<\/span>\n\t\t<\/div>\n\t\t\t\t\t\t<\/div>\n\t\t\t\t<\/div>\n\t\t\t\t\t<\/div>\n\t\t\t\t<\/div>\n\t\t<div class=\"elementor-element elementor-element-b3bc091 e-flex e-con-boxed e-con e-parent\" data-id=\"b3bc091\" data-element_type=\"container\">\n\t\t\t\t\t<div class=\"e-con-inner\">\n\t\t\t\t<div class=\"elementor-element elementor-element-4bbc0f4 elementor-widget elementor-widget-text-editor\" data-id=\"4bbc0f4\" data-element_type=\"widget\" data-widget_type=\"text-editor.default\">\n\t\t\t\t<div class=\"elementor-widget-container\">\n\t\t\t\t\t\t\t\t\t<p style=\"text-align: center;\"><b><i>Pole and Aerial Art Hungary\u00a0<\/i><\/b><\/p><p style=\"text-align: center;\"><i><span style=\"font-weight: 400;\"><strong>Verseny \u00e9s Szabad Alkot\u00f3 T\u00e9r &#8211; R\u00fad \u00e9s L\u00e9gm\u0171v\u00e9szet<\/strong><\/span><\/i><\/p><p style=\"text-align: center;\"><i><span style=\"font-weight: 400;\">2021. <\/span><\/i><i>december 04-05. T\u00e1ncosok Klubja<\/i><\/p><p style=\"text-align: center;\"><b><i>PROGRAMTERVEZET<\/i><\/b><\/p><p style=\"text-align: center;\"><b><i>DEC. 4. szombat &#8211; R\u00daDM\u0170V\u00c9SZET<\/i><\/b><\/p><p style=\"text-align: center;\"><b><i>D\u00e9lel\u0151tti program<\/i><\/b><b><i><br \/><\/i><\/b><i><span style=\"font-weight: 400;\">9:00-\u00f3r\u00e1t\u00f3l <\/span><\/i><strong><i>Regisztr\u00e1ci\u00f3<\/i><i><\/i><\/strong><b><i><br \/><\/i><\/b><i><span style=\"font-weight: 400;\">10:00 Junior I. \u00e9s Junior II. (amat\u0151r \u00e9s profi) <\/span><\/i><b><i>f\u0151pr\u00f3b\u00e1k<\/i><\/b><b><i><br \/><\/i><\/b><i><span style=\"font-weight: 400;\">11:30\u00a0 Amat\u0151r Junior I. \u00e9s Junior II. versenysz\u00e1mok<\/span><\/i><i><span style=\"font-weight: 400;\"><br \/><\/span><\/i><i><span style=\"font-weight: 400;\">13:00 Profi Junior I. \u00e9s Junior II. versenysz\u00e1mok<\/span><\/i><\/p><p style=\"text-align: center;\"><i><span style=\"font-weight: 400;\">14:30 Junior <\/span><\/i><b><i>eredm\u00e9nyhirdet\u00e9s<\/i><\/b><i><span style=\"font-weight: 400;\"> (valamennyi versenysz\u00e1mban)<\/span><\/i><\/p><p style=\"text-align: center;\"><b><i>Sz\u00fcnet<\/i><\/b><i><span style=\"font-weight: 400;\">ben: 15:00-16:30 Feln\u0151tt (amat\u0151r \u00e9s profi) <\/span><\/i><b><i>f\u0151pr\u00f3b\u00e1k<\/i><\/b><\/p><p style=\"text-align: center;\"><b><i>D\u00e9lut\u00e1ni program<\/i><\/b><\/p><p style=\"text-align: center;\"><b><i><span style=\"font-weight: 400;\"><strong>MEGLEPET\u00c9S EL\u0150AD\u00d3M\u0170V\u00c9SZ &#8211; performansz.\u00a0<\/strong><\/span><br \/><\/i><\/b><i><span style=\"font-weight: 400;\">16:30 Feln\u0151tt (amat\u0151r \u00e9s profi) versenysz\u00e1mok + SZAT<\/span><\/i><b><i>*<\/i><\/b><b><i><br \/><\/i><\/b><i><span style=\"font-weight: 400;\">19:00 Feln\u0151tt eredm\u00e9nyhirdet\u00e9s (valamennyi versenysz\u00e1mban)<\/span><\/i><i><span style=\"font-weight: 400;\"><br \/><\/span><\/i><i><span style=\"font-weight: 400;\">19:30 GEA<\/span><\/i><b><i>*<br \/><\/i><\/b><\/p><p style=\"text-align: center;\"><i><span style=\"font-weight: 400;\">21:00 GEA <\/span><\/i><b><i>eredm\u00e9nyhirdet\u00e9s<\/i><\/b><i><span style=\"font-weight: 400;\"> (amat\u0151r \u00e9s profi)<\/span><\/i><i><span style=\"font-weight: 400;\"><br \/><\/span><\/i><i><span style=\"font-weight: 400;\">*****<\/span><\/i><i><span style=\"font-weight: 400;\"><br \/><\/span><\/i><b><i>DEC. 5. vas\u00e1rnap &#8211; L\u00c9GM\u0170V\u00c9SZET<\/i><\/b><\/p><p style=\"text-align: center;\"><b><i>D\u00e9lel\u0151tti program<\/i><\/b><b><i><br \/><\/i><\/b><i><span style=\"font-weight: 400;\">08:00-t\u00f3l <\/span><\/i><b><i>Regisztr\u00e1ci\u00f3<\/i><\/b><i><span style=\"font-weight: 400;\"> \u00e9s Junior (amat\u0151r \u00e9s profi) <\/span><\/i><b><i>f\u0151pr\u00f3b\u00e1k<\/i><\/b><b><i><br \/><\/i><\/b><i><span style=\"font-weight: 400;\">11:30 Profi Junior II. du\u00f3 versenysz\u00e1m<\/span><\/i><i><span style=\"font-weight: 400;\"><br \/><\/span><\/i><i><span style=\"font-weight: 400;\">13:45 Amat\u0151r Junior I. \u00e9s Junior II. versenysz\u00e1mok<\/span><\/i><i><span style=\"font-weight: 400;\"><br \/><\/span><\/i><i><span style=\"font-weight: 400;\">15:00 Profi Junior I. \u00e9s Junior II. egy\u00e9ni versenysz\u00e1mok<\/span><\/i><\/p><p style=\"text-align: center;\"><i><span style=\"font-weight: 400;\">16:00 Junior <\/span><\/i><b><i>eredm\u00e9nyhirdet\u00e9s<\/i><\/b><i><span style=\"font-weight: 400;\"> (valamennyi versenysz\u00e1mban)<\/span><\/i><\/p><p style=\"text-align: center;\"><b><i>Sz\u00fcnet<\/i><\/b><i><span style=\"font-weight: 400;\">ben: 16:00-17:00 Feln\u0151tt (amat\u0151r \u00e9s profi) <\/span><\/i><b><i>f\u0151pr\u00f3b\u00e1k<\/i><\/b><\/p><p style=\"text-align: center;\"><b><i>D\u00e9lut\u00e1ni program<\/i><\/b><b><i><br \/><\/i><\/b><i><span style=\"font-weight: 400;\">17:00 Feln\u0151tt (amat\u0151r \u00e9s profi) versenysz\u00e1mok<\/span><\/i><i><span style=\"font-weight: 400;\"><br \/><\/span><\/i><i><span style=\"font-weight: 400;\">19:00 Feln\u0151tt <\/span><\/i><b><i>eredm\u00e9nyhirdet\u00e9s<\/i><\/b><i><span style=\"font-weight: 400;\"> (valamennyi versenysz\u00e1mban)<br \/><\/span><\/i><\/p><p style=\"text-align: center;\"><i><span style=\"font-weight: 400;\">A programv\u00e1ltoztat\u00e1s jog\u00e1t fenntartjuk.<\/span><\/i><i><span style=\"font-weight: 400;\"><br \/><\/span><\/i><i><span style=\"font-weight: 400;\">*SZAT &#8211; Szabad Alkot\u00f3 T\u00e9r<\/span><\/i><i><span style=\"font-weight: 400;\"><br \/><\/span><\/i><i><span style=\"font-weight: 400;\">*GEA &#8211; Glamour and Exotic Art<br \/>Minden versenyz\u0151nek a f\u0151pr\u00f3ba el\u0151tt regisztr\u00e1lnia sz\u00fcks\u00e9ges.<\/span><\/i><\/p>\t\t\t\t\t\t\t\t<\/div>\n\t\t\t\t<\/div>\n\t\t\t\t\t<\/div>\n\t\t\t\t<\/div>\n\t\t\t\t<\/div>\n\t\t","protected":false},"excerpt":{"rendered":"<p>pole &amp; aerial art PAAH 2021 Pole and Aerial Art Hungary\u00a0 Verseny \u00e9s Szabad Alkot\u00f3 T\u00e9r &#8211; R\u00fad \u00e9s L\u00e9gm\u0171v\u00e9szet 2021. december 04-05. T\u00e1ncosok Klubja PROGRAMTERVEZET DEC. 4. szombat &#8211; R\u00daDM\u0170V\u00c9SZET D\u00e9lel\u0151tti program 9:00-\u00f3r\u00e1t\u00f3l Regisztr\u00e1ci\u00f3 10:00 Junior I. \u00e9s Junior [&hellip;]<\/p>\n","protected":false},"author":1,"featured_media":0,"parent":0,"menu_order":14,"comment_status":"closed","ping_status":"closed","template":"full-width.php","meta":{"footnotes":""},"class_list":["post-11530","page","type-page","status-publish","hentry"],"yoast_head":"<!-- This site is optimized with the Yoast SEO plugin v26.6 - https:\/\/yoast.com\/wordpress\/plugins\/seo\/ -->\n<title>PAAH 2021 - Pole &amp; Aerial Art<\/title>\n<meta name=\"robots\" content=\"index, follow, max-snippet:-1, max-image-preview:large, max-video-preview:-1\" \/>\n<link rel=\"canonical\" href=\"https:\/\/poleandaerialart.com\/en\/paah-2021\/\" \/>\n<meta property=\"og:locale\" content=\"en_US\" \/>\n<meta property=\"og:type\" content=\"article\" \/>\n<meta property=\"og:title\" content=\"PAAH 2021 - Pole &amp; Aerial Art\" \/>\n<meta property=\"og:description\" content=\"pole &amp; aerial art PAAH 2021 Pole and Aerial Art Hungary\u00a0 Verseny \u00e9s Szabad Alkot\u00f3 T\u00e9r &#8211; R\u00fad \u00e9s L\u00e9gm\u0171v\u00e9szet 2021. december 04-05. T\u00e1ncosok Klubja PROGRAMTERVEZET DEC. 4. szombat &#8211; R\u00daDM\u0170V\u00c9SZET D\u00e9lel\u0151tti program 9:00-\u00f3r\u00e1t\u00f3l Regisztr\u00e1ci\u00f3 10:00 Junior I. \u00e9s Junior [&hellip;]\" \/>\n<meta property=\"og:url\" content=\"https:\/\/poleandaerialart.com\/en\/paah-2021\/\" \/>\n<meta property=\"og:site_name\" content=\"Pole &amp; Aerial Art\" \/>\n<meta property=\"article:modified_time\" content=\"2024-05-06T19:50:52+00:00\" \/>\n<meta property=\"og:image\" content=\"https:\/\/poleandaerialart.com\/wp-content\/uploads\/2021\/11\/Cofi2.jpg\" \/>\n\t<meta property=\"og:image:width\" content=\"640\" \/>\n\t<meta property=\"og:image:height\" content=\"640\" \/>\n\t<meta property=\"og:image:type\" content=\"image\/jpeg\" \/>\n<meta name=\"twitter:card\" content=\"summary_large_image\" \/>\n<meta name=\"twitter:label1\" content=\"Est. reading time\" \/>\n\t<meta name=\"twitter:data1\" content=\"2 minutes\" \/>\n<script type=\"application\/ld+json\" class=\"yoast-schema-graph\">{\"@context\":\"https:\/\/schema.org\",\"@graph\":[{\"@type\":\"WebPage\",\"@id\":\"https:\/\/poleandaerialart.com\/en\/paah-2021\/\",\"url\":\"https:\/\/poleandaerialart.com\/en\/paah-2021\/\",\"name\":\"PAAH 2021 - Pole &amp; Aerial Art\",\"isPartOf\":{\"@id\":\" https:\/\/poleandaerialart.com\/#website\"},\"datePublished\":\"2018-12-28T11:02:38+00:00\",\"dateModified\":\"2024-05-06T19:50:52+00:00\",\"breadcrumb\":{\"@id\":\"https:\/\/poleandaerialart.com\/en\/paah-2021\/#breadcrumb\"},\"inLanguage\":\"en-US\",\"potentialAction\":[{\"@type\":\"ReadAction\",\"target\":[\"https:\/\/poleandaerialart.com\/en\/paah-2021\/\"]}]},{\"@type\":\"BreadcrumbList\",\"@id\":\"https:\/\/poleandaerialart.com\/en\/paah-2021\/#breadcrumb\",\"itemListElement\":[{\"@type\":\"ListItem\",\"position\":1,\"name\":\"Home\",\"item\":\"https:\/\/poleandaerialart.com\/\"},{\"@type\":\"ListItem\",\"position\":2,\"name\":\"PAAH 2021\"}]},{\"@type\":\"WebSite\",\"@id\":\" https:\/\/poleandaerialart.com\/#website\",\"url\":\" https:\/\/poleandaerialart.com\/\",\"name\":\"Pole &amp; Aerial Art\",\"description\":\"\",\"potentialAction\":[{\"@type\":\"SearchAction\",\"target\":{\"@type\":\"EntryPoint\",\"urlTemplate\":\" https:\/\/poleandaerialart.com\/?s={search_term_string}\"},\"query-input\":{\"@type\":\"PropertyValueSpecification\",\"valueRequired\":true,\"valueName\":\"search_term_string\"}}],\"inLanguage\":\"en-US\"}]}<\/script>\n<!-- \/ Yoast SEO plugin. -->","yoast_head_json":{"title":"PAAH 2021 - Pole &amp; Aerial Art","robots":{"index":"index","follow":"follow","max-snippet":"max-snippet:-1","max-image-preview":"max-image-preview:large","max-video-preview":"max-video-preview:-1"},"canonical":"https:\/\/poleandaerialart.com\/en\/paah-2021\/","og_locale":"en_US","og_type":"article","og_title":"PAAH 2021 - Pole &amp; Aerial Art","og_description":"pole &amp; aerial art PAAH 2021 Pole and Aerial Art Hungary\u00a0 Verseny \u00e9s Szabad Alkot\u00f3 T\u00e9r &#8211; R\u00fad \u00e9s L\u00e9gm\u0171v\u00e9szet 2021. december 04-05. T\u00e1ncosok Klubja PROGRAMTERVEZET DEC. 4. szombat &#8211; R\u00daDM\u0170V\u00c9SZET D\u00e9lel\u0151tti program 9:00-\u00f3r\u00e1t\u00f3l Regisztr\u00e1ci\u00f3 10:00 Junior I. \u00e9s Junior [&hellip;]","og_url":"https:\/\/poleandaerialart.com\/en\/paah-2021\/","og_site_name":"Pole &amp; Aerial Art","article_modified_time":"2024-05-06T19:50:52+00:00","og_image":[{"width":640,"height":640,"url":"https:\/\/poleandaerialart.com\/wp-content\/uploads\/2021\/11\/Cofi2.jpg","type":"image\/jpeg"}],"twitter_card":"summary_large_image","twitter_misc":{"Est. reading time":"2 minutes"},"schema":{"@context":"https:\/\/schema.org","@graph":[{"@type":"WebPage","@id":"https:\/\/poleandaerialart.com\/en\/paah-2021\/","url":"https:\/\/poleandaerialart.com\/en\/paah-2021\/","name":"PAAH 2021 - Pole &amp; Aerial Art","isPartOf":{"@id":" https:\/\/poleandaerialart.com\/#website"},"datePublished":"2018-12-28T11:02:38+00:00","dateModified":"2024-05-06T19:50:52+00:00","breadcrumb":{"@id":"https:\/\/poleandaerialart.com\/en\/paah-2021\/#breadcrumb"},"inLanguage":"en-US","potentialAction":[{"@type":"ReadAction","target":["https:\/\/poleandaerialart.com\/en\/paah-2021\/"]}]},{"@type":"BreadcrumbList","@id":"https:\/\/poleandaerialart.com\/en\/paah-2021\/#breadcrumb","itemListElement":[{"@type":"ListItem","position":1,"name":"Home","item":"https:\/\/poleandaerialart.com\/"},{"@type":"ListItem","position":2,"name":"PAAH 2021"}]},{"@type":"WebSite","@id":" https:\/\/poleandaerialart.com\/#website","url":" https:\/\/poleandaerialart.com\/","name":"Pole &amp; Aerial Art","description":"","potentialAction":[{"@type":"SearchAction","target":{"@type":"EntryPoint","urlTemplate":" https:\/\/poleandaerialart.com\/?s={search_term_string}"},"query-input":{"@type":"PropertyValueSpecification","valueRequired":true,"valueName":"search_term_string"}}],"inLanguage":"en-US"}]}},"_links":{"self":[{"href":"https:\/\/poleandaerialart.com\/en\/wp-json\/wp\/v2\/pages\/11530","targetHints":{"allow":["GET"]}}],"collection":[{"href":"https:\/\/poleandaerialart.com\/en\/wp-json\/wp\/v2\/pages"}],"about":[{"href":"https:\/\/poleandaerialart.com\/en\/wp-json\/wp\/v2\/types\/page"}],"author":[{"embeddable":true,"href":"https:\/\/poleandaerialart.com\/en\/wp-json\/wp\/v2\/users\/1"}],"replies":[{"embeddable":true,"href":"https:\/\/poleandaerialart.com\/en\/wp-json\/wp\/v2\/comments?post=11530"}],"version-history":[{"count":1,"href":"https:\/\/poleandaerialart.com\/en\/wp-json\/wp\/v2\/pages\/11530\/revisions"}],"predecessor-version":[{"id":11531,"href":"https:\/\/poleandaerialart.com\/en\/wp-json\/wp\/v2\/pages\/11530\/revisions\/11531"}],"wp:attachment":[{"href":"https:\/\/poleandaerialart.com\/en\/wp-json\/wp\/v2\/media?parent=11530"}],"curies":[{"name":"wp","href":"https:\/\/api.w.org\/{rel}","templated":true}]}}