{"id":11497,"date":"2024-05-05T23:19:23","date_gmt":"2024-05-05T21:19:23","guid":{"rendered":"https:\/\/poleandaerialart.com\/eredmenyek-2023\/"},"modified":"2024-05-06T13:02:26","modified_gmt":"2024-05-06T11:02:26","slug":"results-2023","status":"publish","type":"page","link":"https:\/\/poleandaerialart.com\/en\/results-2023\/","title":{"rendered":"Results 2023"},"content":{"rendered":"\t\t<div data-elementor-type=\"wp-page\" data-elementor-id=\"11497\" class=\"elementor elementor-11497 elementor-10975\" data-elementor-post-type=\"page\">\n\t\t\t\t<div class=\"elementor-element elementor-element-9c02840 e-flex e-con-boxed e-con e-parent\" data-id=\"9c02840\" data-element_type=\"container\">\n\t\t\t\t\t<div class=\"e-con-inner\">\n\t\t\t\t<div class=\"elementor-element elementor-element-0b7d7c7 elementor-widget elementor-widget-heading\" data-id=\"0b7d7c7\" data-element_type=\"widget\" data-widget_type=\"heading.default\">\n\t\t\t\t<div class=\"elementor-widget-container\">\n\t\t\t\t\t<span class=\"elementor-heading-title elementor-size-default\">pole &amp; aerial art<\/span>\t\t\t\t<\/div>\n\t\t\t\t<\/div>\n\t\t\t\t<div class=\"elementor-element elementor-element-7654518 elementor-widget elementor-widget-heading\" data-id=\"7654518\" data-element_type=\"widget\" data-widget_type=\"heading.default\">\n\t\t\t\t<div class=\"elementor-widget-container\">\n\t\t\t\t\t<h2 class=\"elementor-heading-title elementor-size-default\">Results 2023<\/h2>\t\t\t\t<\/div>\n\t\t\t\t<\/div>\n\t\t\t\t<div class=\"elementor-element elementor-element-2fe58f9 elementor-widget-divider--view-line elementor-widget elementor-widget-divider\" data-id=\"2fe58f9\" data-element_type=\"widget\" data-widget_type=\"divider.default\">\n\t\t\t\t<div class=\"elementor-widget-container\">\n\t\t\t\t\t\t\t<div class=\"elementor-divider\">\n\t\t\t<span class=\"elementor-divider-separator\">\n\t\t\t\t\t\t<\/span>\n\t\t<\/div>\n\t\t\t\t\t\t<\/div>\n\t\t\t\t<\/div>\n\t\t\t\t\t<\/div>\n\t\t\t\t<\/div>\n\t\t<div class=\"elementor-element elementor-element-b3bc091 e-flex e-con-boxed e-con e-parent\" data-id=\"b3bc091\" data-element_type=\"container\">\n\t\t\t\t\t<div class=\"e-con-inner\">\n\t\t<div class=\"elementor-element elementor-element-0088ac3 e-con-full e-flex e-con e-child\" data-id=\"0088ac3\" data-element_type=\"container\">\n\t\t\t\t<div class=\"elementor-element elementor-element-4bbc0f4 elementor-widget elementor-widget-text-editor\" data-id=\"4bbc0f4\" data-element_type=\"widget\" data-widget_type=\"text-editor.default\">\n\t\t\t\t<div class=\"elementor-widget-container\">\n\t\t\t\t\t\t\t\t\t<h3>AerialArt<\/h3><p>10.11.2023<\/p><p><strong>AMATEUR Hammock Individual Junior I<br \/>1<\/strong>. M\u00fcller Luca B\u00edborka<br \/><strong>2<\/strong>. Bilics L\u00e9na<br \/><strong>3.<\/strong> Kiss Panka<\/p><p><strong>AMATEUR Silk Individual Junior I<br \/>1. <\/strong>Kostenko Anastasiia<br \/><strong>2.<\/strong> K\u00e9z\u00e9r Anna<br \/><strong>3.<\/strong> Kuksach Darina<strong><br \/><\/strong><\/p><p><strong>AMATEUR Hoop Individual Junior I<br \/>1. <\/strong>Lidia Krupa<br \/><strong>2.<\/strong> Nela Ploskonka<br \/><strong>3.<\/strong> Nina Polak<strong><br \/><\/strong><\/p><p><strong>AMATEUR Hoop Duo Junior I<br \/>1.<\/strong> Lidia Krupa &amp; Milena Rychter<br \/><strong>2. <\/strong>Zsig\u00f3 Mira \u00c9va &amp; S.Nagy Elizabet Magdolna<br \/><strong>3.<\/strong> Moln\u00e1r Hanna &amp; Sipos Zsuzsanna<\/p><p><strong>PRO Hammock Individual Junior I<\/strong><br \/><strong>1.<\/strong> Julie Micallef<br \/><strong>2.<\/strong> Feh\u00e9r Al\u00edz<br \/><strong>3.<\/strong> Maya Stacy Attard<\/p><p><strong>PRO Silk Individual Junior I<br \/>1. <\/strong>Prihodko Kira<strong><br \/>2. <\/strong>Shkolnaja Veronica<strong><br \/>3. <\/strong>Feh\u00e9r Al\u00edz<strong><br \/><\/strong><\/p><p><strong>PRO Hoop Indvidual Junior I<br \/>1. <\/strong>Mar\u00f3di Bori<strong><br \/>2. <\/strong>Mia Sznapka<strong><br \/>3. <\/strong>Laura Sznapka<strong><br \/><\/strong><\/p><p><strong>AMATEUR Silk Individual Junior II<\/strong><br \/><strong>1<\/strong>. Kert\u00e9sz R\u00e9ka<br \/><strong>2.<\/strong> Kert\u00e9sz D\u00f3ra<br \/><strong>3.<\/strong> S\u00e9ra Fl\u00e1via<\/p><p><strong>AMATEUR Hoop Individual Junior II<br \/>1. <\/strong>Oliwia Chachurska<strong><br \/>2. <\/strong>Nikola Paduch<strong><br \/>3. <\/strong>Fazakas Csenge Orsolya<strong><br \/><\/strong><\/p><p><strong>AMATEUR \/ PRO Hammock Individual Junior II<br \/>1. <\/strong>Neszm\u00e9lyi Luca<strong><br \/>2. <\/strong>Szenczy Laura Alexandra<strong><br \/>3. <\/strong>Polg\u00e1r Bernadett<strong><br \/><\/strong><\/p><p><strong>PRO Silk Individual Junior II<br \/><\/strong><strong>1. <\/strong>Remenyik Lilien<strong><br \/>2. <\/strong>Yurkova Anastasiia<\/p><p><strong>PRO Hoop Individual Junior II<br \/><\/strong><strong>1. <\/strong>M\u00e1ty\u00e1s Dorka<strong><br \/>2. <\/strong>Orovecz Gr\u00e9ta<strong><br \/>3. <\/strong>M\u00e1ty\u00e1s Panna<\/p><p><strong>PRO Hoop Duo Junior II<br \/>1. <\/strong>Varga Henrietta<strong><br \/>2. <\/strong>Neszm\u00e9lyi Luca<strong><br \/>3. <\/strong>Fazakas Nat\u00e1lia<\/p><p><strong>AMATEUR \/ PRO Freestyle Individual Junior I<br \/>1. <\/strong>M\u00e1rton Hanga Lea<strong><br \/>2. <\/strong>T\u00f3th Lili<strong><br \/>3. <\/strong>Szolnoki Johanna<strong><br \/><\/strong><\/p><p><strong>AMATEUR \/ PRO Freestyle Individual Junior II<br \/>1. <\/strong>Neszm\u00e9lyi Luca<strong><br \/>2. <\/strong>T\u00f3th Oszk\u00e1r \/para\/<strong><br \/>3. <\/strong>Berki Bogl\u00e1rka<strong><br \/><\/strong><\/p><p><strong>AMATEUR \/ PRO Silk \/ Hammock Individual Adult<br \/>1. <\/strong>Dancz Bogl\u00e1rka<strong><br \/>2. <\/strong>G\u00e1l R\u00e9ka<strong><br \/>3. <\/strong>Vincze Vikt\u00f3ria<strong><br \/><\/strong><\/p><p><strong>PRO Hoop Individual Adult<br \/>1. <\/strong>Vit\u00f3ris Vivien<strong><br \/>2. <\/strong>Visontai Szilvia<strong><br \/>3. <\/strong>Nagy Zs\u00f3fia Janka<strong><br \/><\/strong><\/p><p><strong>AMATEUR \/ PRO Hoop Team Adult \/ Senior<br \/>1. <\/strong>Gera T\u00edmea &amp; Kub\u00e1t R\u00e9ka<strong><br \/>2. <\/strong>S.Nagy Elizabeta &amp; Csik\u00f3s J\u00falia &amp; Feh\u00e9r Vikt\u00f3ria<strong><br \/>3. <\/strong>M\u00e1th\u00e9 Kitty Zs\u00f3fia &amp; Kocs Bernadett<strong><br \/><\/strong><\/p><p><strong>PRO Hoop Individual Adult<\/strong><br \/><strong>1.<\/strong> Varga Henrietta Julianna<br \/><strong>2.<\/strong> Rauschenberger Nikolett<br \/><strong>3.<\/strong> Sz\u0171cs Eszter<\/p><p><strong>Free Creative Space<br \/><\/strong>Freestyle Loops Adult \u2013 <strong>Jancsecz Dorottya<\/strong><br \/>Freestyle Loops \u2013 <strong>Adams Petra &amp; Adams Nanda<\/strong><br \/>Freestyle Trapeze Adult \u2013 <strong>Fazakas Nat\u00e1lia<\/strong><br \/>Hoop Adult \u2013 <strong>Moln\u00e1rn\u00e9 Pint\u00e9r Trude<\/strong><br \/>Hoop Adult \u2013 <strong>D\u00e9v\u00e9nyi M\u00e1rta<\/strong><\/p>\t\t\t\t\t\t\t\t<\/div>\n\t\t\t\t<\/div>\n\t\t\t\t<\/div>\n\t\t<div class=\"elementor-element elementor-element-304ffe7 e-con-full e-flex e-con e-child\" data-id=\"304ffe7\" data-element_type=\"container\">\n\t\t\t\t<div class=\"elementor-element elementor-element-652b01d elementor-widget elementor-widget-text-editor\" data-id=\"652b01d\" data-element_type=\"widget\" data-widget_type=\"text-editor.default\">\n\t\t\t\t<div class=\"elementor-widget-container\">\n\t\t\t\t\t\t\t\t\t<h3>PoleArt<\/h3><p>11.11.2023<\/p><p><strong>AMATEUR Individual Junior I<br \/>1. <\/strong>Taschner Korina Em\u00edlia<strong><br \/>2. <\/strong>Konta S\u00e1ra<strong><br \/>3. <\/strong>Botka J\u00e1zmin Maja<strong><br \/><\/strong><\/p><p><strong>AMATEUR Individual Junior II<br \/><\/strong><strong>1. <\/strong>Tak\u00e1cs Petra<strong><br \/>2. <\/strong>Horova Ksenia<strong><br \/>3. <\/strong>Kov\u00e1cs Anita<\/p><p><b><strong>PRO<\/strong> Individual Junior I<br \/>1. <\/b>Pinchuk Daria<b><br \/>2. <\/b>Kovalenko Alina<b><br \/>3. <\/b>Jakab Let\u00edcia<b><br \/><\/b><\/p><p><strong>PRO Individual Junior II<br \/>1. <\/strong>Giret Minka<strong><br \/>2. <\/strong>Karsai Fanni Kata<strong><br \/>3. <\/strong>Meronka Mira<strong><br \/><\/strong><\/p><p><strong>AMATEUR \/ PRO Duo Junior II<br \/>1. <\/strong>Aleksandra Glos &amp; Marcelina Bilka<strong><br \/>2. <\/strong>Konta S\u00e1ra &amp; Barab\u00e1s Lili\u00e1na<strong><br \/>3. <\/strong>Heged\u0171s Gerda &amp; Orosz Noa Fl\u00f3ra<strong><br \/><\/strong><\/p><p><strong>AMATEUR Individual Adult<br \/>1. <\/strong>De\u00e1k Lili<strong><br \/>2. <\/strong>Erd\u00e9lyi Roz\u00e1lia<strong><br \/>3. <\/strong>Pozs\u00e1r No\u00e9mi<strong><br \/><\/strong><\/p><p><strong>AMATEUR Individual S<\/strong><strong>enior<br \/>1. <\/strong>Sug\u00e1r Andrea<strong><br \/>2. <\/strong>Ir\u00e1nyi Orsolya<strong><br \/>3. <\/strong>T\u00f6rzs\u00f6k M\u00f3nika<\/p><p><strong>AMATEUR \/ PRO Senior Duo<br \/>1. <\/strong>Hajm\u00e1ssy-T\u00f6r\u00f6k Zsuzsanna &amp; Gere \u00c1gnes<strong><br \/>2. <\/strong>Adams Petra &amp; Adams Nanda<strong><br \/><\/strong><\/p><p><strong>PRO Individual Adult<br \/>1. <\/strong>Marosv\u00f6lgyi No\u00e9mi<strong><br \/>2. <\/strong>Sz\u00e9kely Zs\u00f3fia \u00cdrisz<br \/><strong>3.<\/strong> T\u00f6reky Vanda Csenge<\/p><p><strong>PRO Aerial Pole Individual Adult<\/strong><br \/><strong>1.<\/strong> Rauschenberger Nikolett<br \/><strong>2.<\/strong> Marosv\u00f6lgyi No\u00e9mi<\/p><p><strong>AMATEUR Glamour and Exotic Art<br \/>1. <\/strong>Leiblinger-Kozma Szilvia<strong><br \/>2. <\/strong>Safieh Szandra<strong><br \/>3. <\/strong>Simo Orb\u00e1n Zs\u00f3fia<\/p><p><strong>PRO Glamour and Exotic Art<br \/>1. <\/strong>Demchenko Victoria<strong><br \/>2. <\/strong>Taraszova Katya<strong><br \/>3. <\/strong>Marosv\u00f6lgyi No\u00e9mi<\/p><p><strong>Free Creative Space<br \/><\/strong>Junior I \u2013<strong> Guti Ren\u00e1ta<br \/><\/strong>Junior II Duo \u2013 <strong>Csall\u00f3k\u00f6zi Izabella Vincencia &amp; Barab\u00e1s Lili\u00e1na<br \/><\/strong>Adult duo \u2013 <strong>Pint\u00e9r Vivien Zsanett &amp; T\u00f3th Katalin<br \/><\/strong>Senior \u2013 <strong>Dr. K\u00e1d\u00e1r Veronika<br \/><\/strong>Adult \u2013<strong> Frank Edina<br \/><\/strong>Adult \u2013 <strong>Kardos-K\u0151v\u00e1g\u00f3 Henrietta<br \/><\/strong>Junior II Team \u2013 Csall\u00f3k\u00f6zi Izabella, Konta S\u00e1ra, Tak\u00e1cs Petra, Barab\u00e1s Lili\u00e1na, Fazekas R\u00e9ka<strong><br \/><\/strong><\/p><p><strong><em>Technical Skills Award<\/em><br \/><\/strong><b>Lidia Krupa<\/b> <i>Amateur <\/i><i>Hoop Junior I.<\/i><br \/><em><strong>Performing Arts Award<\/strong><\/em><br \/><b>M\u00e1ty\u00e1s Dorka &amp; M\u00e1ty\u00e1s Panna<\/b> <i>PRO Hoop Junior II. Duo<\/i><br \/><em><strong>Absolute Winner Award<\/strong><\/em><br \/><b>M\u00e1ty\u00e1s Dorka &amp; M\u00e1ty\u00e1s Panna<\/b> <i>PRO Hoop Junior II. Duo<\/i><\/p>\t\t\t\t\t\t\t\t<\/div>\n\t\t\t\t<\/div>\n\t\t\t\t<\/div>\n\t\t\t\t\t<\/div>\n\t\t\t\t<\/div>\n\t\t\t\t<\/div>\n\t\t","protected":false},"excerpt":{"rendered":"<p>pole &#038; aerial art Results 2023 AerialArt 10.11.2023 AMATEUR Hammock Individual Junior I1. M\u00fcller Luca B\u00edborka2. Bilics L\u00e9na3. Kiss Panka AMATEUR Silk Individual Junior I1. Kostenko Anastasiia2. K\u00e9z\u00e9r Anna3. Kuksach Darina AMATEUR Hoop Individual Junior I1. Lidia Krupa2. Nela Ploskonka3. [&hellip;]<\/p>\n","protected":false},"author":1,"featured_media":0,"parent":0,"menu_order":14,"comment_status":"closed","ping_status":"closed","template":"full-width.php","meta":{"footnotes":""},"class_list":["post-11497","page","type-page","status-publish","hentry"],"yoast_head":"<!-- This site is optimized with the Yoast SEO plugin v26.6 - https:\/\/yoast.com\/wordpress\/plugins\/seo\/ -->\n<title>Results 2023 - Pole &amp; Aerial Art<\/title>\n<meta name=\"robots\" content=\"index, follow, max-snippet:-1, max-image-preview:large, max-video-preview:-1\" \/>\n<link rel=\"canonical\" href=\"https:\/\/poleandaerialart.com\/en\/results-2023\/\" \/>\n<meta property=\"og:locale\" content=\"en_US\" \/>\n<meta property=\"og:type\" content=\"article\" \/>\n<meta property=\"og:title\" content=\"Results 2023 - Pole &amp; Aerial Art\" \/>\n<meta property=\"og:description\" content=\"pole &#038; aerial art Results 2023 AerialArt 10.11.2023 AMATEUR Hammock Individual Junior I1. M\u00fcller Luca B\u00edborka2. Bilics L\u00e9na3. Kiss Panka AMATEUR Silk Individual Junior I1. Kostenko Anastasiia2. K\u00e9z\u00e9r Anna3. Kuksach Darina AMATEUR Hoop Individual Junior I1. Lidia Krupa2. Nela Ploskonka3. [&hellip;]\" \/>\n<meta property=\"og:url\" content=\"https:\/\/poleandaerialart.com\/en\/results-2023\/\" \/>\n<meta property=\"og:site_name\" content=\"Pole &amp; Aerial Art\" \/>\n<meta property=\"article:modified_time\" content=\"2024-05-06T11:02:26+00:00\" \/>\n<meta property=\"og:image\" content=\"https:\/\/poleandaerialart.com\/wp-content\/uploads\/2021\/11\/Cofi2.jpg\" \/>\n\t<meta property=\"og:image:width\" content=\"640\" \/>\n\t<meta property=\"og:image:height\" content=\"640\" \/>\n\t<meta property=\"og:image:type\" content=\"image\/jpeg\" \/>\n<meta name=\"twitter:card\" content=\"summary_large_image\" \/>\n<meta name=\"twitter:label1\" content=\"Est. reading time\" \/>\n\t<meta name=\"twitter:data1\" content=\"2 minutes\" \/>\n<script type=\"application\/ld+json\" class=\"yoast-schema-graph\">{\"@context\":\"https:\/\/schema.org\",\"@graph\":[{\"@type\":\"WebPage\",\"@id\":\"https:\/\/poleandaerialart.com\/en\/results-2023\/\",\"url\":\"https:\/\/poleandaerialart.com\/en\/results-2023\/\",\"name\":\"Results 2023 - Pole &amp; Aerial Art\",\"isPartOf\":{\"@id\":\" https:\/\/poleandaerialart.com\/#website\"},\"datePublished\":\"2024-05-05T21:19:23+00:00\",\"dateModified\":\"2024-05-06T11:02:26+00:00\",\"breadcrumb\":{\"@id\":\"https:\/\/poleandaerialart.com\/en\/results-2023\/#breadcrumb\"},\"inLanguage\":\"en-US\",\"potentialAction\":[{\"@type\":\"ReadAction\",\"target\":[\"https:\/\/poleandaerialart.com\/en\/results-2023\/\"]}]},{\"@type\":\"BreadcrumbList\",\"@id\":\"https:\/\/poleandaerialart.com\/en\/results-2023\/#breadcrumb\",\"itemListElement\":[{\"@type\":\"ListItem\",\"position\":1,\"name\":\"Home\",\"item\":\"https:\/\/poleandaerialart.com\/\"},{\"@type\":\"ListItem\",\"position\":2,\"name\":\"Results 2023\"}]},{\"@type\":\"WebSite\",\"@id\":\" https:\/\/poleandaerialart.com\/#website\",\"url\":\" https:\/\/poleandaerialart.com\/\",\"name\":\"Pole &amp; Aerial Art\",\"description\":\"\",\"potentialAction\":[{\"@type\":\"SearchAction\",\"target\":{\"@type\":\"EntryPoint\",\"urlTemplate\":\" https:\/\/poleandaerialart.com\/?s={search_term_string}\"},\"query-input\":{\"@type\":\"PropertyValueSpecification\",\"valueRequired\":true,\"valueName\":\"search_term_string\"}}],\"inLanguage\":\"en-US\"}]}<\/script>\n<!-- \/ Yoast SEO plugin. -->","yoast_head_json":{"title":"Results 2023 - Pole &amp; Aerial Art","robots":{"index":"index","follow":"follow","max-snippet":"max-snippet:-1","max-image-preview":"max-image-preview:large","max-video-preview":"max-video-preview:-1"},"canonical":"https:\/\/poleandaerialart.com\/en\/results-2023\/","og_locale":"en_US","og_type":"article","og_title":"Results 2023 - Pole &amp; Aerial Art","og_description":"pole &#038; aerial art Results 2023 AerialArt 10.11.2023 AMATEUR Hammock Individual Junior I1. M\u00fcller Luca B\u00edborka2. Bilics L\u00e9na3. Kiss Panka AMATEUR Silk Individual Junior I1. Kostenko Anastasiia2. K\u00e9z\u00e9r Anna3. Kuksach Darina AMATEUR Hoop Individual Junior I1. Lidia Krupa2. Nela Ploskonka3. [&hellip;]","og_url":"https:\/\/poleandaerialart.com\/en\/results-2023\/","og_site_name":"Pole &amp; Aerial Art","article_modified_time":"2024-05-06T11:02:26+00:00","og_image":[{"width":640,"height":640,"url":"https:\/\/poleandaerialart.com\/wp-content\/uploads\/2021\/11\/Cofi2.jpg","type":"image\/jpeg"}],"twitter_card":"summary_large_image","twitter_misc":{"Est. reading time":"2 minutes"},"schema":{"@context":"https:\/\/schema.org","@graph":[{"@type":"WebPage","@id":"https:\/\/poleandaerialart.com\/en\/results-2023\/","url":"https:\/\/poleandaerialart.com\/en\/results-2023\/","name":"Results 2023 - Pole &amp; Aerial Art","isPartOf":{"@id":" https:\/\/poleandaerialart.com\/#website"},"datePublished":"2024-05-05T21:19:23+00:00","dateModified":"2024-05-06T11:02:26+00:00","breadcrumb":{"@id":"https:\/\/poleandaerialart.com\/en\/results-2023\/#breadcrumb"},"inLanguage":"en-US","potentialAction":[{"@type":"ReadAction","target":["https:\/\/poleandaerialart.com\/en\/results-2023\/"]}]},{"@type":"BreadcrumbList","@id":"https:\/\/poleandaerialart.com\/en\/results-2023\/#breadcrumb","itemListElement":[{"@type":"ListItem","position":1,"name":"Home","item":"https:\/\/poleandaerialart.com\/"},{"@type":"ListItem","position":2,"name":"Results 2023"}]},{"@type":"WebSite","@id":" https:\/\/poleandaerialart.com\/#website","url":" https:\/\/poleandaerialart.com\/","name":"Pole &amp; Aerial Art","description":"","potentialAction":[{"@type":"SearchAction","target":{"@type":"EntryPoint","urlTemplate":" https:\/\/poleandaerialart.com\/?s={search_term_string}"},"query-input":{"@type":"PropertyValueSpecification","valueRequired":true,"valueName":"search_term_string"}}],"inLanguage":"en-US"}]}},"_links":{"self":[{"href":"https:\/\/poleandaerialart.com\/en\/wp-json\/wp\/v2\/pages\/11497","targetHints":{"allow":["GET"]}}],"collection":[{"href":"https:\/\/poleandaerialart.com\/en\/wp-json\/wp\/v2\/pages"}],"about":[{"href":"https:\/\/poleandaerialart.com\/en\/wp-json\/wp\/v2\/types\/page"}],"author":[{"embeddable":true,"href":"https:\/\/poleandaerialart.com\/en\/wp-json\/wp\/v2\/users\/1"}],"replies":[{"embeddable":true,"href":"https:\/\/poleandaerialart.com\/en\/wp-json\/wp\/v2\/comments?post=11497"}],"version-history":[{"count":5,"href":"https:\/\/poleandaerialart.com\/en\/wp-json\/wp\/v2\/pages\/11497\/revisions"}],"predecessor-version":[{"id":11519,"href":"https:\/\/poleandaerialart.com\/en\/wp-json\/wp\/v2\/pages\/11497\/revisions\/11519"}],"wp:attachment":[{"href":"https:\/\/poleandaerialart.com\/en\/wp-json\/wp\/v2\/media?parent=11497"}],"curies":[{"name":"wp","href":"https:\/\/api.w.org\/{rel}","templated":true}]}}