{"id":11486,"date":"2024-05-05T23:14:54","date_gmt":"2024-05-05T21:14:54","guid":{"rendered":"https:\/\/poleandaerialart.com\/eredmenyek-2022\/"},"modified":"2024-05-06T13:01:22","modified_gmt":"2024-05-06T11:01:22","slug":"results-2022","status":"publish","type":"page","link":"https:\/\/poleandaerialart.com\/en\/results-2022\/","title":{"rendered":"Results 2022"},"content":{"rendered":"\t\t<div data-elementor-type=\"wp-page\" data-elementor-id=\"11486\" class=\"elementor elementor-11486 elementor-10977\" data-elementor-post-type=\"page\">\n\t\t\t\t<div class=\"elementor-element elementor-element-9c02840 e-flex e-con-boxed e-con e-parent\" data-id=\"9c02840\" data-element_type=\"container\">\n\t\t\t\t\t<div class=\"e-con-inner\">\n\t\t\t\t<div class=\"elementor-element elementor-element-0b7d7c7 elementor-widget elementor-widget-heading\" data-id=\"0b7d7c7\" data-element_type=\"widget\" data-widget_type=\"heading.default\">\n\t\t\t\t<div class=\"elementor-widget-container\">\n\t\t\t\t\t<span class=\"elementor-heading-title elementor-size-default\">pole &amp; aerial art<\/span>\t\t\t\t<\/div>\n\t\t\t\t<\/div>\n\t\t\t\t<div class=\"elementor-element elementor-element-7654518 elementor-widget elementor-widget-heading\" data-id=\"7654518\" data-element_type=\"widget\" data-widget_type=\"heading.default\">\n\t\t\t\t<div class=\"elementor-widget-container\">\n\t\t\t\t\t<h2 class=\"elementor-heading-title elementor-size-default\">Results 2022<\/h2>\t\t\t\t<\/div>\n\t\t\t\t<\/div>\n\t\t\t\t<div class=\"elementor-element elementor-element-2fe58f9 elementor-widget-divider--view-line elementor-widget elementor-widget-divider\" data-id=\"2fe58f9\" data-element_type=\"widget\" data-widget_type=\"divider.default\">\n\t\t\t\t<div class=\"elementor-widget-container\">\n\t\t\t\t\t\t\t<div class=\"elementor-divider\">\n\t\t\t<span class=\"elementor-divider-separator\">\n\t\t\t\t\t\t<\/span>\n\t\t<\/div>\n\t\t\t\t\t\t<\/div>\n\t\t\t\t<\/div>\n\t\t\t\t\t<\/div>\n\t\t\t\t<\/div>\n\t\t<div class=\"elementor-element elementor-element-b3bc091 e-flex e-con-boxed e-con e-parent\" data-id=\"b3bc091\" data-element_type=\"container\">\n\t\t\t\t\t<div class=\"e-con-inner\">\n\t\t<div class=\"elementor-element elementor-element-c48b116 e-con-full e-flex e-con e-child\" data-id=\"c48b116\" data-element_type=\"container\">\n\t\t\t\t<div class=\"elementor-element elementor-element-df43744 elementor-widget elementor-widget-text-editor\" data-id=\"df43744\" data-element_type=\"widget\" data-widget_type=\"text-editor.default\">\n\t\t\t\t<div class=\"elementor-widget-container\">\n\t\t\t\t\t\t\t\t\t<h3>AerialArt<\/h3><p>11.11.2022<\/p><p><strong>AMATEUR Hoop \u2013 individual Junior I<br \/>1.<\/strong>\u00a0Mia Sznapka<br \/><strong>2.<\/strong>\u00a0Magdalena Les<br \/><strong>3.<\/strong>\u00a0Ol\u00e1h Fruzsina<\/p><p><strong>AMATEUR Hoop \u2013 doubles Junior I<br \/>1.<\/strong>\u00a0Diana Smyrska &amp; Magdalena Les<br \/><strong>2.<\/strong>\u00a0Paulovics Liza Effi &amp; Kov\u00e1cs Anita<br \/><strong>3.<\/strong>\u00a0Neszm\u00e9lyi Luca &amp; Nagy H\u00e9di<\/p><p><strong>AMATEUR Hoop \u2013 doubles Junior I<br \/>1.\u00a0<\/strong>Garbacz Dorina<strong><br \/>2.\u00a0<\/strong>Varga Blask\u00f3 L\u00e9na<strong><br \/>3.\u00a0<\/strong>Nagy Zs\u00f3fia Janka<\/p><p><strong>PRO Hoop \u2013 individual Junior I<\/strong><br \/><strong>1.\u00a0<\/strong>Orovecz Gr\u00e9ta<br \/><strong>2.\u00a0<\/strong>M\u00e1rton Hanga Lea<br \/><strong>3.\u00a0<\/strong>Zajzon Petra<\/p><p><strong>PRO Hoop \u2013 individual Junior II<br \/>1.\u00a0<\/strong>Giret Minka<strong><br \/>2.\u00a0<\/strong>D\u00f6rnyei Hanga Dorka<strong><br \/>3.\u00a0<\/strong>Dancz Bogl\u00e1rka<\/p><p><strong>PRO Hoop \u2013 doubles \u2013 Junior<br \/>1.\u00a0<\/strong>Ih\u00e1sz Boj\u00e1na &amp; Orovecz Gr\u00e9ta<strong><br \/>2.\u00a0<\/strong>M\u00e1ty\u00e1s Dorka &amp; M\u00e1ty\u00e1s Panna<strong><br \/>3.\u00a0<\/strong>Szab\u00f3 S\u00e1ri &amp; Balogh Szonja<\/p><p><strong>AMATEUR Silk \u2013 individual Junior I<\/strong><br \/><strong>1.\u00a0<\/strong>Neszm\u00e9lyi Luca<br \/><strong>2.\u00a0<\/strong>Feh\u00e9r Al\u00edz<br \/><strong>3.\u00a0<\/strong>N\u00e1nay Laura<\/p><p><strong>AMATEUR Silk \u2013 individual Junior II<br \/>1.\u00a0<\/strong>Kert\u00e9sz D\u00f3ra<strong><br \/>2.\u00a0<\/strong>Rottenhoffer \u00c1gnes<\/p><p><strong>PRO Silk \u2013 individual Junior<br \/>1.\u00a0<\/strong>Bene R\u00e9ka Vikt\u00f3ria<strong><br \/><\/strong><strong>2.\u00a0<\/strong>Szuna Vanda<strong><br \/>3.\u00a0<\/strong>Remenyik Lilien<\/p><p><strong>AMATEUR Hammock \u2013 individual Junior<br \/>1.\u00a0<\/strong>Borb\u00e9ly Vill\u0151 Sz\u00f3fia<strong><br \/>2.\u00a0<\/strong>Mag\u00f3csi J\u00e1zmin<strong><br \/><\/strong><\/p><p><strong>PRO Hammock \u2013 individual Junior<br \/>1.<\/strong>\u00a0Zajzon Petra<strong><br \/>2.\u00a0<\/strong>V\u00e1raljai R\u00e9ka<br \/><strong>3.\u00a0<\/strong>Szenczy Laura Alexandra<strong><br \/><\/strong><\/p><p><strong>AMATEUR FreeStyle Junior<br \/>1.\u00a0<\/strong>Varga Henrietta<strong><br \/>2.\u00a0<\/strong>Neszm\u00e9lyi Luca<strong><br \/>3.\u00a0<\/strong>Fazakas Nat\u00e1lia<\/p><p><strong>AMATEUR Hoop \u2013 individual Adult<br \/>1.\u00a0<\/strong>Mogyors\u00f3 Rita<strong><br \/>2.\u00a0<\/strong>T\u00f3th Dorottya<strong><br \/>3.\u00a0<\/strong>Ronyecz Merc\u00e9desz<\/p><p><strong>Amateur \u2013 doubles Adult<br \/>1.\u00a0<\/strong>Kocs Bernadett &amp; M\u00e1th\u00e9 Kitty Zs\u00f3fia<br \/><strong>2.\u00a0<\/strong>Adams Petra &amp; Adams Nanda<\/p><p><strong>PRO Hoop \u2013 individual Adult<br \/>1.\u00a0<\/strong>K\u00fcrti Regina<strong><br \/>2.\u00a0<\/strong>Nzala Dorothy Fanni<strong><br \/>3.\u00a0<\/strong>Suha Cec\u00edlia<\/p><p><b>Free Creative Space<br \/><\/b><b>Inside Park \u2013 Junior I Team \u2013 Silk &amp; Hammock<br \/><\/b>Feh\u00e9r Al\u00edz, Kiss Panka Izabella, Lele Lili, Mu\u0308ller Luca B\u00edborka,<br \/>Stetina Tekla, Szeret\u0151 Anna Eliza<br \/><b>Sebesty\u00e9n Anik\u00f3 \u2013 <\/b>Hammock Adult<br \/><b>K\u00e1d\u00e1r Vikt\u00f3ria \u2013 <\/b>Silk Adult<br \/><b>Balla No\u00e9mi \u2013 <\/b>Silk Adult<\/p>\t\t\t\t\t\t\t\t<\/div>\n\t\t\t\t<\/div>\n\t\t\t\t<\/div>\n\t\t<div class=\"elementor-element elementor-element-e6bc9ba e-con-full e-flex e-con e-child\" data-id=\"e6bc9ba\" data-element_type=\"container\">\n\t\t\t\t<div class=\"elementor-element elementor-element-4bbc0f4 elementor-widget elementor-widget-text-editor\" data-id=\"4bbc0f4\" data-element_type=\"widget\" data-widget_type=\"text-editor.default\">\n\t\t\t\t<div class=\"elementor-widget-container\">\n\t\t\t\t\t\t\t\t\t<h3>PoleArt<\/h3><p>12.11.2022<\/p><p><strong>AMATEUR Pole Art \u2013 individual Junior I<br \/>1. <\/strong>Hajd\u00fa Petra<strong><br \/>2. <\/strong>Tak\u00e1cs Petra<strong><br \/>3. <\/strong>K\u00f6cski R\u00e9ka M\u00e1lna<\/p><p><strong>AMATEUR Pole Art \u2013 doubles Junior I<br \/>1. <\/strong>Marcelina Bilka &amp; Aleksandra Glos<strong><br \/>2. <\/strong>Rozm\u00e1n-Juh\u00e1sz Maja &amp; Gyebn\u00e1r Nikoletta<\/p><p><strong>AMATEUR Pole Art \u2013 individual Junior II<br \/>1. <\/strong>Kov\u00e1cs K\u00edra<strong><br \/>2. <\/strong>Neisz Dorina<strong><br \/><\/strong><\/p><p><strong>AMATEUR Pole Art \u2013 doubles Junior II<br \/>1. <\/strong>Fityus Zorka &amp; Cseke Merc\u00e9desz<strong><br \/>2. <\/strong>Konta S\u00e1ra &amp; Barab\u00e1s Lili\u00e1na<strong><br \/>3. <\/strong>Keresztes Laura &amp; Csall\u00f3k\u00f6zi Izabella<\/p><p><strong>PRO Pole Art \u2013 individual Junior II<br \/>1. <\/strong>Demchenko Viktoria Serveegna<strong><br \/>2. <\/strong>Giret Minka<strong><br \/>3. <\/strong>Maja Baranowska<\/p><p><strong>PRO Pole Art \u2013 doubles Junior<br \/>1. <\/strong>Sz\u00e1nt\u00f3 Kira Amira &amp; Gabona Nikol<strong><br \/>2. <\/strong>Tokaji Fruzsina &amp; Karasszon Luca<\/p><p><strong>AMATEUR Pole Art \u2013 individual Adult<br \/>1. <\/strong>Nov\u00e1k Stella<strong><br \/>2. <\/strong>Matejk\u00f3 Marcsy<strong><br \/>3. <\/strong>Horv\u00e1th M\u00f3nika<\/p><p><strong>AMATEUR Pole Art \u2013 doubles Adult<br \/>1. <\/strong>T\u00f3th No\u00e9mi &amp; B\u00e1lint Zsuzsanna<strong><br \/>2. <\/strong>Bal\u00e1zs Barbara &amp; Azarin\u00e9 Sitkei M\u00e1ria<\/p><p><strong>PRO Pole Art \u2013 individual Adult<br \/>1. <\/strong>Marosv\u00f6lgyi No\u00e9mi<strong><br \/>2. <\/strong>Kardos-K\u0151v\u00e1g\u00f3 Henrietta<br \/><strong>3. <\/strong>Sz\u00e9kely Zs\u00f3fia<\/p><p>PRO Pole Art \u2013 doubles Adult<br \/><strong>1. <\/strong>Anna Polak &amp; Gabriela Fraczek<br \/><strong>2<\/strong>. Adams Petra &amp; Adams Nanda<br \/><strong>3.<\/strong> B\u00edr\u00f3-Szigeti Szilvia &amp; Floch Vikt\u00f3ria<\/p><p><strong>AMATEUR Pole Art \u2013 individual Senior<br \/>1. <\/strong>Kov\u00e1cs Anita Nelli<strong><br \/>2. <\/strong>T\u00f6rzs\u00f6k M\u00f3nika<\/p><p><strong>PRO Pole Art \u2013 individual Senior<br \/>1. <\/strong>N\u00e9meth-Tavasz Brigitta<strong><br \/>2. <\/strong>Dr K\u00e1d\u00e1r Veronika<strong><br \/>3. <\/strong>Sajtin\u00e9 Nagy Julianna<\/p><p><strong>GEA AMATEUR Pole Art \u2013 individual Adult<br \/>1. <\/strong>Sz\u00e9kely Zs\u00f3fia<strong><br \/>2. <\/strong>Fekete-G\u00e1sp\u00e1r Krisztina<strong><br \/>3. <\/strong>Lendvayn\u00e9 Madar\u00e1sz Olga<\/p><p><strong>Free Creative Space<br \/>Ultra Viol\u00e1k \u2013 Team <\/strong>\u2013 Galmour and Exotic Art, Hoop, Adult<br \/>Csik\u00f3s J\u00falia, Feh\u00e9r Vikt\u00f3ria, S.Nagy Elizabeta<br \/><strong>Team PoleBernadett \u2013 Team Junior I.<\/strong><br \/>B\u00edr\u00f3 Dorottya, Hajd\u00fa Petra, Rozm\u00e1n-Juh\u00e1sz Maja, Gyebn\u00e1r Nikoletta,<br \/>M\u00e1k Luca, Bal\u00e1zs Dalma Helena, Horv\u00e1th Lili, B\u0151r J\u00e1zmin Lili<br \/><strong>Professional Pole Dance \u2013 Team<\/strong> \u2013 Senior<br \/>T\u00f3th No\u00e9mi, B\u00e1lint Zsuzsanna, Kov\u00e1cs Anita Nelli, Bede Lilla, T\u00f3th Katalin,<br \/><strong>Varga Brigitta<\/strong> \u2013 Adult<br \/><strong>\u00d3v\u00e1ri Eszter<\/strong> \u2013 Glamour and Exotic Art<br \/><strong>EkaterinaTarasova <\/strong>\u2013 Glamour and Exotic Art<br \/><strong>Berecz Adrienn <\/strong>\u2013 Glamour and Exotic Art<\/p><p><strong>Technical Skills Award<br \/><\/strong>Giret Minka<br \/><strong>Performing Arts Award<\/strong><br \/>Demchenko Viktoria Serveegna<br \/><strong>Absolute Winner Award<\/strong><br \/>Orovecz Gr\u00e9ta<\/p>\t\t\t\t\t\t\t\t<\/div>\n\t\t\t\t<\/div>\n\t\t\t\t<\/div>\n\t\t\t\t\t<\/div>\n\t\t\t\t<\/div>\n\t\t\t\t<\/div>\n\t\t","protected":false},"excerpt":{"rendered":"<p>pole &#038; aerial art Results 2022 AerialArt 11.11.2022 AMATEUR Hoop \u2013 individual Junior I1.\u00a0Mia Sznapka2.\u00a0Magdalena Les3.\u00a0Ol\u00e1h Fruzsina AMATEUR Hoop \u2013 doubles Junior I1.\u00a0Diana Smyrska &amp; Magdalena Les2.\u00a0Paulovics Liza Effi &amp; Kov\u00e1cs Anita3.\u00a0Neszm\u00e9lyi Luca &amp; Nagy H\u00e9di AMATEUR Hoop \u2013 doubles [&hellip;]<\/p>\n","protected":false},"author":1,"featured_media":0,"parent":0,"menu_order":14,"comment_status":"closed","ping_status":"closed","template":"full-width.php","meta":{"footnotes":""},"class_list":["post-11486","page","type-page","status-publish","hentry"],"yoast_head":"<!-- This site is optimized with the Yoast SEO plugin v26.6 - https:\/\/yoast.com\/wordpress\/plugins\/seo\/ -->\n<title>Results 2022 - Pole &amp; Aerial Art<\/title>\n<meta name=\"robots\" content=\"index, follow, max-snippet:-1, max-image-preview:large, max-video-preview:-1\" \/>\n<link rel=\"canonical\" href=\"https:\/\/poleandaerialart.com\/en\/results-2022\/\" \/>\n<meta property=\"og:locale\" content=\"en_US\" \/>\n<meta property=\"og:type\" content=\"article\" \/>\n<meta property=\"og:title\" content=\"Results 2022 - Pole &amp; Aerial Art\" \/>\n<meta property=\"og:description\" content=\"pole &#038; aerial art Results 2022 AerialArt 11.11.2022 AMATEUR Hoop \u2013 individual Junior I1.\u00a0Mia Sznapka2.\u00a0Magdalena Les3.\u00a0Ol\u00e1h Fruzsina AMATEUR Hoop \u2013 doubles Junior I1.\u00a0Diana Smyrska &amp; Magdalena Les2.\u00a0Paulovics Liza Effi &amp; Kov\u00e1cs Anita3.\u00a0Neszm\u00e9lyi Luca &amp; Nagy H\u00e9di AMATEUR Hoop \u2013 doubles [&hellip;]\" \/>\n<meta property=\"og:url\" content=\"https:\/\/poleandaerialart.com\/en\/results-2022\/\" \/>\n<meta property=\"og:site_name\" content=\"Pole &amp; Aerial Art\" \/>\n<meta property=\"article:modified_time\" content=\"2024-05-06T11:01:22+00:00\" \/>\n<meta property=\"og:image\" content=\"https:\/\/poleandaerialart.com\/wp-content\/uploads\/2021\/11\/Cofi2.jpg\" \/>\n\t<meta property=\"og:image:width\" content=\"640\" \/>\n\t<meta property=\"og:image:height\" content=\"640\" \/>\n\t<meta property=\"og:image:type\" content=\"image\/jpeg\" \/>\n<meta name=\"twitter:card\" content=\"summary_large_image\" \/>\n<meta name=\"twitter:label1\" content=\"Est. reading time\" \/>\n\t<meta name=\"twitter:data1\" content=\"2 minutes\" \/>\n<script type=\"application\/ld+json\" class=\"yoast-schema-graph\">{\"@context\":\"https:\/\/schema.org\",\"@graph\":[{\"@type\":\"WebPage\",\"@id\":\"https:\/\/poleandaerialart.com\/en\/results-2022\/\",\"url\":\"https:\/\/poleandaerialart.com\/en\/results-2022\/\",\"name\":\"Results 2022 - Pole &amp; Aerial Art\",\"isPartOf\":{\"@id\":\" https:\/\/poleandaerialart.com\/#website\"},\"datePublished\":\"2024-05-05T21:14:54+00:00\",\"dateModified\":\"2024-05-06T11:01:22+00:00\",\"breadcrumb\":{\"@id\":\"https:\/\/poleandaerialart.com\/en\/results-2022\/#breadcrumb\"},\"inLanguage\":\"en-US\",\"potentialAction\":[{\"@type\":\"ReadAction\",\"target\":[\"https:\/\/poleandaerialart.com\/en\/results-2022\/\"]}]},{\"@type\":\"BreadcrumbList\",\"@id\":\"https:\/\/poleandaerialart.com\/en\/results-2022\/#breadcrumb\",\"itemListElement\":[{\"@type\":\"ListItem\",\"position\":1,\"name\":\"Home\",\"item\":\"https:\/\/poleandaerialart.com\/\"},{\"@type\":\"ListItem\",\"position\":2,\"name\":\"Results 2022\"}]},{\"@type\":\"WebSite\",\"@id\":\" https:\/\/poleandaerialart.com\/#website\",\"url\":\" https:\/\/poleandaerialart.com\/\",\"name\":\"Pole &amp; Aerial Art\",\"description\":\"\",\"potentialAction\":[{\"@type\":\"SearchAction\",\"target\":{\"@type\":\"EntryPoint\",\"urlTemplate\":\" https:\/\/poleandaerialart.com\/?s={search_term_string}\"},\"query-input\":{\"@type\":\"PropertyValueSpecification\",\"valueRequired\":true,\"valueName\":\"search_term_string\"}}],\"inLanguage\":\"en-US\"}]}<\/script>\n<!-- \/ Yoast SEO plugin. -->","yoast_head_json":{"title":"Results 2022 - Pole &amp; Aerial Art","robots":{"index":"index","follow":"follow","max-snippet":"max-snippet:-1","max-image-preview":"max-image-preview:large","max-video-preview":"max-video-preview:-1"},"canonical":"https:\/\/poleandaerialart.com\/en\/results-2022\/","og_locale":"en_US","og_type":"article","og_title":"Results 2022 - Pole &amp; Aerial Art","og_description":"pole &#038; aerial art Results 2022 AerialArt 11.11.2022 AMATEUR Hoop \u2013 individual Junior I1.\u00a0Mia Sznapka2.\u00a0Magdalena Les3.\u00a0Ol\u00e1h Fruzsina AMATEUR Hoop \u2013 doubles Junior I1.\u00a0Diana Smyrska &amp; Magdalena Les2.\u00a0Paulovics Liza Effi &amp; Kov\u00e1cs Anita3.\u00a0Neszm\u00e9lyi Luca &amp; Nagy H\u00e9di AMATEUR Hoop \u2013 doubles [&hellip;]","og_url":"https:\/\/poleandaerialart.com\/en\/results-2022\/","og_site_name":"Pole &amp; Aerial Art","article_modified_time":"2024-05-06T11:01:22+00:00","og_image":[{"width":640,"height":640,"url":"https:\/\/poleandaerialart.com\/wp-content\/uploads\/2021\/11\/Cofi2.jpg","type":"image\/jpeg"}],"twitter_card":"summary_large_image","twitter_misc":{"Est. reading time":"2 minutes"},"schema":{"@context":"https:\/\/schema.org","@graph":[{"@type":"WebPage","@id":"https:\/\/poleandaerialart.com\/en\/results-2022\/","url":"https:\/\/poleandaerialart.com\/en\/results-2022\/","name":"Results 2022 - Pole &amp; Aerial Art","isPartOf":{"@id":" https:\/\/poleandaerialart.com\/#website"},"datePublished":"2024-05-05T21:14:54+00:00","dateModified":"2024-05-06T11:01:22+00:00","breadcrumb":{"@id":"https:\/\/poleandaerialart.com\/en\/results-2022\/#breadcrumb"},"inLanguage":"en-US","potentialAction":[{"@type":"ReadAction","target":["https:\/\/poleandaerialart.com\/en\/results-2022\/"]}]},{"@type":"BreadcrumbList","@id":"https:\/\/poleandaerialart.com\/en\/results-2022\/#breadcrumb","itemListElement":[{"@type":"ListItem","position":1,"name":"Home","item":"https:\/\/poleandaerialart.com\/"},{"@type":"ListItem","position":2,"name":"Results 2022"}]},{"@type":"WebSite","@id":" https:\/\/poleandaerialart.com\/#website","url":" https:\/\/poleandaerialart.com\/","name":"Pole &amp; Aerial Art","description":"","potentialAction":[{"@type":"SearchAction","target":{"@type":"EntryPoint","urlTemplate":" https:\/\/poleandaerialart.com\/?s={search_term_string}"},"query-input":{"@type":"PropertyValueSpecification","valueRequired":true,"valueName":"search_term_string"}}],"inLanguage":"en-US"}]}},"_links":{"self":[{"href":"https:\/\/poleandaerialart.com\/en\/wp-json\/wp\/v2\/pages\/11486","targetHints":{"allow":["GET"]}}],"collection":[{"href":"https:\/\/poleandaerialart.com\/en\/wp-json\/wp\/v2\/pages"}],"about":[{"href":"https:\/\/poleandaerialart.com\/en\/wp-json\/wp\/v2\/types\/page"}],"author":[{"embeddable":true,"href":"https:\/\/poleandaerialart.com\/en\/wp-json\/wp\/v2\/users\/1"}],"replies":[{"embeddable":true,"href":"https:\/\/poleandaerialart.com\/en\/wp-json\/wp\/v2\/comments?post=11486"}],"version-history":[{"count":5,"href":"https:\/\/poleandaerialart.com\/en\/wp-json\/wp\/v2\/pages\/11486\/revisions"}],"predecessor-version":[{"id":11516,"href":"https:\/\/poleandaerialart.com\/en\/wp-json\/wp\/v2\/pages\/11486\/revisions\/11516"}],"wp:attachment":[{"href":"https:\/\/poleandaerialart.com\/en\/wp-json\/wp\/v2\/media?parent=11486"}],"curies":[{"name":"wp","href":"https:\/\/api.w.org\/{rel}","templated":true}]}}