{"id":11473,"date":"2024-05-05T23:13:11","date_gmt":"2024-05-05T21:13:11","guid":{"rendered":"https:\/\/poleandaerialart.com\/eredmenyek-2021\/"},"modified":"2024-05-06T13:00:09","modified_gmt":"2024-05-06T11:00:09","slug":"eredmenyek-2021","status":"publish","type":"page","link":"https:\/\/poleandaerialart.com\/en\/eredmenyek-2021\/","title":{"rendered":"Results 2021"},"content":{"rendered":"\t\t<div data-elementor-type=\"wp-page\" data-elementor-id=\"11473\" class=\"elementor elementor-11473 elementor-10969\" data-elementor-post-type=\"page\">\n\t\t\t\t<div class=\"elementor-element elementor-element-9c02840 e-flex e-con-boxed e-con e-parent\" data-id=\"9c02840\" data-element_type=\"container\">\n\t\t\t\t\t<div class=\"e-con-inner\">\n\t\t\t\t<div class=\"elementor-element elementor-element-0b7d7c7 elementor-widget elementor-widget-heading\" data-id=\"0b7d7c7\" data-element_type=\"widget\" data-widget_type=\"heading.default\">\n\t\t\t\t<div class=\"elementor-widget-container\">\n\t\t\t\t\t<span class=\"elementor-heading-title elementor-size-default\">pole &amp; aerial art<\/span>\t\t\t\t<\/div>\n\t\t\t\t<\/div>\n\t\t\t\t<div class=\"elementor-element elementor-element-7654518 elementor-widget elementor-widget-heading\" data-id=\"7654518\" data-element_type=\"widget\" data-widget_type=\"heading.default\">\n\t\t\t\t<div class=\"elementor-widget-container\">\n\t\t\t\t\t<h2 class=\"elementor-heading-title elementor-size-default\">Results 2021<\/h2>\t\t\t\t<\/div>\n\t\t\t\t<\/div>\n\t\t\t\t<div class=\"elementor-element elementor-element-2fe58f9 elementor-widget-divider--view-line elementor-widget elementor-widget-divider\" data-id=\"2fe58f9\" data-element_type=\"widget\" data-widget_type=\"divider.default\">\n\t\t\t\t<div class=\"elementor-widget-container\">\n\t\t\t\t\t\t\t<div class=\"elementor-divider\">\n\t\t\t<span class=\"elementor-divider-separator\">\n\t\t\t\t\t\t<\/span>\n\t\t<\/div>\n\t\t\t\t\t\t<\/div>\n\t\t\t\t<\/div>\n\t\t\t\t\t<\/div>\n\t\t\t\t<\/div>\n\t\t<div class=\"elementor-element elementor-element-b3bc091 e-flex e-con-boxed e-con e-parent\" data-id=\"b3bc091\" data-element_type=\"container\">\n\t\t\t\t\t<div class=\"e-con-inner\">\n\t\t<div class=\"elementor-element elementor-element-4daaa2e e-con-full e-flex e-con e-child\" data-id=\"4daaa2e\" data-element_type=\"container\">\n\t\t\t\t<div class=\"elementor-element elementor-element-4bbc0f4 elementor-widget elementor-widget-text-editor\" data-id=\"4bbc0f4\" data-element_type=\"widget\" data-widget_type=\"text-editor.default\">\n\t\t\t\t<div class=\"elementor-widget-container\">\n\t\t\t\t\t\t\t\t\t<h3>AerialArt<\/h3><p>Results<\/p><p><b>Amat\u0151r Junior I. Karika<\/b><br \/>1. Paulovics Liza Effi <strong>76,33<\/strong><br \/>2. Kiss Blanka <strong>74<\/strong><br \/>3. D\u00e1vid Szonja <strong>71,66<\/strong><strong><br \/><\/strong>Kov\u00e1cs Anita <strong>68,32<br \/><\/strong>Moh\u00e1csi Helga <strong>67,32<\/strong><\/p><p><b>Amat\u0151r Junior II. Karika<br \/><\/b>1. Gera T\u00edmea <strong>78<\/strong><br \/>2. Sohonyai Fanni <strong>60,99<\/strong><\/p><p><b>Amat\u0151r Feln\u0151tt Karika<\/b><br \/>1. Nzala Fanni <strong>83,66<br \/><\/strong>2. K\u00fcrti Regina <strong>81,66<br \/><\/strong><\/p><p><b>Amat\u0151r Junior I. Silk<br \/><\/b>1. \u00d3n\u00f3di Rebeka <strong>65,66<br \/><\/strong>2. Loosen Kamilla <strong>65<br \/><\/strong><\/p><p><b>Amat\u0151r Feln\u0151tt Silk<br \/><\/b>1. Koska Melinda <strong>83,5<\/strong><\/p><p><b>Profi Junior I. Karika<\/b><br \/>1. <span data-sheets-value=\"{&quot;1&quot;:2,&quot;2&quot;:&quot;Czajlik Bori Blanka&quot;}\" data-sheets-userformat=\"{&quot;2&quot;:14977,&quot;3&quot;:{&quot;1&quot;:0},&quot;10&quot;:1,&quot;12&quot;:0,&quot;14&quot;:{&quot;1&quot;:3,&quot;3&quot;:1},&quot;15&quot;:&quot;Book Antiqua&quot;,&quot;16&quot;:10}\">Czajlik Bori Blanka <\/span> <strong>85,33<\/strong><br \/><span data-sheets-value=\"{&quot;1&quot;:2,&quot;2&quot;:&quot;Czajlik Bori Blanka&quot;}\" data-sheets-userformat=\"{&quot;2&quot;:14977,&quot;3&quot;:{&quot;1&quot;:0},&quot;10&quot;:1,&quot;12&quot;:0,&quot;14&quot;:{&quot;1&quot;:3,&quot;3&quot;:1},&quot;15&quot;:&quot;Book Antiqua&quot;,&quot;16&quot;:10}\">2. Moln\u00e1r Cintia <strong>83,99<br \/><\/strong><\/span>3. Szab\u00f3 Kira Vivien <strong>81,49<\/strong><\/p><p><b>Profi Junior II. Karika<\/b><br \/>1. Szender\u00e1k Petra <strong>94,49<\/strong><br \/>2. M\u00e1ty\u00e1s Panna <strong>94,16<\/strong><br \/>3. D\u00f6rnyei Hanga Dorka <strong>92,16<br \/><\/strong>Novothny Gr\u00e9ti <strong>88,99<br \/><\/strong>Somogyi Laura Iring\u00f3 <strong>87<br \/><\/strong>Varga Henrietta Julianna <strong>0<br \/><\/strong><\/p><p><b>Profi Junior II. Karika Du\u00f3<\/b><br \/>1. Szender\u00e1k D\u00f3ra &amp; Szender\u00e1k Petra <strong>136,16<\/strong><br \/>2. Giret Minka &amp; Herdinand R\u00e9ka <strong>129,48<\/strong><br \/>3. Somogyi Laura Iring\u00f3 &amp; Moln\u00e1r Cintia <strong>126,99<\/strong><strong><br \/><\/strong>M\u00e1ty\u00e1s Dorka &amp; M\u00e1ty\u00e1s Panna <strong>119,49<br \/><\/strong>Novothny Gr\u00e9ti &amp; M\u00e9sz\u00e1ros Maja Manna <strong>119,16<\/strong><br \/>Szab\u00f3 S\u00e1ra &amp; Balogh Szonja <strong>114,65<\/strong><\/p><p><b>Profi Junior I. Silk<\/b><br \/>1. Bene R\u00e9ka Vikt\u00f3ria <strong>95,49<br \/><\/strong>2. B\u00e9k\u00e9si Luca <strong>75,16<br \/><\/strong><\/p><p><b>Profi Junior II. Silk<br \/><\/b>1. L\u00e1szl\u00f3 Anna <strong>81,16<\/strong><\/p><p><b>Profi Feln\u0151tt Karika<br \/>1. <\/b>Bartos Let\u00edcia <b><strong>81,99<br \/><\/strong><\/b>2. Kov\u00e1cs Petra <b><strong>84,33<br \/><\/strong><\/b>3. Horv\u00e1th Zs\u00f3fia Fl\u00f3ra <b><strong>78,66<br \/><\/strong><\/b>Dobos Krisztina <b><strong>77,83<\/strong><br \/><\/b>K\u00fcrti Varinia <strong>69<\/strong><\/p><p><b>Profi Szenior Karika<br \/><\/b>1. Csejtei Andrea <strong>86,5<\/strong><br \/>2. Gy\u0151rffy Viola <strong>84,49<\/strong><\/p><p><b>Profi Feln\u0151tt Silk<br \/><\/b>1. Vit\u00e1nyi Anna <strong>77,49<\/strong><\/p><p><b>Amat\u0151r Junior I. Hammock<br \/><\/b>1. Szenczy Laura Alexandra <strong>77,83<\/strong><br \/>2. Szalai Bori <strong>67,83<\/strong><\/p><p><b>Profi\u00a0 Junior II. Hammock<br \/><\/b>1. Szender\u00e1k D\u00f3ra <strong>92,32<\/strong><\/p><p><strong>Amat\u0151r Feln\u0151tt Hammock<\/strong><br \/>1. Lipcsei Emese <strong>70,16<\/strong><\/p><p><b>Amat\u0151r Junior I. Freestyle<br \/><\/b>1. Stelli-Kis Karolina (gurtni)<strong> 99,66<\/strong><\/p><p><strong>Technikai k\u00fcl\u00f6nd\u00edj<br \/>Pandurics Dzsenifer M\u00f3nika &#8211; Profi Junior II. R\u00fadM\u0171v\u00e9szet<br \/><\/strong><\/p><p><strong><b>El\u0151ad\u00f3m\u0171v\u00e9szeti k\u00fcl\u00f6nd\u00edj<\/b><br \/>Sz\u00e9kely Zs\u00f3fia &#8211; <\/strong><strong>Profi Junior II. R\u00fadM\u0171v\u00e9szet<\/strong><\/p><p><strong>Abszol\u00fat gy\u0151ztes<br \/>Stelli-Kis Karolina &#8211; Amat\u0151r Junior I. Freestyle (gurtni)<\/strong><\/p>\t\t\t\t\t\t\t\t<\/div>\n\t\t\t\t<\/div>\n\t\t\t\t<\/div>\n\t\t<div class=\"elementor-element elementor-element-161db79 e-con-full e-flex e-con e-child\" data-id=\"161db79\" data-element_type=\"container\">\n\t\t\t\t<div class=\"elementor-element elementor-element-21ce7c7 elementor-widget elementor-widget-text-editor\" data-id=\"21ce7c7\" data-element_type=\"widget\" data-widget_type=\"text-editor.default\">\n\t\t\t\t<div class=\"elementor-widget-container\">\n\t\t\t\t\t\t\t\t\t<h3>PoleArt<\/h3><p>Results<\/p><p><b>Amat\u0151r Junior I.<br \/><\/b>1. Kundra Fl\u00f3ra Natasa <strong>75,16<\/strong><br \/>2. Gyebn\u00e1r Nikoletta <strong>72,49<\/strong><br \/>3. B\u00edr\u00f3 Dorottya <strong>71,16<\/strong><br \/>Guzmics Kiara <strong>69,52<\/strong><br \/>Rozm\u00e1n-Juh\u00e1sz Maja <strong>67,66<\/strong><br \/>K\u00f6cski R\u00e9ka M\u00e1lna <strong>67,50<\/strong><\/p><p><b>Amat\u0151r Junior II.<br \/><\/b>1. Meronka Mira <strong>85,66<\/strong><br \/>2. Neisz Dorina <strong>70,16<\/strong><\/p><p><b>Amat\u0151r Junior II. Du\u00f3<br \/><\/b>1. Keresztes Laura &amp; Keresztes Bianka <strong>102,65<\/strong><\/p><p><b>Amat\u0151r Feln\u0151tt<br \/>1. T\u00f3th Katalin <strong>85,16<\/strong><br \/>2. Tatai Em\u0151ke <strong>84,33<\/strong><br \/><\/b>3. Gregor Deb\u00f3ra Benedetta <strong>76,00<\/strong><br \/>N\u00e9meth Tavasz Brigitta <strong>75,66<\/strong><br \/>Kov\u00e1cs Jozefina <strong>52,50<\/strong><br \/>B\u00e1lint Zs\u00f3fia <strong>53,00<\/strong><\/p><p><strong>Profi Junior I.<br \/><\/strong>1. T\u00f3th No\u00e9mi <strong>89,66<\/strong><br \/>2. Balogh Luca Panna <strong>88,83<\/strong><br \/>3. Tokaji Fruzsina <strong>82,83<\/strong><br \/>Karasszon Luca <strong>76,16<\/strong><br \/>P\u00e1lfi Emma <strong>70,99<\/strong><br \/>Sz\u0151czei-Kis Kincs\u0151 <strong>64,99<\/strong><\/p><p><strong>Profi Junior II.<br \/><\/strong>1. Pandurics Dzsenifer M\u00f3nika <strong>99,66<\/strong><br \/>2. Sz\u00e9kely Zs\u00f3fia <strong>98,33<\/strong><br \/>3. T\u00f6reky Vanda <strong>95,32<\/strong><\/p><p><strong>Profi Feln\u0151tt<br \/>1. V\u00e1radi Orsolya N\u00f3ra 96,66<br \/>2. Kardos-K\u0151v\u00e1g\u00f3 Henrietta 93,99<br \/>3. Szigeti Zita 93,83<br \/><\/strong>Ka\u00e1ri Tamara <strong>83,82<\/strong><br \/>Bakos Eszter <strong>75,49<\/strong><br \/>Arany Vir\u00e1g <strong>59,33<\/strong><strong><br \/><\/strong><\/p><p><strong>Profi Szenior<br \/><\/strong>1. Goda Attila <strong>79,49<\/strong><\/p><p><strong>Profi Szenior Du\u00f3<br \/>1. Adams Petra &amp; Adams Nanda 90,49<br \/><\/strong><\/p><p><strong>GEA <\/strong>(Glamour and Exotic Art) <strong>Amat\u0151r<br \/><\/strong>2. Khaidarova Kseniia <strong>74,32<\/strong><br \/>1. Berecz Adrienn <strong>89,83<\/strong><\/p><p><strong>GEA Profi<br \/><\/strong><strong>1. Holler-R\u00e1cz Barbara 98,66<br \/>2. Soulat Antoine 96,66<br \/>3. Forg\u00e1cs Anita 90,99<br \/>Gy\u00f6ngy\u00f6si Fanni 88,16<br \/>Henter Anik\u00f3 86,50<br \/><\/strong><\/p><p><strong>SZAT<\/strong> (Szabad Alkot\u00f3 T\u00e9r)<br \/>Kov\u00e1cs Rebeka Eszter<br \/>Varga Brigitta<br \/>Litkei Dorottya<\/p>\t\t\t\t\t\t\t\t<\/div>\n\t\t\t\t<\/div>\n\t\t\t\t<\/div>\n\t\t\t\t\t<\/div>\n\t\t\t\t<\/div>\n\t\t\t\t<\/div>\n\t\t","protected":false},"excerpt":{"rendered":"<p>pole &#038; aerial art Results 2021 AerialArt Results Amat\u0151r Junior I. Karika1. Paulovics Liza Effi 76,332. Kiss Blanka 743. D\u00e1vid Szonja 71,66Kov\u00e1cs Anita 68,32Moh\u00e1csi Helga 67,32 Amat\u0151r Junior II. Karika1. Gera T\u00edmea 782. Sohonyai Fanni 60,99 Amat\u0151r Feln\u0151tt Karika1. Nzala [&hellip;]<\/p>\n","protected":false},"author":1,"featured_media":0,"parent":0,"menu_order":14,"comment_status":"closed","ping_status":"closed","template":"full-width.php","meta":{"footnotes":""},"class_list":["post-11473","page","type-page","status-publish","hentry"],"yoast_head":"<!-- This site is optimized with the Yoast SEO plugin v26.6 - https:\/\/yoast.com\/wordpress\/plugins\/seo\/ -->\n<title>Results 2021 - Pole &amp; Aerial Art<\/title>\n<meta name=\"robots\" content=\"index, follow, max-snippet:-1, max-image-preview:large, max-video-preview:-1\" \/>\n<link rel=\"canonical\" href=\"https:\/\/poleandaerialart.com\/en\/eredmenyek-2021\/\" \/>\n<meta property=\"og:locale\" content=\"en_US\" \/>\n<meta property=\"og:type\" content=\"article\" \/>\n<meta property=\"og:title\" content=\"Results 2021 - Pole &amp; Aerial Art\" \/>\n<meta property=\"og:description\" content=\"pole &#038; aerial art Results 2021 AerialArt Results Amat\u0151r Junior I. Karika1. Paulovics Liza Effi 76,332. Kiss Blanka 743. D\u00e1vid Szonja 71,66Kov\u00e1cs Anita 68,32Moh\u00e1csi Helga 67,32 Amat\u0151r Junior II. Karika1. Gera T\u00edmea 782. Sohonyai Fanni 60,99 Amat\u0151r Feln\u0151tt Karika1. Nzala [&hellip;]\" \/>\n<meta property=\"og:url\" content=\"https:\/\/poleandaerialart.com\/en\/eredmenyek-2021\/\" \/>\n<meta property=\"og:site_name\" content=\"Pole &amp; Aerial Art\" \/>\n<meta property=\"article:modified_time\" content=\"2024-05-06T11:00:09+00:00\" \/>\n<meta property=\"og:image\" content=\"https:\/\/poleandaerialart.com\/wp-content\/uploads\/2021\/11\/Cofi2.jpg\" \/>\n\t<meta property=\"og:image:width\" content=\"640\" \/>\n\t<meta property=\"og:image:height\" content=\"640\" \/>\n\t<meta property=\"og:image:type\" content=\"image\/jpeg\" \/>\n<meta name=\"twitter:card\" content=\"summary_large_image\" \/>\n<meta name=\"twitter:label1\" content=\"Est. reading time\" \/>\n\t<meta name=\"twitter:data1\" content=\"2 minutes\" \/>\n<script type=\"application\/ld+json\" class=\"yoast-schema-graph\">{\"@context\":\"https:\/\/schema.org\",\"@graph\":[{\"@type\":\"WebPage\",\"@id\":\"https:\/\/poleandaerialart.com\/en\/eredmenyek-2021\/\",\"url\":\"https:\/\/poleandaerialart.com\/en\/eredmenyek-2021\/\",\"name\":\"Results 2021 - Pole &amp; Aerial Art\",\"isPartOf\":{\"@id\":\" https:\/\/poleandaerialart.com\/#website\"},\"datePublished\":\"2024-05-05T21:13:11+00:00\",\"dateModified\":\"2024-05-06T11:00:09+00:00\",\"breadcrumb\":{\"@id\":\"https:\/\/poleandaerialart.com\/en\/eredmenyek-2021\/#breadcrumb\"},\"inLanguage\":\"en-US\",\"potentialAction\":[{\"@type\":\"ReadAction\",\"target\":[\"https:\/\/poleandaerialart.com\/en\/eredmenyek-2021\/\"]}]},{\"@type\":\"BreadcrumbList\",\"@id\":\"https:\/\/poleandaerialart.com\/en\/eredmenyek-2021\/#breadcrumb\",\"itemListElement\":[{\"@type\":\"ListItem\",\"position\":1,\"name\":\"Home\",\"item\":\"https:\/\/poleandaerialart.com\/\"},{\"@type\":\"ListItem\",\"position\":2,\"name\":\"Results 2021\"}]},{\"@type\":\"WebSite\",\"@id\":\" https:\/\/poleandaerialart.com\/#website\",\"url\":\" https:\/\/poleandaerialart.com\/\",\"name\":\"Pole &amp; Aerial Art\",\"description\":\"\",\"potentialAction\":[{\"@type\":\"SearchAction\",\"target\":{\"@type\":\"EntryPoint\",\"urlTemplate\":\" https:\/\/poleandaerialart.com\/?s={search_term_string}\"},\"query-input\":{\"@type\":\"PropertyValueSpecification\",\"valueRequired\":true,\"valueName\":\"search_term_string\"}}],\"inLanguage\":\"en-US\"}]}<\/script>\n<!-- \/ Yoast SEO plugin. -->","yoast_head_json":{"title":"Results 2021 - Pole &amp; Aerial Art","robots":{"index":"index","follow":"follow","max-snippet":"max-snippet:-1","max-image-preview":"max-image-preview:large","max-video-preview":"max-video-preview:-1"},"canonical":"https:\/\/poleandaerialart.com\/en\/eredmenyek-2021\/","og_locale":"en_US","og_type":"article","og_title":"Results 2021 - Pole &amp; Aerial Art","og_description":"pole &#038; aerial art Results 2021 AerialArt Results Amat\u0151r Junior I. Karika1. Paulovics Liza Effi 76,332. Kiss Blanka 743. D\u00e1vid Szonja 71,66Kov\u00e1cs Anita 68,32Moh\u00e1csi Helga 67,32 Amat\u0151r Junior II. Karika1. Gera T\u00edmea 782. Sohonyai Fanni 60,99 Amat\u0151r Feln\u0151tt Karika1. Nzala [&hellip;]","og_url":"https:\/\/poleandaerialart.com\/en\/eredmenyek-2021\/","og_site_name":"Pole &amp; Aerial Art","article_modified_time":"2024-05-06T11:00:09+00:00","og_image":[{"width":640,"height":640,"url":"https:\/\/poleandaerialart.com\/wp-content\/uploads\/2021\/11\/Cofi2.jpg","type":"image\/jpeg"}],"twitter_card":"summary_large_image","twitter_misc":{"Est. reading time":"2 minutes"},"schema":{"@context":"https:\/\/schema.org","@graph":[{"@type":"WebPage","@id":"https:\/\/poleandaerialart.com\/en\/eredmenyek-2021\/","url":"https:\/\/poleandaerialart.com\/en\/eredmenyek-2021\/","name":"Results 2021 - Pole &amp; Aerial Art","isPartOf":{"@id":" https:\/\/poleandaerialart.com\/#website"},"datePublished":"2024-05-05T21:13:11+00:00","dateModified":"2024-05-06T11:00:09+00:00","breadcrumb":{"@id":"https:\/\/poleandaerialart.com\/en\/eredmenyek-2021\/#breadcrumb"},"inLanguage":"en-US","potentialAction":[{"@type":"ReadAction","target":["https:\/\/poleandaerialart.com\/en\/eredmenyek-2021\/"]}]},{"@type":"BreadcrumbList","@id":"https:\/\/poleandaerialart.com\/en\/eredmenyek-2021\/#breadcrumb","itemListElement":[{"@type":"ListItem","position":1,"name":"Home","item":"https:\/\/poleandaerialart.com\/"},{"@type":"ListItem","position":2,"name":"Results 2021"}]},{"@type":"WebSite","@id":" https:\/\/poleandaerialart.com\/#website","url":" https:\/\/poleandaerialart.com\/","name":"Pole &amp; Aerial Art","description":"","potentialAction":[{"@type":"SearchAction","target":{"@type":"EntryPoint","urlTemplate":" https:\/\/poleandaerialart.com\/?s={search_term_string}"},"query-input":{"@type":"PropertyValueSpecification","valueRequired":true,"valueName":"search_term_string"}}],"inLanguage":"en-US"}]}},"_links":{"self":[{"href":"https:\/\/poleandaerialart.com\/en\/wp-json\/wp\/v2\/pages\/11473","targetHints":{"allow":["GET"]}}],"collection":[{"href":"https:\/\/poleandaerialart.com\/en\/wp-json\/wp\/v2\/pages"}],"about":[{"href":"https:\/\/poleandaerialart.com\/en\/wp-json\/wp\/v2\/types\/page"}],"author":[{"embeddable":true,"href":"https:\/\/poleandaerialart.com\/en\/wp-json\/wp\/v2\/users\/1"}],"replies":[{"embeddable":true,"href":"https:\/\/poleandaerialart.com\/en\/wp-json\/wp\/v2\/comments?post=11473"}],"version-history":[{"count":5,"href":"https:\/\/poleandaerialart.com\/en\/wp-json\/wp\/v2\/pages\/11473\/revisions"}],"predecessor-version":[{"id":11513,"href":"https:\/\/poleandaerialart.com\/en\/wp-json\/wp\/v2\/pages\/11473\/revisions\/11513"}],"wp:attachment":[{"href":"https:\/\/poleandaerialart.com\/en\/wp-json\/wp\/v2\/media?parent=11473"}],"curies":[{"name":"wp","href":"https:\/\/api.w.org\/{rel}","templated":true}]}}