{"id":11411,"date":"2018-04-24T14:23:15","date_gmt":"2018-04-24T12:23:15","guid":{"rendered":"https:\/\/poleandaerialart.com\/kapcsolat\/"},"modified":"2024-05-06T12:28:54","modified_gmt":"2024-05-06T10:28:54","slug":"contact","status":"publish","type":"page","link":"https:\/\/poleandaerialart.com\/en\/contact\/","title":{"rendered":"Contact"},"content":{"rendered":"\t\t<div data-elementor-type=\"wp-page\" data-elementor-id=\"11411\" class=\"elementor elementor-11411 elementor-374\" data-elementor-post-type=\"page\">\n\t\t\t\t<div class=\"elementor-element elementor-element-74c15b8 e-flex e-con-boxed e-con e-parent\" data-id=\"74c15b8\" data-element_type=\"container\">\n\t\t\t\t\t<div class=\"e-con-inner\">\n\t\t\t\t<div class=\"elementor-element elementor-element-e30232d elementor-widget elementor-widget-heading\" data-id=\"e30232d\" data-element_type=\"widget\" data-widget_type=\"heading.default\">\n\t\t\t\t<div class=\"elementor-widget-container\">\n\t\t\t\t\t<span class=\"elementor-heading-title elementor-size-default\">write to us!<\/span>\t\t\t\t<\/div>\n\t\t\t\t<\/div>\n\t\t\t\t<div class=\"elementor-element elementor-element-312f1e1 elementor-widget elementor-widget-heading\" data-id=\"312f1e1\" data-element_type=\"widget\" data-widget_type=\"heading.default\">\n\t\t\t\t<div class=\"elementor-widget-container\">\n\t\t\t\t\t<h2 class=\"elementor-heading-title elementor-size-default\">Have a question?<\/h2>\t\t\t\t<\/div>\n\t\t\t\t<\/div>\n\t\t\t\t\t<\/div>\n\t\t\t\t<\/div>\n\t\t<div class=\"elementor-element elementor-element-c1b98cb e-flex e-con-boxed e-con e-parent\" data-id=\"c1b98cb\" data-element_type=\"container\">\n\t\t\t\t\t<div class=\"e-con-inner\">\n\t\t\t\t<div class=\"elementor-element elementor-element-eb74b55 elementor-widget__width-initial elementor-widget elementor-widget-shortcode\" data-id=\"eb74b55\" data-element_type=\"widget\" data-widget_type=\"shortcode.default\">\n\t\t\t\t<div class=\"elementor-widget-container\">\n\t\t\t\t\t\t\t<div class=\"elementor-shortcode\">\n<div class=\"wpcf7 no-js\" id=\"wpcf7-f9870-o1\" lang=\"hu-HU\" dir=\"ltr\" data-wpcf7-id=\"9870\">\n<div class=\"screen-reader-response\"><p role=\"status\" aria-live=\"polite\" aria-atomic=\"true\"><\/p> <ul><\/ul><\/div>\n<form action=\"\/en\/wp-json\/wp\/v2\/pages\/11411#wpcf7-f9870-o1\" method=\"post\" class=\"wpcf7-form init\" aria-label=\"Kapcsolatfelv\u00e9teli \u0171rlap\" novalidate=\"novalidate\" data-status=\"init\">\n<fieldset class=\"hidden-fields-container\"><input type=\"hidden\" name=\"_wpcf7\" value=\"9870\" \/><input type=\"hidden\" name=\"_wpcf7_version\" value=\"6.1.4\" \/><input type=\"hidden\" name=\"_wpcf7_locale\" value=\"hu_HU\" \/><input type=\"hidden\" name=\"_wpcf7_unit_tag\" value=\"wpcf7-f9870-o1\" \/><input type=\"hidden\" name=\"_wpcf7_container_post\" value=\"0\" \/><input type=\"hidden\" name=\"_wpcf7_posted_data_hash\" value=\"\" \/>\n<\/fieldset>\n<div class=\"mkdf-grid-row mkdf-grid-small-gutter\">\n\t<div class=\"mkdf-grid-col-6\">\n\t\t<p style=\"text-align: center;\"><br \/>\n<span class=\"wpcf7-form-control-wrap\" data-name=\"nev\"><input size=\"40\" maxlength=\"400\" class=\"wpcf7-form-control wpcf7-text wpcf7-validates-as-required\" aria-required=\"true\" aria-invalid=\"false\" placeholder=\"Name*\" value=\"\" type=\"text\" name=\"nev\" \/><\/span>\n\t\t<\/p>\n\t<\/div>\n\t<div class=\"mkdf-grid-col-6\">\n\t\t<p style=\"text-align: center;\"><br \/>\n<span class=\"wpcf7-form-control-wrap\" data-name=\"emailcim\"><input size=\"40\" maxlength=\"400\" class=\"wpcf7-form-control wpcf7-email wpcf7-validates-as-required wpcf7-text wpcf7-validates-as-email\" aria-required=\"true\" aria-invalid=\"false\" placeholder=\"E-mail*\" value=\"\" type=\"email\" name=\"emailcim\" \/><\/span>\n\t\t<\/p>\n\t<\/div>\n<\/div>\n<div>\n\t<p style=\"text-align: center;\"><br \/>\n<span class=\"wpcf7-form-control-wrap\" data-name=\"uzenet\"><textarea cols=\"40\" rows=\"10\" maxlength=\"2000\" class=\"wpcf7-form-control wpcf7-textarea wpcf7-validates-as-required\" aria-required=\"true\" aria-invalid=\"false\" placeholder=\"Message\" name=\"uzenet\"><\/textarea><\/span>\n\t<\/p>\n<\/div>\n<div>\n\t<p style=\"text-align: left;\"><br \/>\n<span class=\"wpcf7-form-control-wrap\" data-name=\"acceptance\"><span class=\"wpcf7-form-control wpcf7-acceptance\"><span class=\"wpcf7-list-item\"><label><input type=\"checkbox\" name=\"acceptance\" value=\"1\" aria-invalid=\"false\" \/><span class=\"wpcf7-list-item-label\">Please tick to consent to your data being stored in line with the guidelines set out in our <a href=\" https:\/\/poleandaerialart.com\/privacy-policy\" target=\"_blank\">privacy-policy<\/a>.<\/span><\/label><\/span><\/span><\/span>\n\t<\/p>\n<\/div>\n<div>\n\t<p style=\"text-align: center;\"><br \/>\n<button class=\"wpcf7-form-control wpcf7-submit mkdf-btn mkdf-btn-medium mkdf-btn-solid\" type=\"submit\"><span class=\"mkdf-btn-text\">SUBMIT<\/span><\/button>\n\t<\/p>\n<\/div><div class=\"wpcf7-response-output\" aria-hidden=\"true\"><\/div>\n<\/form>\n<\/div>\n<\/div>\n\t\t\t\t\t\t<\/div>\n\t\t\t\t<\/div>\n\t\t\t\t\t<\/div>\n\t\t\t\t<\/div>\n\t\t<div class=\"elementor-element elementor-element-c4e0d24 e-flex e-con-boxed e-con e-parent\" data-id=\"c4e0d24\" data-element_type=\"container\">\n\t\t\t\t\t<div class=\"e-con-inner\">\n\t\t<div class=\"elementor-element elementor-element-81a0306 e-con-full e-flex e-con e-child\" data-id=\"81a0306\" data-element_type=\"container\">\n\t\t\t\t<div class=\"elementor-element elementor-element-6fc3b63 elementor-widget elementor-widget-text-editor\" data-id=\"6fc3b63\" data-element_type=\"widget\" data-widget_type=\"text-editor.default\">\n\t\t\t\t<div class=\"elementor-widget-container\">\n\t\t\t\t\t\t\t\t\t<h4>Location<\/h4><p>UP Rendezv\u00e9nyt\u00e9r<br \/>1042 Budapest, Szent Istv\u00e1n t\u00e9r 13-14.<\/p>\t\t\t\t\t\t\t\t<\/div>\n\t\t\t\t<\/div>\n\t\t\t\t<\/div>\n\t\t<div class=\"elementor-element elementor-element-96a4b0d e-con-full e-flex e-con e-child\" data-id=\"96a4b0d\" data-element_type=\"container\">\n\t\t\t\t<div class=\"elementor-element elementor-element-66bfa24 elementor-widget elementor-widget-text-editor\" data-id=\"66bfa24\" data-element_type=\"widget\" data-widget_type=\"text-editor.default\">\n\t\t\t\t<div class=\"elementor-widget-container\">\n\t\t\t\t\t\t\t\t\t<h4>Facebook<\/h4><p><a href=\"https:\/\/www.facebook.com\/poleandaerialart\" target=\"_blank\" rel=\"noopener\">www.facebook.com\/poleandaerialart<\/a><\/p>\t\t\t\t\t\t\t\t<\/div>\n\t\t\t\t<\/div>\n\t\t\t\t<\/div>\n\t\t<div class=\"elementor-element elementor-element-b89df2c e-con-full e-flex e-con e-child\" data-id=\"b89df2c\" data-element_type=\"container\">\n\t\t\t\t<div class=\"elementor-element elementor-element-173e9fd elementor-widget elementor-widget-text-editor\" data-id=\"173e9fd\" data-element_type=\"widget\" data-widget_type=\"text-editor.default\">\n\t\t\t\t<div class=\"elementor-widget-container\">\n\t\t\t\t\t\t\t\t\t<h4>Instagram<\/h4><p><a href=\"https:\/\/www.instagram.com\/poleandaerialarthungary\/\">https:\/\/www.instagram.com\/poleandaerialarthungary\/<\/a><\/p>\t\t\t\t\t\t\t\t<\/div>\n\t\t\t\t<\/div>\n\t\t\t\t<\/div>\n\t\t\t\t\t<\/div>\n\t\t\t\t<\/div>\n\t\t\t\t<\/div>\n\t\t","protected":false},"excerpt":{"rendered":"<p>write to us! Have a question? Location UP Rendezv\u00e9nyt\u00e9r1042 Budapest, Szent Istv\u00e1n t\u00e9r 13-14. Facebook www.facebook.com\/poleandaerialart Instagram https:\/\/www.instagram.com\/poleandaerialarthungary\/<\/p>\n","protected":false},"author":1,"featured_media":0,"parent":0,"menu_order":12,"comment_status":"closed","ping_status":"closed","template":"full-width.php","meta":{"footnotes":""},"class_list":["post-11411","page","type-page","status-publish","hentry"],"yoast_head":"<!-- This site is optimized with the Yoast SEO plugin v26.6 - https:\/\/yoast.com\/wordpress\/plugins\/seo\/ -->\n<title>Contact - Pole &amp; Aerial Art<\/title>\n<meta name=\"robots\" content=\"index, follow, max-snippet:-1, max-image-preview:large, max-video-preview:-1\" \/>\n<link rel=\"canonical\" href=\"https:\/\/poleandaerialart.com\/en\/contact\/\" \/>\n<meta property=\"og:locale\" content=\"en_US\" \/>\n<meta property=\"og:type\" content=\"article\" \/>\n<meta property=\"og:title\" content=\"Contact - Pole &amp; Aerial Art\" \/>\n<meta property=\"og:description\" content=\"write to us! Have a question? Location UP Rendezv\u00e9nyt\u00e9r1042 Budapest, Szent Istv\u00e1n t\u00e9r 13-14. Facebook www.facebook.com\/poleandaerialart Instagram https:\/\/www.instagram.com\/poleandaerialarthungary\/\" \/>\n<meta property=\"og:url\" content=\"https:\/\/poleandaerialart.com\/en\/contact\/\" \/>\n<meta property=\"og:site_name\" content=\"Pole &amp; Aerial Art\" \/>\n<meta property=\"article:modified_time\" content=\"2024-05-06T10:28:54+00:00\" \/>\n<meta name=\"twitter:card\" content=\"summary_large_image\" \/>\n<meta name=\"twitter:label1\" content=\"Est. reading time\" \/>\n\t<meta name=\"twitter:data1\" content=\"1 minute\" \/>\n<script type=\"application\/ld+json\" class=\"yoast-schema-graph\">{\"@context\":\"https:\/\/schema.org\",\"@graph\":[{\"@type\":\"WebPage\",\"@id\":\"https:\/\/poleandaerialart.com\/en\/contact\/\",\"url\":\"https:\/\/poleandaerialart.com\/en\/contact\/\",\"name\":\"Contact - Pole &amp; Aerial Art\",\"isPartOf\":{\"@id\":\" https:\/\/poleandaerialart.com\/#website\"},\"datePublished\":\"2018-04-24T12:23:15+00:00\",\"dateModified\":\"2024-05-06T10:28:54+00:00\",\"breadcrumb\":{\"@id\":\"https:\/\/poleandaerialart.com\/en\/contact\/#breadcrumb\"},\"inLanguage\":\"en-US\",\"potentialAction\":[{\"@type\":\"ReadAction\",\"target\":[\"https:\/\/poleandaerialart.com\/en\/contact\/\"]}]},{\"@type\":\"BreadcrumbList\",\"@id\":\"https:\/\/poleandaerialart.com\/en\/contact\/#breadcrumb\",\"itemListElement\":[{\"@type\":\"ListItem\",\"position\":1,\"name\":\"Home\",\"item\":\"https:\/\/poleandaerialart.com\/\"},{\"@type\":\"ListItem\",\"position\":2,\"name\":\"Contact\"}]},{\"@type\":\"WebSite\",\"@id\":\" https:\/\/poleandaerialart.com\/#website\",\"url\":\" https:\/\/poleandaerialart.com\/\",\"name\":\"Pole &amp; Aerial Art\",\"description\":\"\",\"potentialAction\":[{\"@type\":\"SearchAction\",\"target\":{\"@type\":\"EntryPoint\",\"urlTemplate\":\" https:\/\/poleandaerialart.com\/?s={search_term_string}\"},\"query-input\":{\"@type\":\"PropertyValueSpecification\",\"valueRequired\":true,\"valueName\":\"search_term_string\"}}],\"inLanguage\":\"en-US\"}]}<\/script>\n<!-- \/ Yoast SEO plugin. -->","yoast_head_json":{"title":"Contact - Pole &amp; Aerial Art","robots":{"index":"index","follow":"follow","max-snippet":"max-snippet:-1","max-image-preview":"max-image-preview:large","max-video-preview":"max-video-preview:-1"},"canonical":"https:\/\/poleandaerialart.com\/en\/contact\/","og_locale":"en_US","og_type":"article","og_title":"Contact - Pole &amp; Aerial Art","og_description":"write to us! Have a question? Location UP Rendezv\u00e9nyt\u00e9r1042 Budapest, Szent Istv\u00e1n t\u00e9r 13-14. Facebook www.facebook.com\/poleandaerialart Instagram https:\/\/www.instagram.com\/poleandaerialarthungary\/","og_url":"https:\/\/poleandaerialart.com\/en\/contact\/","og_site_name":"Pole &amp; Aerial Art","article_modified_time":"2024-05-06T10:28:54+00:00","twitter_card":"summary_large_image","twitter_misc":{"Est. reading time":"1 minute"},"schema":{"@context":"https:\/\/schema.org","@graph":[{"@type":"WebPage","@id":"https:\/\/poleandaerialart.com\/en\/contact\/","url":"https:\/\/poleandaerialart.com\/en\/contact\/","name":"Contact - Pole &amp; Aerial Art","isPartOf":{"@id":" https:\/\/poleandaerialart.com\/#website"},"datePublished":"2018-04-24T12:23:15+00:00","dateModified":"2024-05-06T10:28:54+00:00","breadcrumb":{"@id":"https:\/\/poleandaerialart.com\/en\/contact\/#breadcrumb"},"inLanguage":"en-US","potentialAction":[{"@type":"ReadAction","target":["https:\/\/poleandaerialart.com\/en\/contact\/"]}]},{"@type":"BreadcrumbList","@id":"https:\/\/poleandaerialart.com\/en\/contact\/#breadcrumb","itemListElement":[{"@type":"ListItem","position":1,"name":"Home","item":"https:\/\/poleandaerialart.com\/"},{"@type":"ListItem","position":2,"name":"Contact"}]},{"@type":"WebSite","@id":" https:\/\/poleandaerialart.com\/#website","url":" https:\/\/poleandaerialart.com\/","name":"Pole &amp; Aerial Art","description":"","potentialAction":[{"@type":"SearchAction","target":{"@type":"EntryPoint","urlTemplate":" https:\/\/poleandaerialart.com\/?s={search_term_string}"},"query-input":{"@type":"PropertyValueSpecification","valueRequired":true,"valueName":"search_term_string"}}],"inLanguage":"en-US"}]}},"_links":{"self":[{"href":"https:\/\/poleandaerialart.com\/en\/wp-json\/wp\/v2\/pages\/11411","targetHints":{"allow":["GET"]}}],"collection":[{"href":"https:\/\/poleandaerialart.com\/en\/wp-json\/wp\/v2\/pages"}],"about":[{"href":"https:\/\/poleandaerialart.com\/en\/wp-json\/wp\/v2\/types\/page"}],"author":[{"embeddable":true,"href":"https:\/\/poleandaerialart.com\/en\/wp-json\/wp\/v2\/users\/1"}],"replies":[{"embeddable":true,"href":"https:\/\/poleandaerialart.com\/en\/wp-json\/wp\/v2\/comments?post=11411"}],"version-history":[{"count":4,"href":"https:\/\/poleandaerialart.com\/en\/wp-json\/wp\/v2\/pages\/11411\/revisions"}],"predecessor-version":[{"id":11416,"href":"https:\/\/poleandaerialart.com\/en\/wp-json\/wp\/v2\/pages\/11411\/revisions\/11416"}],"wp:attachment":[{"href":"https:\/\/poleandaerialart.com\/en\/wp-json\/wp\/v2\/media?parent=11411"}],"curies":[{"name":"wp","href":"https:\/\/api.w.org\/{rel}","templated":true}]}}