{"id":11325,"date":"2021-10-24T01:31:29","date_gmt":"2021-10-23T23:31:29","guid":{"rendered":"https:\/\/poleandaerialart.com\/adatkezelesi-tajekoztato\/"},"modified":"2024-07-29T22:12:12","modified_gmt":"2024-07-29T20:12:12","slug":"privacy-policy","status":"publish","type":"page","link":"https:\/\/poleandaerialart.com\/en\/privacy-policy\/","title":{"rendered":"Privacy Policy"},"content":{"rendered":"\t\t<div data-elementor-type=\"wp-page\" data-elementor-id=\"11325\" class=\"elementor elementor-11325 elementor-8475\" data-elementor-post-type=\"page\">\n\t\t\t\t<div class=\"elementor-element elementor-element-555b385 e-flex e-con-boxed e-con e-parent\" data-id=\"555b385\" data-element_type=\"container\" data-e-type=\"container\">\n\t\t\t\t\t<div class=\"e-con-inner\">\n\t\t\t\t<div class=\"elementor-element elementor-element-8376f6c elementor-widget elementor-widget-heading\" data-id=\"8376f6c\" data-element_type=\"widget\" data-e-type=\"widget\" data-widget_type=\"heading.default\">\n\t\t\t\t<div class=\"elementor-widget-container\">\n\t\t\t\t\t<h1 class=\"elementor-heading-title elementor-size-default\">Privacy Policy<\/h1>\t\t\t\t<\/div>\n\t\t\t\t<\/div>\n\t\t\t\t<div class=\"elementor-element elementor-element-c18f129 elementor-widget elementor-widget-text-editor\" data-id=\"c18f129\" data-element_type=\"widget\" data-e-type=\"widget\" data-widget_type=\"text-editor.default\">\n\t\t\t\t<div class=\"elementor-widget-container\">\n\t\t\t\t\t\t\t\t\t<ol><li>Az adatkezel\u00e9si t\u00e1j\u00e9koztat\u00f3 c\u00e9lja<\/li><\/ol><p>Az adatkezel\u00e9si t\u00e1j\u00e9koztat\u00f3 c\u00e9lja, hogy a www.poleanaerialart.com weboldal szolg\u00e1ltat\u00e1sait ig\u00e9nybe vev\u0151k pontos t\u00e1j\u00e9koztat\u00e1st kapjanak arr\u00f3l, hogy szem\u00e9lyes adataikat kik \u00e9s hogyan kezelik \u00e9s haszn\u00e1lj\u00e1k fel, valamint milyen jogaik vannak az adatkezel\u00e9ssel kapcsolatban.2. Adatkezel\u00e9si nyilatkozat<\/p><p>A Szolg\u00e1ltat\u00f3 szolg\u00e1ltat\u00e1sait ig\u00e9nybe vev\u0151 \u00fcgyfelei szem\u00e9lyes adatait bizalmasan, a hat\u00e1lyos jogszab\u00e1lyoknak megfelel\u0151en kezeli, bizalmas jelleg\u00e9t meg\u0151rzi, \u00e9s minden technikai \u00e9s szervez\u00e9si int\u00e9zked\u00e9st megtesz, illet\u0151leg alkalmazza mindazon elj\u00e1r\u00e1sokat \u00e9s szab\u00e1lyokat, amelyek az Eur\u00f3pai Uni\u00f3 \u00c1ltal\u00e1nos Adatv\u00e9delmi Rendelet (679\/2016 sz. rendelet, a tov\u00e1bbiakban: GDPR), az inform\u00e1ci\u00f3s \u00f6nrendelkez\u00e9si jogr\u00f3l \u00e9s az inform\u00e1ci\u00f3szabads\u00e1gr\u00f3l sz\u00f3l\u00f3 2011. \u00e9vi CXII. T\u00f6rv\u00e9ny (a tov\u00e1bbiakban Adatv\u00e9delmi t\u00f6rv\u00e9ny), valamint az erre vonatkoz\u00f3 egy\u00e9b hat\u00e1lyos jogszab\u00e1lyok rendelkez\u00e9seinek val\u00f3 megfelel\u00e9shez sz\u00fcks\u00e9gesek.\u00a0<\/p><ol start=\"2\"><li>Az adatkezel\u0151 adatai<\/li><\/ol><p><b>Paradise T\u00e1ncm\u0171v\u00e9szeti, R\u00fadfitnesz \u00e9s L\u00e9gtorna Akad\u00e9mia Sportegyes\u00fclet<\/b><\/p><p>Sz\u00e9khely: 1125 Budapest, Galg\u00f3czy\u00a0utca 9-11. A \u00e9p. I\/6<\/p><p>Levelez\u00e9si c\u00edm: 1125 Budapest, Galg\u00f3czy\u00a0utca 9-11. A \u00e9p. I\/6<\/p><p>Nyilv\u00e1ntart\u00f3 hat\u00f3s\u00e1g: F\u0151v\u00e1rosi T\u00f6rv\u00e9nysz\u00e9k<\/p><p>Nyilv\u00e1ntart\u00e1si sz\u00e1m: 01-02-0016124<\/p><p>Ad\u00f3sz\u00e1m: 18754546-1-46<\/p><p>E-mail c\u00edm: <a href=\"mailto:info@poleandaerialart.com\">info@poleandaerialart.com<\/a><\/p><p>\u00dcgyf\u00e9lszolg\u00e1lat el\u00e9rhet\u0151s\u00e9gei: <a href=\"mailto:info@poleandaerialart.com\">info@poleandaerialart.com<\/a>, +36703705337<\/p><p>Weboldal: <a href=\"http:\/\/www.poleandaerialart.com\">www.poleandaerialart.com<\/a><\/p><p>T\u00e1rhely szolg\u00e1ltat\u00f3 neve: 23VNet KFT.<\/p><p>T\u00e1rhely szolg\u00e1ltat\u00f3 el\u00e9rhet\u0151s\u00e9ge: 1132 Budapest, Victor Hugo 11. Alfa irodah\u00e1z A2010, Telefon:\u00a0 +36-1-8089886, Email: info@hostit.hu<\/p><p>Adatv\u00e9delmi tisztvisel\u0151je: az adatkezel\u0151 a GDPR 37. cikke alapj\u00e1n adatv\u00e9delmi tisztvisel\u0151 kinevez\u00e9s\u00e9re nem k\u00f6teles<\/p><p>Adatv\u00e9delmi \u00e9s adatkezel\u00e9si k\u00e9rd\u00e9sekben a fentebb megadott el\u00e9rhet\u0151s\u00e9geken van lehet\u0151s\u00e9g t\u00e1j\u00e9koz\u00f3dni.<\/p><p><strong>Adatfeldolgoz\u00e1s:\u00a0<\/strong><\/p><p><b>A szem\u00e9lyes adatok t\u00e1rol\u00e1s\u00e1ra ir\u00e1nyul\u00f3 adatfeldolgoz\u00e1s<\/b><\/p><p>Az adatfeldolgoz\u00f3 megnevez\u00e9se: 23VNet KFT.<\/p><p><strong>Az adatfeldolgoz\u00f3 el\u00e9rhet\u0151s\u00e9gei:<\/strong><\/p><p>Telefonsz\u00e1m: +36-1-8089886<\/p><p>E-mail c\u00edm: info@hostit.hu<\/p><p>Sz\u00e9khely: 1132 Budapest, Visegr\u00e1di u. 47\/b<\/p><p>Weboldal: https:\/\/hostit.hu\/<\/p><p>Az Adatfeldolgoz\u00f3 az Adatkezel\u0151vel k\u00f6t\u00f6tt szerz\u0151d\u00e9s alapj\u00e1n a szem\u00e9lyes adatok t\u00e1rol\u00e1s\u00e1t v\u00e9gzi. A szem\u00e9lyes adatok megismer\u00e9s\u00e9re nem jogosult.<\/p><p><strong>Sz\u00e1ml\u00e1z\u00e1ssal kapcsolatos adatfeldolgoz\u00e1s<\/strong><\/p><p>Az adatfeldolgoz\u00f3 megnevez\u00e9se: szamlazz.hu (BOSS.hu Kft.)<\/p><p>Az adatfeldolgoz\u00f3 sz\u00e9khelye: 1031 Budapest, Z\u00e1hony utca 7\/D.<\/p><p>Az adatfeldolgoz\u00f3 e-mail c\u00edme: info@szamlazz.hu<\/p><p>Az adatfeldolgoz\u00f3 weboldala: www.szamlazz.hu<\/p><p>Az Adatfeldolgoz\u00f3 az Adatkezel\u0151vel k\u00f6t\u00f6tt szerz\u0151d\u00e9s alapj\u00e1n k\u00f6zrem\u0171k\u00f6dik a sz\u00e1mviteli bizonylatok nyilv\u00e1ntart\u00e1s\u00e1ban. Ennek sor\u00e1n az Adatfeldolgoz\u00f3 az \u00e9rintett nev\u00e9t \u00e9s c\u00edm\u00e9t a sz\u00e1mviteli nyilv\u00e1ntart\u00e1shoz sz\u00fcks\u00e9ges m\u00e9rt\u00e9kben, a Sztv. 169. \u00a7 (2) bekezd\u00e9s\u00e9nek megfelel\u0151 id\u0151tartamban kezeli, ezt k\u00f6vet\u0151en t\u00f6rli.<\/p><ol start=\"3\"><li>Adatkezel\u00e9si c\u00e9lok<\/li><\/ol><p>&#8211;\u00a0 A weboldalon meghirdetett szolg\u00e1ltat\u00e1sok ny\u00fajt\u00e1s\u00e1hoz kapcsol\u00f3d\u00f3an a szolg\u00e1ltat\u00e1st ig\u00e9nybe vev\u0151k adatait jogi k\u00f6telezetts\u00e9g teljes\u00edt\u00e9se \u00e9s \u00fcgyf\u00e9lkapcsolat fenntart\u00e1sa c\u00e9lj\u00e1b\u00f3l<\/p><p>&#8211; Marketingtev\u00e9kenys\u00e9g a regisztr\u00e1lt \u00fcgyfelek sz\u00e1m\u00e1ra<\/p><p>&#8211; \u00dcgyfelek megrendel\u00e9seinek a teljes\u00edt\u00e9se<\/p><p>&#8211; Kapcsolattart\u00e1s<\/p><p>&#8211; A hat\u00e1lyos sz\u00e1mviteli szab\u00e1lyoknak megfelel\u0151 sz\u00e1mla ki\u00e1ll\u00edt\u00e1sa<\/p><p>A felsorolt tev\u00e9kenys\u00e9gek jogalapja:\u00a0 A Tulajdonos az al\u00e1bbi esetekben kezelheti a Felhaszn\u00e1l\u00f3 szem\u00e9lyes adatait:<\/p><p>Ha a Felhaszn\u00e1l\u00f3k hozz\u00e1j\u00e1rultak ehhez valamilyen c\u00e9l(ok)ra. Megjegyz\u00e9s: Egyes jogrendszerekben a Tulajdonos mindaddig feldolgozhatja a szem\u00e9lyes adatokat \u2013b\u00e1rmif\u00e9le hozz\u00e1j\u00e1rul\u00e1s vagy egy\u00e9b jogalap n\u00e9lk\u00fcl is \u2013, am\u00edg a Felhaszn\u00e1l\u00f3 meg nem tiltja azt (opt-out). Ez azonban nem vonatkozik arra az esetre, ha az adatkezel\u00e9s az eur\u00f3pai adatv\u00e9delmi t\u00f6rv\u00e9ny hat\u00e1lya al\u00e1 esnek;<\/p><ul><li>ha adatszolg\u00e1ltat\u00e1s sz\u00fcks\u00e9ges a Felhaszn\u00e1l\u00f3val k\u00f6t\u00f6tt meg\u00e1llapod\u00e1s \u00e9s\/vagy a kapcsol\u00f3d\u00f3 el\u0151szerz\u0151d\u00e9ses k\u00f6telezetts\u00e9gek teljes\u00edt\u00e9s\u00e9hez;<\/li><li>ha adatfeldolgoz\u00e1s sz\u00fcks\u00e9ges ahhoz, hogy a Tulajdonos eleget tegyen jogi k\u00f6telezetts\u00e9geinek;<\/li><\/ul><p>A Tulajdonos k\u00e9szs\u00e9ggel ad t\u00e1j\u00e9koztat\u00e1st az adatkezel\u00e9sre vonatkoz\u00f3 konkr\u00e9t jogalapr\u00f3l, k\u00fcl\u00f6n\u00f6sen arr\u00f3l, hogy a szem\u00e9lyes adat megad\u00e1sa k\u00f6telez\u0151 vagy szerz\u0151d\u00e9si felt\u00e9tel-e, vagy hogy a szerz\u0151d\u00e9s megk\u00f6t\u00e9s\u00e9hez sz\u00fcks\u00e9ges felt\u00e9telr\u0151l van-e sz\u00f3.<\/p><ol start=\"4\"><li>Az adatkezel\u00e9s m\u00f3dja: A weboldal tulajdonosa megfelel\u0151 biztons\u00e1gi int\u00e9zked\u00e9seket tesz annak \u00e9rdek\u00e9ben, hogy megakad\u00e1lyozza az adatokhoz val\u00f3 jogosulatlan hozz\u00e1f\u00e9r\u00e9st, azok nyilv\u00e1noss\u00e1gra hoz\u00e1s\u00e1t, m\u00f3dos\u00edt\u00e1s\u00e1t vagy jogosulatlan megsemmis\u00edt\u00e9s\u00fcket. Az adatfeldolgoz\u00e1s sz\u00e1m\u00edt\u00f3g\u00e9pek \u00e9s\/vagy informatikailag t\u00e1mogatott eszk\u00f6z\u00f6k felhaszn\u00e1l\u00e1s\u00e1val t\u00f6rt\u00e9nik a szervezet elj\u00e1r\u00e1srendj\u00e9nek megfelel\u0151en \u00e9s szigor\u00faan a megnevezett c\u00e9lokhoz kapcsol\u00f3d\u00f3an. Sz\u00fcks\u00e9g eset\u00e9n a tulajdonoson k\u00edv\u00fcl m\u00e1s szem\u00e9lyek is hozz\u00e1f\u00e9rhetnek az adatokhoz: p\u00e9ld\u00e1ul a weboldal m\u0171k\u00f6dtet\u00e9s\u00e9ben k\u00f6zrem\u0171k\u00f6d\u0151k (adminisztr\u00e1ci\u00f3, \u00e9rt\u00e9kes\u00edt\u00e9s, marketing, jogi feladatok, rendszer adminisztr\u00e1ci\u00f3), vagy k\u00fcls\u0151 partnerek (p\u00e9ld\u00e1ul harmadik f\u00e9l technikai szolg\u00e1ltat\u00f3 partnerek, lev\u00e9lk\u00fcld\u0151 rendszerek, web t\u00e1rhely szolg\u00e1ltat\u00f3k, IT \u00e9s kommunik\u00e1ci\u00f3s c\u00e9gek), akiket a tulajdonos jel\u00f6l ki Adatfeldolgoz\u00f3nak. A Tulajdonost\u00f3l b\u00e1rmikor elk\u00e9rhet\u0151 az eml\u00edtett felek naprak\u00e9sz list\u00e1ja.<p>A szem\u00e9lyes adatok t\u00e1rol\u00e1sa \u00e9s kezel\u00e9se informatikai eszk\u00f6z\u00f6kkel, a <a href=\"http:\/\/www.poleandaerialart.com\">www.poleandaerialart.com<\/a> weboldal adatb\u00e1zis\u00e1ban t\u00f6rt\u00e9nik.<\/p><\/li><\/ol><ol start=\"5\"><li>Incidenskezel\u00e9s<\/li><\/ol><p>Az adatv\u00e9delmi incidens fogalma: adatv\u00e9delmi incidensnek min\u0151s\u00fcl a biztons\u00e1g olyan s\u00e9r\u00fcl\u00e9se, amely a tov\u00e1bb\u00edtott, t\u00e1rolt vagy m\u00e1s m\u00f3don kezelt szem\u00e9lyes adatok v\u00e9letlen vagy jogellenes megsemmis\u00edt\u00e9s\u00e9t, elveszt\u00e9s\u00e9t, megv\u00e1ltoztat\u00e1s\u00e1t, jogosulatlan k\u00f6zl\u00e9s\u00e9t vagy az azokhoz val\u00f3 jogosulatlan hozz\u00e1f\u00e9r\u00e9st eredm\u00e9nyezi.<\/p><p>Az adatkezel\u0151 int\u00e9zked\u00e9sei incidens \u00e9szlel\u00e9se eset\u00e9n:<\/p><ul><li aria-level=\"1\">az adatv\u00e9delmi incidenst indokolatlan k\u00e9sedelem n\u00e9lk\u00fcl, \u00e9s ha lehets\u00e9ges,\u00a0legk\u00e9s\u0151bb\u00a072 \u00f3r\u00e1val\u00a0a tudom\u00e1sszerz\u00e9st k\u00f6vet\u0151en\u00a0be kell jelenteni az illet\u00e9kes fel\u00fcgyeleti hat\u00f3s\u00e1gn\u00e1l;<\/li><li aria-level=\"1\">ha az adatv\u00e9delmi incidens val\u00f3sz\u00edn\u0171s\u00edthet\u0151en magas kock\u00e1zattal j\u00e1r a term\u00e9szetes szem\u00e9lyek jogaira \u00e9s szabads\u00e1gaira n\u00e9zve, az adatkezel\u0151 indokolatlan k\u00e9sedelem n\u00e9lk\u00fcl t\u00e1j\u00e9koztatja az \u00e9rintettet az adatv\u00e9delmi incidensr\u0151l;<\/li><li aria-level=\"1\">az adatkezel\u0151 nyilv\u00e1ntartja az adatv\u00e9delmi incidenseket.<\/li><\/ul><p>Az \u00e9rintettet\u00a0nem kell az adatv\u00e9delmi incidensr\u0151l\u00a0t\u00e1j\u00e9koztatni, ha<\/p><ul><li aria-level=\"1\">az adatkezel\u0151 megfelel\u0151 technikai \u00e9s szervez\u00e9si v\u00e9delmi int\u00e9zked\u00e9seket hajtott v\u00e9gre, \u00e9s ezeket az int\u00e9zked\u00e9seket az adatv\u00e9delmi incidens \u00e1ltal \u00e9rintett adatok tekintet\u00e9ben alkalmazt\u00e1k\u00a0(k\u00fcl\u00f6n\u00f6sen azokat az int\u00e9zked\u00e9seket \u2013 mint p\u00e9ld\u00e1ul a titkos\u00edt\u00e1s alkalmaz\u00e1sa \u2013, amelyek a szem\u00e9lyes adatokhoz val\u00f3 hozz\u00e1f\u00e9r\u00e9sre fel nem jogos\u00edtott szem\u00e9lyek sz\u00e1m\u00e1ra \u00e9rtelmezhetetlenn\u00e9 teszik az adatokat);<\/li><li aria-level=\"1\">az adatkezel\u0151 az adatv\u00e9delmi incidenst k\u00f6vet\u0151en\u00a0olyan tov\u00e1bbi int\u00e9zked\u00e9seket tett, amelyek biztos\u00edtj\u00e1k, hogy az \u00e9rintett jogaira \u00e9s szabads\u00e1gaira jelentett\u00a0magas kock\u00e1zat a tov\u00e1bbiakban val\u00f3sz\u00edn\u0171s\u00edthet\u0151en nem val\u00f3sul meg;<\/li><li aria-level=\"1\">a t\u00e1j\u00e9koztat\u00e1s ar\u00e1nytalan er\u0151fesz\u00edt\u00e9st tenne sz\u00fcks\u00e9gess\u00e9. (Ilyen esetekben az \u00e9rintetteket nyilv\u00e1nosan k\u00f6zz\u00e9tett inform\u00e1ci\u00f3k \u00fatj\u00e1n kell t\u00e1j\u00e9koztatni, vagy olyan hasonl\u00f3 int\u00e9zked\u00e9st kell hozni, amely biztos\u00edtja az \u00e9rintettek hasonl\u00f3an hat\u00e9kony t\u00e1j\u00e9koztat\u00e1s\u00e1t. Pl. sajt\u00f3k\u00f6zlem\u00e9ny kiad\u00e1sa)<\/li><\/ul><p>Az illet\u00e9kes hat\u00f3s\u00e1g utas\u00edthatja az adatkezel\u0151t, hogy t\u00e1j\u00e9koztassa az \u00e9rintettet az adatv\u00e9delmi incidensr\u0151l (GDPR 58. cikk (2) e) pont).<\/p><ol start=\"6\"><li>Az adatkezel\u00e9s \u00e9rintettjeinek jogai<\/li><\/ol><p>A szem\u00e9lyes adatkezel\u00e9ssel \u00e9rintetteket a jogszab\u00e1lyok alapj\u00e1n az al\u00e1bbi jogok illetik meg:<\/p><ul><li aria-level=\"1\">\u00a0hozz\u00e1f\u00e9r\u00e9si jog (adatok megismer\u00e9se, az a t\u00e9ny, hogy t\u00f6rt\u00e9nik-e adatkezel\u00e9s);<\/li><li aria-level=\"1\">\u00a0kiigaz\u00edt\u00e1s joga (amennyiben egy adat elavult vagy helytelen, ennek kiigaz\u00edt\u00e1sa);<\/li><li aria-level=\"1\">\u00a0t\u00f6rl\u00e9s joga (kiz\u00e1r\u00f3lag a hozz\u00e1j\u00e1rul\u00e1son alapul\u00f3 adatkezel\u00e9s eset\u00e9n);<\/li><li aria-level=\"1\">\u00a0az adat kezel\u00e9s\u00e9nek korl\u00e1toz\u00e1sa;<\/li><li aria-level=\"1\">\u00a0a szem\u00e9lyes adatok direkt marketing c\u00e9lokra val\u00f3 haszn\u00e1lat\u00e1nak megtilt\u00e1sa;<\/li><li aria-level=\"1\">\u00a0szem\u00e9lyes adatok harmadik szem\u00e9ly szolg\u00e1ltat\u00f3 sz\u00e1m\u00e1ra t\u00f6rt\u00e9n\u0151 \u00e1tad\u00e1s\u00e1nak enged\u00e9se, vagy ennek megtilt\u00e1sa;<\/li><li aria-level=\"1\">\u00a0b\u00e1rmely, az adatkezel\u0151 \u00e1ltal kezelt szem\u00e9lyes adatr\u00f3l m\u00e1solat k\u00e9r\u00e9se;<\/li><li aria-level=\"1\">\u00a0tiltakoz\u00e1s a szem\u00e9lyes adat haszn\u00e1lata ellen.<\/li><\/ul><ol start=\"7\"><li>Az \u00e9rintettek jogorvoslati f\u00f3rumai<\/li><\/ol><p>Amennyiben az Adatkezel\u0151 megs\u00e9rtette valamely, az adatkezel\u00e9sre vonatkoz\u00f3 t\u00f6rv\u00e9nyi rendelkez\u00e9st, vagy nem teljes\u00edtette az \u00e9rinett valamely k\u00e9relm\u00e9t, akkor v\u00e9lelmezett jogellenes adatkezel\u00e9s megsz\u00fcntet\u00e9se \u00e9rdek\u00e9ben a Nemzeti Adatv\u00e9delmi \u00e9s Inform\u00e1ci\u00f3szabads\u00e1g Hat\u00f3s\u00e1g vizsg\u00e1lati elj\u00e1r\u00e1s\u00e1t kezdem\u00e9nyezheti (levelez\u00e9si c\u00edm: 1363 Budapest, Pf. 9., e-mail: ugyfelszolgalat@naih.hu, telefonsz\u00e1mok: +36 (30) 683-5969 +36 (30) 549-6838; +36 (1) 391 1400).<\/p><p>T\u00e1j\u00e9koztatjuk emellett arr\u00f3l is, hogy az adatkezel\u00e9sre vonatkoz\u00f3 t\u00f6rv\u00e9nyi rendelkez\u00e9sek megs\u00e9rt\u00e9se eset\u00e9n, vagy ha az Adatkezel\u0151 nem teljes\u00edtette valamely k\u00e9relm\u00e9t, akkor az Adatkezel\u0151vel szemben polg\u00e1ri pert ind\u00edthat b\u00edr\u00f3s\u00e1g el\u0151tt.<\/p><p>Az adatv\u00e9delmi perek az \u00e9rintett v\u00e1laszt\u00e1sa szerint az \u00e9rintett lak\u00f3helye vagy tart\u00f3zkod\u00e1si helye szerinti t\u00f6rv\u00e9nysz\u00e9k el\u0151tt is megind\u00edthat\u00f3k.<\/p>\t\t\t\t\t\t\t\t<\/div>\n\t\t\t\t<\/div>\n\t\t\t\t\t<\/div>\n\t\t\t\t<\/div>\n\t\t\t\t<\/div>\n\t\t","protected":false},"excerpt":{"rendered":"<p>Privacy Policy Az adatkezel\u00e9si t\u00e1j\u00e9koztat\u00f3 c\u00e9lja Az adatkezel\u00e9si t\u00e1j\u00e9koztat\u00f3 c\u00e9lja, hogy a www.poleanaerialart.com weboldal szolg\u00e1ltat\u00e1sait ig\u00e9nybe vev\u0151k pontos t\u00e1j\u00e9koztat\u00e1st kapjanak arr\u00f3l, hogy szem\u00e9lyes adataikat kik \u00e9s hogyan kezelik \u00e9s haszn\u00e1lj\u00e1k fel, valamint milyen jogaik vannak az adatkezel\u00e9ssel kapcsolatban.2. Adatkezel\u00e9si nyilatkozat [&hellip;]<\/p>\n","protected":false},"author":1,"featured_media":0,"parent":0,"menu_order":1,"comment_status":"closed","ping_status":"closed","template":"","meta":{"footnotes":""},"class_list":["post-11325","page","type-page","status-publish","hentry"],"yoast_head":"<!-- This site is optimized with the Yoast SEO plugin v27.4 - https:\/\/yoast.com\/product\/yoast-seo-wordpress\/ -->\n<title>Privacy Policy - Pole &amp; Aerial Art<\/title>\n<meta name=\"robots\" content=\"index, follow, max-snippet:-1, max-image-preview:large, max-video-preview:-1\" \/>\n<link rel=\"canonical\" href=\"https:\/\/poleandaerialart.com\/en\/privacy-policy\/\" \/>\n<meta property=\"og:locale\" content=\"en_US\" \/>\n<meta property=\"og:type\" content=\"article\" \/>\n<meta property=\"og:title\" content=\"Privacy Policy - Pole &amp; Aerial Art\" \/>\n<meta property=\"og:description\" content=\"Privacy Policy Az adatkezel\u00e9si t\u00e1j\u00e9koztat\u00f3 c\u00e9lja Az adatkezel\u00e9si t\u00e1j\u00e9koztat\u00f3 c\u00e9lja, hogy a www.poleanaerialart.com weboldal szolg\u00e1ltat\u00e1sait ig\u00e9nybe vev\u0151k pontos t\u00e1j\u00e9koztat\u00e1st kapjanak arr\u00f3l, hogy szem\u00e9lyes adataikat kik \u00e9s hogyan kezelik \u00e9s haszn\u00e1lj\u00e1k fel, valamint milyen jogaik vannak az adatkezel\u00e9ssel kapcsolatban.2. Adatkezel\u00e9si nyilatkozat [&hellip;]\" \/>\n<meta property=\"og:url\" content=\"https:\/\/poleandaerialart.com\/en\/privacy-policy\/\" \/>\n<meta property=\"og:site_name\" content=\"Pole &amp; Aerial Art\" \/>\n<meta property=\"article:modified_time\" content=\"2024-07-29T20:12:12+00:00\" \/>\n<meta name=\"twitter:card\" content=\"summary_large_image\" \/>\n<meta name=\"twitter:label1\" content=\"Est. reading time\" \/>\n\t<meta name=\"twitter:data1\" content=\"5 minutes\" \/>\n<script type=\"application\/ld+json\" class=\"yoast-schema-graph\">{\"@context\":\"https:\\\/\\\/schema.org\",\"@graph\":[{\"@type\":\"WebPage\",\"@id\":\"https:\\\/\\\/poleandaerialart.com\\\/en\\\/privacy-policy\\\/\",\"url\":\"https:\\\/\\\/poleandaerialart.com\\\/en\\\/privacy-policy\\\/\",\"name\":\"Privacy Policy - Pole &amp; Aerial Art\",\"isPartOf\":{\"@id\":\" https:\\\/\\\/poleandaerialart.com\\\/#website\"},\"datePublished\":\"2021-10-23T23:31:29+00:00\",\"dateModified\":\"2024-07-29T20:12:12+00:00\",\"breadcrumb\":{\"@id\":\"https:\\\/\\\/poleandaerialart.com\\\/en\\\/privacy-policy\\\/#breadcrumb\"},\"inLanguage\":\"en-US\",\"potentialAction\":[{\"@type\":\"ReadAction\",\"target\":[\"https:\\\/\\\/poleandaerialart.com\\\/en\\\/privacy-policy\\\/\"]}]},{\"@type\":\"BreadcrumbList\",\"@id\":\"https:\\\/\\\/poleandaerialart.com\\\/en\\\/privacy-policy\\\/#breadcrumb\",\"itemListElement\":[{\"@type\":\"ListItem\",\"position\":1,\"name\":\"Home\",\"item\":\"https:\\\/\\\/poleandaerialart.com\\\/\"},{\"@type\":\"ListItem\",\"position\":2,\"name\":\"Privacy Policy\"}]},{\"@type\":\"WebSite\",\"@id\":\" https:\\\/\\\/poleandaerialart.com\\\/#website\",\"url\":\" https:\\\/\\\/poleandaerialart.com\\\/\",\"name\":\"Pole &amp; Aerial Art\",\"description\":\"\",\"potentialAction\":[{\"@type\":\"SearchAction\",\"target\":{\"@type\":\"EntryPoint\",\"urlTemplate\":\" https:\\\/\\\/poleandaerialart.com\\\/?s={search_term_string}\"},\"query-input\":{\"@type\":\"PropertyValueSpecification\",\"valueRequired\":true,\"valueName\":\"search_term_string\"}}],\"inLanguage\":\"en-US\"}]}<\/script>\n<!-- \/ Yoast SEO plugin. -->","yoast_head_json":{"title":"Privacy Policy - Pole &amp; Aerial Art","robots":{"index":"index","follow":"follow","max-snippet":"max-snippet:-1","max-image-preview":"max-image-preview:large","max-video-preview":"max-video-preview:-1"},"canonical":"https:\/\/poleandaerialart.com\/en\/privacy-policy\/","og_locale":"en_US","og_type":"article","og_title":"Privacy Policy - Pole &amp; Aerial Art","og_description":"Privacy Policy Az adatkezel\u00e9si t\u00e1j\u00e9koztat\u00f3 c\u00e9lja Az adatkezel\u00e9si t\u00e1j\u00e9koztat\u00f3 c\u00e9lja, hogy a www.poleanaerialart.com weboldal szolg\u00e1ltat\u00e1sait ig\u00e9nybe vev\u0151k pontos t\u00e1j\u00e9koztat\u00e1st kapjanak arr\u00f3l, hogy szem\u00e9lyes adataikat kik \u00e9s hogyan kezelik \u00e9s haszn\u00e1lj\u00e1k fel, valamint milyen jogaik vannak az adatkezel\u00e9ssel kapcsolatban.2. Adatkezel\u00e9si nyilatkozat [&hellip;]","og_url":"https:\/\/poleandaerialart.com\/en\/privacy-policy\/","og_site_name":"Pole &amp; Aerial Art","article_modified_time":"2024-07-29T20:12:12+00:00","twitter_card":"summary_large_image","twitter_misc":{"Est. reading time":"5 minutes"},"schema":{"@context":"https:\/\/schema.org","@graph":[{"@type":"WebPage","@id":"https:\/\/poleandaerialart.com\/en\/privacy-policy\/","url":"https:\/\/poleandaerialart.com\/en\/privacy-policy\/","name":"Privacy Policy - Pole &amp; Aerial Art","isPartOf":{"@id":" https:\/\/poleandaerialart.com\/#website"},"datePublished":"2021-10-23T23:31:29+00:00","dateModified":"2024-07-29T20:12:12+00:00","breadcrumb":{"@id":"https:\/\/poleandaerialart.com\/en\/privacy-policy\/#breadcrumb"},"inLanguage":"en-US","potentialAction":[{"@type":"ReadAction","target":["https:\/\/poleandaerialart.com\/en\/privacy-policy\/"]}]},{"@type":"BreadcrumbList","@id":"https:\/\/poleandaerialart.com\/en\/privacy-policy\/#breadcrumb","itemListElement":[{"@type":"ListItem","position":1,"name":"Home","item":"https:\/\/poleandaerialart.com\/"},{"@type":"ListItem","position":2,"name":"Privacy Policy"}]},{"@type":"WebSite","@id":" https:\/\/poleandaerialart.com\/#website","url":" https:\/\/poleandaerialart.com\/","name":"Pole &amp; Aerial Art","description":"","potentialAction":[{"@type":"SearchAction","target":{"@type":"EntryPoint","urlTemplate":" https:\/\/poleandaerialart.com\/?s={search_term_string}"},"query-input":{"@type":"PropertyValueSpecification","valueRequired":true,"valueName":"search_term_string"}}],"inLanguage":"en-US"}]}},"_links":{"self":[{"href":"https:\/\/poleandaerialart.com\/en\/wp-json\/wp\/v2\/pages\/11325","targetHints":{"allow":["GET"]}}],"collection":[{"href":"https:\/\/poleandaerialart.com\/en\/wp-json\/wp\/v2\/pages"}],"about":[{"href":"https:\/\/poleandaerialart.com\/en\/wp-json\/wp\/v2\/types\/page"}],"author":[{"embeddable":true,"href":"https:\/\/poleandaerialart.com\/en\/wp-json\/wp\/v2\/users\/1"}],"replies":[{"embeddable":true,"href":"https:\/\/poleandaerialart.com\/en\/wp-json\/wp\/v2\/comments?post=11325"}],"version-history":[{"count":5,"href":"https:\/\/poleandaerialart.com\/en\/wp-json\/wp\/v2\/pages\/11325\/revisions"}],"predecessor-version":[{"id":11996,"href":"https:\/\/poleandaerialart.com\/en\/wp-json\/wp\/v2\/pages\/11325\/revisions\/11996"}],"wp:attachment":[{"href":"https:\/\/poleandaerialart.com\/en\/wp-json\/wp\/v2\/media?parent=11325"}],"curies":[{"name":"wp","href":"https:\/\/api.w.org\/{rel}","templated":true}]}}